{"id":737620,"date":"2025-08-27T23:32:18","date_gmt":"2025-08-27T20:32:18","guid":{"rendered":"https:\/\/roveyayinevi.com.tr\/index.php\/urun\/kafkas-yollarinda\/"},"modified":"2026-04-16T02:47:00","modified_gmt":"2026-04-15T23:47:00","slug":"kafkas-yollarinda","status":"publish","type":"product","link":"https:\/\/roveyayinevi.com.tr\/index.php\/urun\/kafkas-yollarinda\/","title":{"rendered":"Kafkas Yollar\u0131nda"},"content":{"rendered":"<p>\u201cT\u00fcrk ve Ermeni, as\u0131rlardan beri birlikte ya\u015fayan iki millet, art\u0131k dostluklar\u0131na nihayet vereceklerdi. Osmanl\u0131 ordusunun bozuklu\u011fu iki millet aras\u0131nda geni\u015f bir u\u00e7urum a\u00e7m\u0131\u015ft\u0131. Halk \u00fczerinde z\u00e2lim\u00e2ne ve gaddar\u00e2ne bir n\u00fcfuz icra eden h\u00fck\u00fbmet T\u00fcrkleri b\u00eezar etti\u011fi gibi Ermenilerde de h\u00fcrriyet ve istihl\u00e2s arzular\u0131 uyand\u0131rm\u0131\u015ft\u0131. Bu arzular\u0131 en ziyade takviye eden Ermeni komiteleriydi. Komiteler, Ermenilerin saadetini bombadan ve k\u0131talden ziyade sulhen de temin edebilirlerdi; fakat onlar h\u0131rslar\u0131n\u0131n tatmini i\u00e7in, halk\u0131n kan\u0131n\u0131 kendilerine m\u00fcb\u00e2h g\u00f6r\u00fcyorlard\u0131. T\u00fcrk bombay\u0131 bilmezdi, T\u00fcrkiye\u2019ye bombay\u0131 sokan, hatt\u00e2 padi\u015fahlar\u0131n\u0131n v\u00fccudunu ve saray\u0131n\u0131 bomba ile ortadan kald\u0131rmaya \u00e7al\u0131\u015fan, Ermeni komiteleriydi. Y\u0131ld\u0131z bombas\u0131 patlad\u0131\u011f\u0131 zaman, ne kadar T\u00fcrk \u00f6lm\u00fc\u015ft\u00fc! M\u00fcthi\u015f bir infilak ortal\u0131\u011f\u0131 sarsm\u0131\u015f, havada etten, bacaktan, koldan m\u00fcrekkep bir kas\u0131rga peyda etmi\u015fti. Y\u0131ld\u0131z Saray\u0131n\u0131n yan\u0131nda, ci\u011ferleri par\u00e7alanm\u0131\u015f \u00e7ocuklar, arslan gibi babayi\u011fitler, ba\u015flar\u0131 kopmu\u015f, kollar\u0131 u\u00e7mu\u015f cesetler, beygir naa\u015flar\u0131 aras\u0131nda karmakar\u0131\u015f\u0131k, yerlere serilmi\u015flerdi. Parmakl\u0131klarda k\u0131yma halinde yap\u0131\u015fm\u0131\u015f insan etleri g\u00f6r\u00fcl\u00fcyordu. Bu \u00f6len insanlar, bu par\u00e7alanan cesetler, hep zavall\u0131 T\u00fcrklerdi. \u015eimdi bu bombalar Anadolu\u2019da patlayacak, a\u00e7 ve talihsiz halk, zalim bir h\u00fck\u00fbmetin teseyy\u00fcb\u00fc y\u00fcz\u00fcnden Ermeni \u00e7etelerinin kan tufan\u0131na bo\u011fulacakt\u0131\u2026\u201d Ahmet Refik Ahmet Refik Alt\u0131nay\u2019\u0131n 1. D\u00fcnya Sava\u015f\u0131 sonunda Ermenilerin elinden kurtar\u0131lan Do\u011fu\u2019daki \u015fehirlerin vaziyetini incelemek i\u00e7in yabanc\u0131 gazete muhabirlerinden m\u00fcte\u015fekkil heyetin ba\u015fkanl\u0131\u011f\u0131n\u0131 ifa etmekteyken ald\u0131\u011f\u0131 notlardan olu\u015fan Kafkas Yollar\u0131nda, tarih\u00e7inin sava\u015f sonras\u0131 Anadolu\u2019daki vaziyeti bizzat ilk elden anlatmas\u0131 bak\u0131m\u0131ndan \u00f6nemlidir.  Ahmet Refik, Ermenilerin Trabzon, Batum, Erzurum, Erzincan, Kars, Ardahan ve Artvin \u015fehirlerindeki \u015fenaatlerini de not etti\u011fi bu eserde, ad\u0131 ge\u00e7en \u015fehirlerin sava\u015f sonras\u0131 harap ve bitap h\u00e2llerini de kaydederek tarihe not d\u00fc\u015fm\u00fc\u015ft\u00fcr. Bu notlar\u0131n ehemmiyetli bir ba\u015fka y\u00f6n\u00fc de Refik\u2019in yazd\u0131klar\u0131n\u0131n Avrupa bas\u0131n\u0131n da haber kayna\u011f\u0131 olmas\u0131d\u0131r. Sava\u015f\u0131n en a\u011f\u0131r \u015fartlar\u0131n\u0131 yo\u011fun olarak ya\u015fayan Anadolu\u2019nun i\u00e7ler ac\u0131s\u0131 vaziyetinin Avrupa\u2019ya kulaktan dolma bilgiler ve iftira dolu hezeyanlar yerine birinci elden sa\u011fl\u0131kl\u0131 bir kaynaktan yans\u0131t\u0131lm\u0131\u015f olmas\u0131 \u015f\u00fcphesiz ki d\u00f6nem Avrupa\u2019s\u0131n\u0131n ne\u015friyat\u0131nda bir nebze de olsa T\u00fcrkler aleyhindeki kanaatlerin yumu\u015famas\u0131na sebep olmu\u015ftur.<\/p>\n","protected":false},"excerpt":{"rendered":"<p>\u201cT\u00fcrk ve Ermeni, as\u0131rlardan beri birlikte ya\u015fayan iki millet, art\u0131k dostluklar\u0131na nihayet vereceklerdi. Osmanl\u0131 ordusunun bozuklu\u011fu iki millet aras\u0131nda geni\u015f bir u\u00e7urum a\u00e7m\u0131\u015ft\u0131. Halk \u00fczerinde z\u00e2lim\u00e2ne<span class=\"excerpt-hellip\"> [\u2026]<\/span><\/p>\n","protected":false},"featured_media":0,"template":"","meta":{"_monsterinsights_skip_tracking":false,"_monsterinsights_sitenote_active":false,"_monsterinsights_sitenote_note":"","_monsterinsights_sitenote_category":0},"product_brand":[],"product_cat":[12370,12304],"product_tag":[],"class_list":{"0":"post-737620","1":"product","2":"type-product","3":"status-publish","5":"product_cat-arastirma-inceleme","6":"product_cat-tarih","7":"pa_cilt-ciltsiz","8":"pa_tur-kitap","9":"pa_yayinevi-otuken-nesriyat","10":"pa_yazar-ahmet-refik-altinay","12":"first","13":"instock","14":"sale","15":"shipping-taxable","16":"purchasable","17":"product-type-simple"},"_links":{"self":[{"href":"https:\/\/roveyayinevi.com.tr\/index.php\/wp-json\/wp\/v2\/product\/737620","targetHints":{"allow":["GET"]}}],"collection":[{"href":"https:\/\/roveyayinevi.com.tr\/index.php\/wp-json\/wp\/v2\/product"}],"about":[{"href":"https:\/\/roveyayinevi.com.tr\/index.php\/wp-json\/wp\/v2\/types\/product"}],"wp:attachment":[{"href":"https:\/\/roveyayinevi.com.tr\/index.php\/wp-json\/wp\/v2\/media?parent=737620"}],"wp:term":[{"taxonomy":"product_brand","embeddable":true,"href":"https:\/\/roveyayinevi.com.tr\/index.php\/wp-json\/wp\/v2\/product_brand?post=737620"},{"taxonomy":"product_cat","embeddable":true,"href":"https:\/\/roveyayinevi.com.tr\/index.php\/wp-json\/wp\/v2\/product_cat?post=737620"},{"taxonomy":"product_tag","embeddable":true,"href":"https:\/\/roveyayinevi.com.tr\/index.php\/wp-json\/wp\/v2\/product_tag?post=737620"}],"curies":[{"name":"wp","href":"https:\/\/api.w.org\/{rel}","templated":true}]}}