{"id":737619,"date":"2025-08-27T23:32:17","date_gmt":"2025-08-27T20:32:17","guid":{"rendered":"https:\/\/roveyayinevi.com.tr\/index.php\/urun\/gazi-sultanlar-ve-islamin-sinirlari\/"},"modified":"2026-04-16T02:47:00","modified_gmt":"2026-04-15T23:47:00","slug":"gazi-sultanlar-ve-islamin-sinirlari","status":"publish","type":"product","link":"https:\/\/roveyayinevi.com.tr\/index.php\/urun\/gazi-sultanlar-ve-islamin-sinirlari\/","title":{"rendered":"Gazi Sultanlar ve \u0130slam\u0131n S\u0131n\u0131rlar\u0131"},"content":{"rendered":"<p>Gazi Sultanlar, \u0130sl\u00e2m tarihinin ge\u00e7 Orta \u00c7a\u011f ve erken modern d\u00f6neminin uclardaki kutsal sava\u015f\u00e7\u0131 h\u00fck\u00fcmdarlar\u0131 idi. Elinizdeki kitap, mezk\u00fbr d\u00f6nemlerde \u0130sl\u00e2m d\u00fcnyas\u0131nda temay\u00fcz etmi\u015f \u00fc\u00e7 gazi (Gazneli Mahmud, B\u00e2b\u00fcr, II. Murad) hakk\u0131nda kar\u015f\u0131la\u015ft\u0131rmal\u0131 ilk incelemedir. Kitap, bahsi ge\u00e7en \u015fahsiyetlerin strateji olu\u015fturmas\u0131nda ve kendilerini ifade etme bi\u00e7imlerinde seleflerinin eylemlerinden ve eserlerinden nas\u0131l ve ne \u00f6l\u00e7\u00fcde etkilendiklerini g\u00f6stermektedir.   Pek \u00e7ok Fars\u00e7a, Arap\u00e7a ve T\u00fcrk\u00e7e metinden faydalanan yazar, tarih\u00ee ve edeb\u00ee eserlere, metinleraras\u0131 yakla\u015f\u0131m\u0131n \u00f6nemini \u00f6rneklerle g\u00f6stererek \u201cbellek\u201d ve \u201c\u00f6zbi\u00e7imlendirme\u201dnin tarihi hakk\u0131nda yeni bulgular sunmaktad\u0131r. Eserde incelenen \u00fc\u00e7 ana tema, on birinci y\u00fczy\u0131lda gazi sultan mefk\u00fbresinin te\u015fekk\u00fcl\u00fc, bu mefk\u00fbrenin on be\u015finci ve on alt\u0131nc\u0131 y\u00fczy\u0131l\u0131n ba\u015flar\u0131nda Anadolu ve Hindistan\u2019da taklidi ve konuyla ilgili metinlerin yay\u0131lmas\u0131 s\u00fcrecini i\u00e7ermektedir. Anooshahr, \u201colu\u015f\u201d ve \u201c\u00f6rnekleme\u201d ile ilgili felsefi meselelere yo\u011funla\u015farak, mezk\u00fbr eserlerde yaln\u0131zca vak\u0131alar\u0131, ideolojiyi ve me\u015frula\u015ft\u0131rmay\u0131 arayan tarih\u00ee yakla\u015f\u0131mlara alternatifler bulmaya \u00e7al\u0131\u015fmaktad\u0131r. Elinizdeki kitap, Orta \u00c7a\u011f ve erken modern \u0130sl\u00e2m tarihi, \u0130sl\u00e2m edebiyat\u0131 ve din tarihi konusunda uzman bilim insanlar\u0131n\u0131n ilgisini \u00e7ekecektir.<\/p>\n","protected":false},"excerpt":{"rendered":"<p>Gazi Sultanlar, \u0130sl\u00e2m tarihinin ge\u00e7 Orta \u00c7a\u011f ve erken modern d\u00f6neminin uclardaki kutsal sava\u015f\u00e7\u0131 h\u00fck\u00fcmdarlar\u0131 idi. Elinizdeki kitap, mezk\u00fbr d\u00f6nemlerde \u0130sl\u00e2m d\u00fcnyas\u0131nda temay\u00fcz etmi\u015f \u00fc\u00e7 gazi<span class=\"excerpt-hellip\"> [\u2026]<\/span><\/p>\n","protected":false},"featured_media":0,"template":"","meta":{"_monsterinsights_skip_tracking":false,"_monsterinsights_sitenote_active":false,"_monsterinsights_sitenote_note":"","_monsterinsights_sitenote_category":0},"product_brand":[],"product_cat":[12370,12304],"product_tag":[],"class_list":{"0":"post-737619","1":"product","2":"type-product","3":"status-publish","5":"product_cat-arastirma-inceleme","6":"product_cat-tarih","7":"pa_cilt-ciltsiz","8":"pa_tur-kitap","9":"pa_yayinevi-otuken-nesriyat","10":"pa_yazar-ali-anooshahr","12":"first","13":"instock","14":"sale","15":"shipping-taxable","16":"purchasable","17":"product-type-simple"},"_links":{"self":[{"href":"https:\/\/roveyayinevi.com.tr\/index.php\/wp-json\/wp\/v2\/product\/737619","targetHints":{"allow":["GET"]}}],"collection":[{"href":"https:\/\/roveyayinevi.com.tr\/index.php\/wp-json\/wp\/v2\/product"}],"about":[{"href":"https:\/\/roveyayinevi.com.tr\/index.php\/wp-json\/wp\/v2\/types\/product"}],"wp:attachment":[{"href":"https:\/\/roveyayinevi.com.tr\/index.php\/wp-json\/wp\/v2\/media?parent=737619"}],"wp:term":[{"taxonomy":"product_brand","embeddable":true,"href":"https:\/\/roveyayinevi.com.tr\/index.php\/wp-json\/wp\/v2\/product_brand?post=737619"},{"taxonomy":"product_cat","embeddable":true,"href":"https:\/\/roveyayinevi.com.tr\/index.php\/wp-json\/wp\/v2\/product_cat?post=737619"},{"taxonomy":"product_tag","embeddable":true,"href":"https:\/\/roveyayinevi.com.tr\/index.php\/wp-json\/wp\/v2\/product_tag?post=737619"}],"curies":[{"name":"wp","href":"https:\/\/api.w.org\/{rel}","templated":true}]}}