{"id":737618,"date":"2025-08-27T23:32:16","date_gmt":"2025-08-27T20:32:16","guid":{"rendered":"https:\/\/roveyayinevi.com.tr\/index.php\/urun\/anadolunun-kadim-sesleri\/"},"modified":"2026-04-16T02:46:59","modified_gmt":"2026-04-15T23:46:59","slug":"anadolunun-kadim-sesleri","status":"publish","type":"product","link":"https:\/\/roveyayinevi.com.tr\/index.php\/urun\/anadolunun-kadim-sesleri\/","title":{"rendered":"Anadolu&#8217;nun Kadim Sesleri"},"content":{"rendered":"<p>Anadolu\u2019nun Kadim Sesleri, \u00c2\u015f\u0131k Veysel\u2019den Bek\u00e7i Bak\u0131r\u2019a, Kazanc\u0131 Bedih\u2019ten Tenekeci Mahmut\u2019a, S\u00fcmmani Baba\u2019dan \u015eerif Akba\u011f\u2019a Anadolu\u2019dan y\u00fckselen ve bu co\u011frafyan\u0131n rikkat sahibi kulaklar\u0131nda yank\u0131s\u0131 dinmeyen kar\u015f\u0131l\u0131klar bularak duyarl\u0131l\u0131klar\u0131m\u0131z\u0131, kimi zaman i\u00e7leni\u015f ve dert kimi zaman sevin\u00e7 ve co\u015fkuyla dile gelen duygular\u0131m\u0131z\u0131, k\u0131saca varolu\u015fumuzu \u015fekillendiren seslerin sahiplerine, koruyucular\u0131na, aktar\u0131c\u0131lar\u0131na dair incelikli kalem i\u015flerinden olu\u015fuyor. \u201c\u00d6zlemin, hasretin nar\u0131yla yanm\u0131\u015f haberlerin olmad\u0131\u011f\u0131, beklemenin sanc\u0131s\u0131yla do\u011fmu\u015f kelam\u0131n kalmad\u0131\u011f\u0131, sevgilinin kulaklar\u0131na f\u0131s\u0131ldanacak s\u00f6zlerin kayboldu\u011fu\u201d zamanlardan kadim zamanlar\u0131n seslerine tazimle dokunan kalem i\u015flerinden\u2026<\/p>\n","protected":false},"excerpt":{"rendered":"<p>Anadolu\u2019nun Kadim Sesleri, \u00c2\u015f\u0131k Veysel\u2019den Bek\u00e7i Bak\u0131r\u2019a, Kazanc\u0131 Bedih\u2019ten Tenekeci Mahmut\u2019a, S\u00fcmmani Baba\u2019dan \u015eerif Akba\u011f\u2019a Anadolu\u2019dan y\u00fckselen ve bu co\u011frafyan\u0131n rikkat sahibi kulaklar\u0131nda yank\u0131s\u0131 dinmeyen kar\u015f\u0131l\u0131klar<span class=\"excerpt-hellip\"> [\u2026]<\/span><\/p>\n","protected":false},"featured_media":0,"template":"","meta":{"_monsterinsights_skip_tracking":false,"_monsterinsights_sitenote_active":false,"_monsterinsights_sitenote_note":"","_monsterinsights_sitenote_category":0},"product_brand":[],"product_cat":[18545,12291],"product_tag":[],"class_list":{"0":"post-737618","1":"product","2":"type-product","3":"status-publish","5":"product_cat-anlati","6":"product_cat-edebiyat","7":"pa_cilt-ciltsiz","8":"pa_tur-kitap","9":"pa_yayinevi-otuken-nesriyat","10":"pa_yazar-muaz-ergu","12":"first","13":"instock","14":"sale","15":"shipping-taxable","16":"purchasable","17":"product-type-simple"},"_links":{"self":[{"href":"https:\/\/roveyayinevi.com.tr\/index.php\/wp-json\/wp\/v2\/product\/737618","targetHints":{"allow":["GET"]}}],"collection":[{"href":"https:\/\/roveyayinevi.com.tr\/index.php\/wp-json\/wp\/v2\/product"}],"about":[{"href":"https:\/\/roveyayinevi.com.tr\/index.php\/wp-json\/wp\/v2\/types\/product"}],"wp:attachment":[{"href":"https:\/\/roveyayinevi.com.tr\/index.php\/wp-json\/wp\/v2\/media?parent=737618"}],"wp:term":[{"taxonomy":"product_brand","embeddable":true,"href":"https:\/\/roveyayinevi.com.tr\/index.php\/wp-json\/wp\/v2\/product_brand?post=737618"},{"taxonomy":"product_cat","embeddable":true,"href":"https:\/\/roveyayinevi.com.tr\/index.php\/wp-json\/wp\/v2\/product_cat?post=737618"},{"taxonomy":"product_tag","embeddable":true,"href":"https:\/\/roveyayinevi.com.tr\/index.php\/wp-json\/wp\/v2\/product_tag?post=737618"}],"curies":[{"name":"wp","href":"https:\/\/api.w.org\/{rel}","templated":true}]}}