{"id":737617,"date":"2025-08-27T23:32:15","date_gmt":"2025-08-27T20:32:15","guid":{"rendered":"https:\/\/roveyayinevi.com.tr\/index.php\/urun\/influencer-sosyal-medya-caginda-marka-yaratmak\/"},"modified":"2026-04-16T02:46:59","modified_gmt":"2026-04-15T23:46:59","slug":"influencer-sosyal-medya-caginda-marka-yaratmak","status":"publish","type":"product","link":"https:\/\/roveyayinevi.com.tr\/index.php\/urun\/influencer-sosyal-medya-caginda-marka-yaratmak\/","title":{"rendered":"Influencer &#8211; Sosyal Medya \u00c7a\u011f\u0131nda Marka Yaratmak"},"content":{"rendered":"<p>Bir kitle olu\u015fturup onlar\u0131 nas\u0131l kendinize ba\u011flars\u0131n\u0131z? Markan\u0131z\u0131 nas\u0131l sunar ve hayalinizdeki \u015firketleri tan\u0131t\u0131rs\u0131n\u0131z? Bu i\u015ften nas\u0131l ve ne kadar para kazan\u0131rs\u0131n\u0131z?   Instagram ak\u0131\u015f\u0131n\u0131zda gezinirken akl\u0131n\u0131za, \u201cBen de g\u00fczel k\u0131yafetler giyiyorum, avokadolu tost yiyorum ve g\u00fcnbat\u0131mlar\u0131n\u0131 seviyorum, neden biri bana harika ya\u015famam i\u00e7in para \u00f6deyemiyor?\u201d sorusu geldiyse bu kitap sizin i\u00e7in. En sevdi\u011finiz influencer\u2019lar\u0131n her biri s\u0131f\u0131r takip\u00e7iyle ba\u015flad\u0131 ve bug\u00fcn olduklar\u0131 yere gelmek onlar i\u00e7in de kolay de\u011fildi. En iyi i\u00e7erik olu\u015fturucu olmak i\u00e7in \u201cInstagram\u2019a uygun\u201d ya\u015fam tarz\u0131n\u0131n arkas\u0131ndaki stratejileri anlamal\u0131s\u0131n\u0131z.   Markal\u0131 i\u00e7erik end\u00fcstrisinin g\u00fcn\u00fcm\u00fczde geldi\u011fi noktada ister yeni ba\u015fl\u0131yor olun ister daha b\u00fcy\u00fck kampanyalar i\u00e7in haz\u0131r olun, bu kitap temel influencer ilkeleri konusunda size rehberlik edecek. \u00c7ok be\u011fenilen i\u00e7erikler \u00fcretmekten ke\u015ffedilmek i\u00e7in etiketleri kullanmaya ve i\u015fverenle do\u011fru ileti\u015fim kurmaya kadar, size profilinizi nas\u0131l b\u00fcy\u00fctece\u011finizi, avantajlar\u0131n\u0131z\u0131 nas\u0131l \u00f6ne \u00e7\u0131karaca\u011f\u0131n\u0131z\u0131 ve para kazanaca\u011f\u0131n\u0131z\u0131 g\u00f6sterecek \u2013 \u00fcstelik bu s\u0131rada sevdi\u011finiz bir i\u015fi yap\u0131yor olacaks\u0131n\u0131z.   Gece hayat\u0131 blo\u011fu yazar\u0131, ard\u0131ndan sosyal medya stratejisti ve \u015fimdi Hearst Magazines Digital Media\u2019da influencer stratejileri ve i\u015fbirlikleri b\u00f6l\u00fcm\u00fcnde k\u0131demli y\u00f6netici olan Brittany Hennessy, sosyal medya \u00e7a\u011f\u0131nda kendi markan\u0131z\u0131 yaratman\u0131n, influencer d\u00fcnyas\u0131n\u0131n t\u00fcm detaylar\u0131n\u0131 ve p\u00fcf noktalar\u0131n\u0131 rakipsiz bir anlay\u0131\u015fla aktar\u0131yor.   \u201cSosyal medyan\u0131n ticari y\u00f6n\u00fcn\u00fc ke\u015ffetmek ve bunu markan\u0131z\u0131 yaratmak i\u00e7in kullanmak istiyorsan\u0131z, bu kitap bulunmaz bir rehber.\u201d  \u2014Forbes   \u201c\u00c7evrimi\u00e7i ya\u015fama ilgi duyan herkese bu kitab\u0131 al\u0131p oturmas\u0131n\u0131 ve not almas\u0131n\u0131 \u015fiddetle tavsiye ediyorum \u00e7\u00fcnk\u00fc Brittany\u2019nin s\u00f6yleyeceklerini duymak isteyeceksiniz.\u201d  \u2014Iskra Lawrence, Influencer ve Instagram y\u0131ld\u0131z\u0131 (@iskra) <\/p>\n","protected":false},"excerpt":{"rendered":"<p>Bir kitle olu\u015fturup onlar\u0131 nas\u0131l kendinize ba\u011flars\u0131n\u0131z? Markan\u0131z\u0131 nas\u0131l sunar ve hayalinizdeki \u015firketleri tan\u0131t\u0131rs\u0131n\u0131z? Bu i\u015ften nas\u0131l ve ne kadar para kazan\u0131rs\u0131n\u0131z? Instagram ak\u0131\u015f\u0131n\u0131zda gezinirken akl\u0131n\u0131za,<span class=\"excerpt-hellip\"> [\u2026]<\/span><\/p>\n","protected":false},"featured_media":0,"template":"","meta":{"_monsterinsights_skip_tracking":false,"_monsterinsights_sitenote_active":false,"_monsterinsights_sitenote_note":"","_monsterinsights_sitenote_category":0},"product_brand":[],"product_cat":[13043,17647],"product_tag":[],"class_list":{"0":"post-737617","1":"product","2":"type-product","3":"status-publish","5":"product_cat-ekonomi","6":"product_cat-is-dunyasi","7":"pa_cilt-ciltsiz","8":"pa_tur-kitap","9":"pa_yayinevi-nova-kitap","10":"pa_yazar-brittany-hennessy","12":"first","13":"instock","14":"sale","15":"shipping-taxable","16":"purchasable","17":"product-type-simple"},"_links":{"self":[{"href":"https:\/\/roveyayinevi.com.tr\/index.php\/wp-json\/wp\/v2\/product\/737617","targetHints":{"allow":["GET"]}}],"collection":[{"href":"https:\/\/roveyayinevi.com.tr\/index.php\/wp-json\/wp\/v2\/product"}],"about":[{"href":"https:\/\/roveyayinevi.com.tr\/index.php\/wp-json\/wp\/v2\/types\/product"}],"wp:attachment":[{"href":"https:\/\/roveyayinevi.com.tr\/index.php\/wp-json\/wp\/v2\/media?parent=737617"}],"wp:term":[{"taxonomy":"product_brand","embeddable":true,"href":"https:\/\/roveyayinevi.com.tr\/index.php\/wp-json\/wp\/v2\/product_brand?post=737617"},{"taxonomy":"product_cat","embeddable":true,"href":"https:\/\/roveyayinevi.com.tr\/index.php\/wp-json\/wp\/v2\/product_cat?post=737617"},{"taxonomy":"product_tag","embeddable":true,"href":"https:\/\/roveyayinevi.com.tr\/index.php\/wp-json\/wp\/v2\/product_tag?post=737617"}],"curies":[{"name":"wp","href":"https:\/\/api.w.org\/{rel}","templated":true}]}}