{"id":737615,"date":"2025-08-27T23:32:13","date_gmt":"2025-08-27T20:32:13","guid":{"rendered":"https:\/\/roveyayinevi.com.tr\/index.php\/urun\/esles\/"},"modified":"2026-04-16T02:46:59","modified_gmt":"2026-04-15T23:46:59","slug":"esles","status":"publish","type":"product","link":"https:\/\/roveyayinevi.com.tr\/index.php\/urun\/esles\/","title":{"rendered":"E\u015fle\u2019\u015f"},"content":{"rendered":"<p>Yedinci s\u0131n\u0131f \u00f6\u011frencisi Allie Navarro, KodK\u0131zlar\u0131 yaz kamp\u0131nda geli\u015ftirdi\u011fi uygulamay\u0131 en iyi arkada\u015flar\u0131na g\u00f6stermek i\u00e7in sab\u0131rs\u0131zlan\u0131yordu. E\u015fle\u2019\u015f, kullan\u0131c\u0131lar\u0131 ortak ilgi alanlar\u0131na g\u00f6re e\u015fle\u015ftiren ve birbirlerini bulmalar\u0131 i\u00e7in onlara e\u011flenceli ipu\u00e7lar\u0131 veren bir oyundu. Ve Allie\u2019nin oyunu, yeni okul d\u00f6neminin daha ikinci g\u00fcn\u00fcnde herkesin ilgisini \u00e7ekmi\u015fti! Uygulamas\u0131n\u0131n bu kadar pop\u00fcler hale gelmesini izlemek Allie i\u00e7in harikayd\u0131! Liderlik tablolar\u0131 doluyor, herkes heyecanla yeni arkada\u015flar ediniyordu. Allie, toplad\u0131\u011f\u0131 t\u00fcm veriler sayesinde, bir hafta sonraki gen\u00e7lik kodlama yar\u0131\u015fmas\u0131nda ba\u015f d\u00fc\u015fman\u0131 Nathan\u2019\u0131 yenmek i\u00e7in muhte\u015fem bir f\u0131rsat elde etmi\u015fti! Fakat Allie, uygulamas\u0131nda herkesin s\u0131rlar\u0131n\u0131 a\u00e7\u0131\u011fa \u00e7\u0131karma riski olan bir aksakl\u0131k ke\u015ffetti\u011finde, bilgisayar laboratuvar\u0131n\u0131 Nathan ile payla\u015fmak pahas\u0131na, i\u015fleri nas\u0131l d\u00fczeltece\u011fini bulmak zorunda kalacakt\u0131. Kalbini k\u0131rd\u0131\u011f\u0131 arkada\u015flar\u0131na kendini affettirmek ve bozuk uygulamas\u0131n\u0131 onarmak i\u00e7in \u00f6n\u00fcnde \u00e7ok az zaman vard\u0131\u2026 New York Times\u2019\u0131n en \u00e7ok satan yazarlar\u0131ndan Tamara Ireland Stone, heyecan ve merak dolu bu kitab\u0131nda, arkada\u015fl\u0131\u011f\u0131, kodlamay\u0131 ve paketler dolusu patlam\u0131\u015f m\u0131s\u0131r\u0131 bir araya getirerek ortaya e\u011flenceli ve ilham verici bir hik\u00e2ye \u00e7\u0131kar\u0131yor. <\/p>\n","protected":false},"excerpt":{"rendered":"<p>Yedinci s\u0131n\u0131f \u00f6\u011frencisi Allie Navarro, KodK\u0131zlar\u0131 yaz kamp\u0131nda geli\u015ftirdi\u011fi uygulamay\u0131 en iyi arkada\u015flar\u0131na g\u00f6stermek i\u00e7in sab\u0131rs\u0131zlan\u0131yordu. E\u015fle\u2019\u015f, kullan\u0131c\u0131lar\u0131 ortak ilgi alanlar\u0131na g\u00f6re e\u015fle\u015ftiren ve birbirlerini bulmalar\u0131<span class=\"excerpt-hellip\"> [\u2026]<\/span><\/p>\n","protected":false},"featured_media":0,"template":"","meta":{"_monsterinsights_skip_tracking":false,"_monsterinsights_sitenote_active":false,"_monsterinsights_sitenote_note":"","_monsterinsights_sitenote_category":0},"product_brand":[],"product_cat":[12275,12274],"product_tag":[],"class_list":{"0":"post-737615","1":"product","2":"type-product","3":"status-publish","5":"product_cat-6-12-yas-kitaplari","6":"product_cat-cocuk-ve-genclik-kitaplari","7":"pa_cilt-ciltsiz","8":"pa_tur-kitap","9":"pa_yayinevi-ithaki-yayinlari","10":"pa_yazar-tamara-ireland-stone","12":"first","13":"instock","14":"sale","15":"shipping-taxable","16":"purchasable","17":"product-type-simple"},"_links":{"self":[{"href":"https:\/\/roveyayinevi.com.tr\/index.php\/wp-json\/wp\/v2\/product\/737615","targetHints":{"allow":["GET"]}}],"collection":[{"href":"https:\/\/roveyayinevi.com.tr\/index.php\/wp-json\/wp\/v2\/product"}],"about":[{"href":"https:\/\/roveyayinevi.com.tr\/index.php\/wp-json\/wp\/v2\/types\/product"}],"wp:attachment":[{"href":"https:\/\/roveyayinevi.com.tr\/index.php\/wp-json\/wp\/v2\/media?parent=737615"}],"wp:term":[{"taxonomy":"product_brand","embeddable":true,"href":"https:\/\/roveyayinevi.com.tr\/index.php\/wp-json\/wp\/v2\/product_brand?post=737615"},{"taxonomy":"product_cat","embeddable":true,"href":"https:\/\/roveyayinevi.com.tr\/index.php\/wp-json\/wp\/v2\/product_cat?post=737615"},{"taxonomy":"product_tag","embeddable":true,"href":"https:\/\/roveyayinevi.com.tr\/index.php\/wp-json\/wp\/v2\/product_tag?post=737615"}],"curies":[{"name":"wp","href":"https:\/\/api.w.org\/{rel}","templated":true}]}}