{"id":737613,"date":"2025-08-27T23:32:10","date_gmt":"2025-08-27T20:32:10","guid":{"rendered":"https:\/\/roveyayinevi.com.tr\/index.php\/urun\/bedel-odeyenler\/"},"modified":"2026-04-16T02:46:59","modified_gmt":"2026-04-15T23:46:59","slug":"bedel-odeyenler","status":"publish","type":"product","link":"https:\/\/roveyayinevi.com.tr\/index.php\/urun\/bedel-odeyenler\/","title":{"rendered":"Bedel \u00d6deyenler"},"content":{"rendered":"<p>Y\u0131l\u0131n En \u0130yi Yerli Korku Roman\u0131 \u00d6d\u00fcll\u00fc Kadavra Mevsimi \u2019nin yazar\u0131ndan yepyeni bir roman.   Gerilim, gizem, korku ve dram t\u00fcrlerinin ustaca harmanland\u0131\u011f\u0131 Bedel \u00d6deyenler\u2019in sayfalar\u0131nda kaybolurken, yazar\u0131n hayal g\u00fcc\u00fcne ve yaz\u0131m diline hayran kalacaksan\u0131z. Sizi bu kitapta, son sayfas\u0131na dek soluksuz okuyaca\u011f\u0131n\u0131z, sars\u0131c\u0131 bir hik\u00e2ye bekliyor.   Geceyi ayd\u0131nlatan dolunay\u0131n \u00e7a\u011fr\u0131s\u0131n\u0131 duyuyor musun? Elimi tut karde\u015fim, seni bir t\u00f6rene g\u00f6t\u00fcrece\u011fim.   Bir yolculuk bekliyor bizi. B\u00fcy\u00fcl\u00fc bir d\u00fc\u015f g\u00f6rece\u011fiz. Elimi tut karde\u015fim, birlikte b\u00fcy\u00fcyece\u011fiz<\/p>\n","protected":false},"excerpt":{"rendered":"<p>Y\u0131l\u0131n En \u0130yi Yerli Korku Roman\u0131 \u00d6d\u00fcll\u00fc Kadavra Mevsimi \u2019nin yazar\u0131ndan yepyeni bir roman. Gerilim, gizem, korku ve dram t\u00fcrlerinin ustaca harmanland\u0131\u011f\u0131 Bedel \u00d6deyenler\u2019in sayfalar\u0131nda kaybolurken,<span class=\"excerpt-hellip\"> [\u2026]<\/span><\/p>\n","protected":false},"featured_media":0,"template":"","meta":{"_monsterinsights_skip_tracking":false,"_monsterinsights_sitenote_active":false,"_monsterinsights_sitenote_note":"","_monsterinsights_sitenote_category":0},"product_brand":[],"product_cat":[12291,17033],"product_tag":[],"class_list":{"0":"post-737613","1":"product","2":"type-product","3":"status-publish","5":"product_cat-edebiyat","6":"product_cat-korku-gerilim","7":"pa_cilt-ciltsiz","8":"pa_tur-kitap","9":"pa_yayinevi-muptela-yayinevi","10":"pa_yazar-cuneyt-candas","12":"first","13":"instock","14":"sale","15":"shipping-taxable","16":"purchasable","17":"product-type-simple"},"_links":{"self":[{"href":"https:\/\/roveyayinevi.com.tr\/index.php\/wp-json\/wp\/v2\/product\/737613","targetHints":{"allow":["GET"]}}],"collection":[{"href":"https:\/\/roveyayinevi.com.tr\/index.php\/wp-json\/wp\/v2\/product"}],"about":[{"href":"https:\/\/roveyayinevi.com.tr\/index.php\/wp-json\/wp\/v2\/types\/product"}],"wp:attachment":[{"href":"https:\/\/roveyayinevi.com.tr\/index.php\/wp-json\/wp\/v2\/media?parent=737613"}],"wp:term":[{"taxonomy":"product_brand","embeddable":true,"href":"https:\/\/roveyayinevi.com.tr\/index.php\/wp-json\/wp\/v2\/product_brand?post=737613"},{"taxonomy":"product_cat","embeddable":true,"href":"https:\/\/roveyayinevi.com.tr\/index.php\/wp-json\/wp\/v2\/product_cat?post=737613"},{"taxonomy":"product_tag","embeddable":true,"href":"https:\/\/roveyayinevi.com.tr\/index.php\/wp-json\/wp\/v2\/product_tag?post=737613"}],"curies":[{"name":"wp","href":"https:\/\/api.w.org\/{rel}","templated":true}]}}