{"id":737611,"date":"2025-08-27T23:32:08","date_gmt":"2025-08-27T20:32:08","guid":{"rendered":"https:\/\/roveyayinevi.com.tr\/index.php\/urun\/daktilo-nebahat\/"},"modified":"2026-04-07T02:54:22","modified_gmt":"2026-04-06T23:54:22","slug":"daktilo-nebahat","status":"publish","type":"product","link":"https:\/\/roveyayinevi.com.tr\/index.php\/urun\/daktilo-nebahat\/","title":{"rendered":"Daktilo Nebahat"},"content":{"rendered":"<p>\u201cBug\u00fcn \u00e7ocu\u011fu cephede bulunan bir anne de \u00e7ocu\u011fu canavarlar taraf\u0131ndan par\u00e7alanm\u0131\u015f tarih \u00f6ncesi bir anne gibi kuduz bir ac\u0131 hissetmi\u015ftir. Biz kad\u0131nlar hangi ya\u015ftan, hangi \u0131rktan, hangi as\u0131rdan olursak olal\u0131m hep ayn\u0131 \u015fekilde hisseder ve ayn\u0131 \u015fekilde muhakeme y\u00fcr\u00fct\u00fcr\u00fcz. Dikkat ederseniz g\u00f6r\u00fcrs\u00fcn\u00fcz ki, biz kad\u0131nlar diktat\u00f6r bir devlet idaresinde kurulmu\u015f gizli bir cemiyetin azalar\u0131na benzeriz.\u201d   Daktilo Nebahat, Suat Dervi\u015f\u2019in 193038 y\u0131llar\u0131 aras\u0131nda kaleme ald\u0131\u011f\u0131, kad\u0131n karakterleri merkeze alan \u00f6yk\u00fcleri bir araya getiriyor. Kariyeri boyunca neredeyse yaln\u0131z kad\u0131nlar\u0131 yazm\u0131\u015f, \u00f6yk\u00fclerine, romanlar\u0131na kad\u0131n ana karakterler se\u00e7mi\u015f Dervi\u015f. Dahas\u0131 yaz\u0131lar\u0131, s\u00f6yle\u015fileri, r\u00f6portajlar\u0131 ve anketleriyle de kad\u0131nlar\u0131 g\u00f6r\u00fcn\u00fcr k\u0131lm\u0131\u015f. Bu efsane kad\u0131n, hen\u00fcz otuzlu y\u0131llarda t\u00fcm bu ezber bozan kad\u0131nlar\u0131 yaratt\u0131\u011f\u0131 i\u00e7in sizleri kendisine hayran edecek, hen\u00fcz etmediyse.   Suat Dervi\u015f\u2019in kad\u0131n karakterleri, onlar\u0131n hayata ve a\u015fka bak\u0131\u015f\u0131, m\u00fccadelesi bug\u00fcn de g\u00fcncelli\u011fini, g\u00fcc\u00fcn\u00fc koruyor. Zaten Dervi\u015f\u2019i b\u00fcy\u00fck bir yazar yapan tam da bu.   Bige Bilgen de kitapta yer alan \u201cSuat Dervi\u015f\u2019in Kad\u0131nlar\u0131\u201d ba\u015fl\u0131kl\u0131 yaz\u0131s\u0131nda, hem bu derlemedeki \u00f6yk\u00fclerden hem de Suat Dervi\u015f\u2019in y\u0131llar boyu farkl\u0131 gazete ve dergilerde \u00e7\u0131km\u0131\u015f \u201ckad\u0131n\u201d, \u201ckad\u0131nl\u0131k\u201d yaz\u0131lar\u0131ndan bahsedip bu yaz\u0131lardan \u00fc\u00e7\u00fcn\u00fc bir araya getiriyor. <\/p>\n","protected":false},"excerpt":{"rendered":"<p>\u201cBug\u00fcn \u00e7ocu\u011fu cephede bulunan bir anne de \u00e7ocu\u011fu canavarlar taraf\u0131ndan par\u00e7alanm\u0131\u015f tarih \u00f6ncesi bir anne gibi kuduz bir ac\u0131 hissetmi\u015ftir. Biz kad\u0131nlar hangi ya\u015ftan, hangi \u0131rktan,<span class=\"excerpt-hellip\"> [\u2026]<\/span><\/p>\n","protected":false},"featured_media":0,"template":"","meta":{"_monsterinsights_skip_tracking":false,"_monsterinsights_sitenote_active":false,"_monsterinsights_sitenote_note":"","_monsterinsights_sitenote_category":0},"product_brand":[],"product_cat":[12291,12711],"product_tag":[],"class_list":{"0":"post-737611","1":"product","2":"type-product","3":"status-publish","5":"product_cat-edebiyat","6":"product_cat-roman-oyku","7":"pa_cilt-ciltsiz","8":"pa_tur-kitap","9":"pa_yayinevi-ithaki-yayinlari","10":"pa_yazar-suat-dervis","12":"first","13":"instock","14":"sale","15":"shipping-taxable","16":"purchasable","17":"product-type-simple"},"_links":{"self":[{"href":"https:\/\/roveyayinevi.com.tr\/index.php\/wp-json\/wp\/v2\/product\/737611","targetHints":{"allow":["GET"]}}],"collection":[{"href":"https:\/\/roveyayinevi.com.tr\/index.php\/wp-json\/wp\/v2\/product"}],"about":[{"href":"https:\/\/roveyayinevi.com.tr\/index.php\/wp-json\/wp\/v2\/types\/product"}],"wp:attachment":[{"href":"https:\/\/roveyayinevi.com.tr\/index.php\/wp-json\/wp\/v2\/media?parent=737611"}],"wp:term":[{"taxonomy":"product_brand","embeddable":true,"href":"https:\/\/roveyayinevi.com.tr\/index.php\/wp-json\/wp\/v2\/product_brand?post=737611"},{"taxonomy":"product_cat","embeddable":true,"href":"https:\/\/roveyayinevi.com.tr\/index.php\/wp-json\/wp\/v2\/product_cat?post=737611"},{"taxonomy":"product_tag","embeddable":true,"href":"https:\/\/roveyayinevi.com.tr\/index.php\/wp-json\/wp\/v2\/product_tag?post=737611"}],"curies":[{"name":"wp","href":"https:\/\/api.w.org\/{rel}","templated":true}]}}