{"id":737609,"date":"2025-08-27T23:32:05","date_gmt":"2025-08-27T20:32:05","guid":{"rendered":"https:\/\/roveyayinevi.com.tr\/index.php\/urun\/gunlerin-kopugu-2\/"},"modified":"2026-03-31T12:21:22","modified_gmt":"2026-03-31T09:21:22","slug":"gunlerin-kopugu-2","status":"publish","type":"product","link":"https:\/\/roveyayinevi.com.tr\/index.php\/urun\/gunlerin-kopugu-2\/","title":{"rendered":"G\u00fcnlerin K\u00f6p\u00fc\u011f\u00fc"},"content":{"rendered":"<p>\u201c\u2018\u00c2\u015f\u0131k olmak isterdim,\u2019 dedi Colin. \u2018\u00c2\u015f\u0131k olmak isterdin. O da ayn\u0131s\u0131n\u0131 isterdi (yani \u00e2\u015f\u0131k olmak). Biz, siz, \u00e2\u015f\u0131k olmak isterdik, isterdiniz, onlar da isterlerdi.\u2019\u201d   M\u00fczi\u011fin renklere, renklerin duygulara d\u00f6n\u00fc\u015f\u00fcverdi\u011fi, mutlulu\u011fun hacim kazan\u0131p insan\u0131n g\u00f6zlerinden ta\u015ft\u0131\u011f\u0131 bu tuhaf d\u00fcnyada bir Colin vard\u0131. Muhte\u015fem a\u015f\u00e7\u0131s\u0131 Nicolas\u2019\u0131n g\u00fczelim yemekleri, kara b\u0131y\u0131kl\u0131 farenin \u015firinli\u011fi, can dostu Chick\u2019inJeanSol Partre muhabbetleri onu yeterince teselli etmiyordu art\u0131k. Colin \u00e2\u015f\u0131k olmak istiyordu. Ve \u00e7i\u00e7ekleri k\u0131skand\u0131ran g\u00fczellikteki Chlo\u00e9 ile tek bir dans buna yetti.    G\u00fcnlerin K\u00f6p\u00fc\u011f\u00fc ger\u00e7ekli\u011fin e\u011filip b\u00fck\u00fcld\u00fc\u011f\u00fc, \u015fenlenip kedere batt\u0131\u011f\u0131, a\u015fk\u0131n en s\u0131rad\u0131\u015f\u0131 bi\u00e7im ve \u00fcslupla ortaya konuldu\u011fu bir roman; d\u00fcnyaya \u00e7i\u00e7ek d\u00fcrb\u00fcn\u00fcnden bakan bir hik\u00e2ye.   \u201c\u00c7a\u011f\u0131m\u0131z\u0131n en dokunakl\u0131 a\u015fk hik\u00e2yesi.\u201d \u2013Raymond Queneau <\/p>\n","protected":false},"excerpt":{"rendered":"<p>\u201c\u2018\u00c2\u015f\u0131k olmak isterdim,\u2019 dedi Colin. \u2018\u00c2\u015f\u0131k olmak isterdin. O da ayn\u0131s\u0131n\u0131 isterdi (yani \u00e2\u015f\u0131k olmak). Biz, siz, \u00e2\u015f\u0131k olmak isterdik, isterdiniz, onlar da isterlerdi.\u2019\u201d M\u00fczi\u011fin renklere,<span class=\"excerpt-hellip\"> [\u2026]<\/span><\/p>\n","protected":false},"featured_media":0,"template":"","meta":{"_monsterinsights_skip_tracking":false,"_monsterinsights_sitenote_active":false,"_monsterinsights_sitenote_note":"","_monsterinsights_sitenote_category":0},"product_brand":[],"product_cat":[12291,12711],"product_tag":[],"class_list":{"0":"post-737609","1":"product","2":"type-product","3":"status-publish","5":"product_cat-edebiyat","6":"product_cat-roman-oyku","7":"pa_cilt-ciltsiz","8":"pa_tur-kitap","9":"pa_yayinevi-ithaki-yayinlari","10":"pa_yazar-boris-vian","12":"first","13":"instock","14":"sale","15":"shipping-taxable","16":"purchasable","17":"product-type-simple"},"_links":{"self":[{"href":"https:\/\/roveyayinevi.com.tr\/index.php\/wp-json\/wp\/v2\/product\/737609","targetHints":{"allow":["GET"]}}],"collection":[{"href":"https:\/\/roveyayinevi.com.tr\/index.php\/wp-json\/wp\/v2\/product"}],"about":[{"href":"https:\/\/roveyayinevi.com.tr\/index.php\/wp-json\/wp\/v2\/types\/product"}],"wp:attachment":[{"href":"https:\/\/roveyayinevi.com.tr\/index.php\/wp-json\/wp\/v2\/media?parent=737609"}],"wp:term":[{"taxonomy":"product_brand","embeddable":true,"href":"https:\/\/roveyayinevi.com.tr\/index.php\/wp-json\/wp\/v2\/product_brand?post=737609"},{"taxonomy":"product_cat","embeddable":true,"href":"https:\/\/roveyayinevi.com.tr\/index.php\/wp-json\/wp\/v2\/product_cat?post=737609"},{"taxonomy":"product_tag","embeddable":true,"href":"https:\/\/roveyayinevi.com.tr\/index.php\/wp-json\/wp\/v2\/product_tag?post=737609"}],"curies":[{"name":"wp","href":"https:\/\/api.w.org\/{rel}","templated":true}]}}