{"id":737608,"date":"2025-08-27T23:32:03","date_gmt":"2025-08-27T20:32:03","guid":{"rendered":"https:\/\/roveyayinevi.com.tr\/index.php\/urun\/loudun-seytanlari\/"},"modified":"2026-04-16T02:46:59","modified_gmt":"2026-04-15T23:46:59","slug":"loudun-seytanlari","status":"publish","type":"product","link":"https:\/\/roveyayinevi.com.tr\/index.php\/urun\/loudun-seytanlari\/","title":{"rendered":"Loudun \u015eeytanlar\u0131"},"content":{"rendered":"<p>Hem edebiyata hem de felsefeye b\u00fcy\u00fck katk\u0131lar sa\u011flayan, ba\u015fta Cesur Yeni D\u00fcnya, Alg\u0131 Kap\u0131lar\u0131 ve Ada olmak \u00fczere yazd\u0131\u011f\u0131 elli kadar kitapla yaln\u0131zca \u00e7a\u011f\u0131n\u0131 de\u011fil \u00e7a\u011fda\u015flar\u0131n\u0131 da derinden etkileyen, d\u00f6neminin en \u00fcnl\u00fc entelekt\u00fcellerinden \u0130ngiliz yazar Aldous Huxley, yedi kez de Nobel Edebiyat \u00d6d\u00fcl\u00fc\u2019ne aday g\u00f6sterildi. Huxley\u2019nin hem hik\u00e2ye anlat\u0131c\u0131l\u0131\u011f\u0131ndaki hem de ara\u015ft\u0131rmac\u0131l\u0131\u011f\u0131ndaki ustal\u0131\u011f\u0131n\u0131 g\u00f6zler \u00f6n\u00fcne serdi\u011fi Loudun \u015eeytanlar\u0131 ise \u201ckurgud\u0131\u015f\u0131 roman\u201d olarak kabul ediliyor.   Ger\u00e7ek olaylara dayanan ve bir roman gibi kaleme al\u0131nan kitapta, 17. y\u00fczy\u0131lda Fransa\u2019n\u0131n Loudun kentindeki Ursulin rahibelerinin \u015feytan taraf\u0131ndan ele ge\u00e7irilmelerine sebep olmakla su\u00e7lanan Rahip Urbain Grandier\u2019nin t\u00fcyler \u00fcrpertici hik\u00e2yesi anlat\u0131l\u0131rken, H\u0131ristiyanl\u0131k, mistisizm ve \u015feytan \u00e7\u0131karma gibi konularda da tarihsel \u00f6neme sahip anekdotlar aktar\u0131l\u0131yor.   1971\u2019de Ken Russell taraf\u0131ndan sinemaya da uyarlanan Loudun \u015eeytanlar\u0131, ele\u015ftirel ve felsefi y\u00f6n\u00fc a\u011f\u0131r basan, kendine has bir kitap.\u201cHem bir yazar hem de bir d\u00fc\u015f\u00fcn\u00fcr olarak Huxley\u2019nin imza att\u0131\u011f\u0131 en iyi kitaplardan biri.\u201d  \u2013The Guardian   \u201cLoudun \u015eeytanlar\u0131\u2019nda kariyerinin zirvesinde olan Huxley, kahraman yaratmaktaki \u00e7arp\u0131c\u0131 yetene\u011fini ve tarihe kar\u0131\u015fan d\u00f6nemlerin ger\u00e7ek havas\u0131n\u0131 canland\u0131rmaktaki becerisini ortaya koyuyor.\u201d  \u2013The New York Times <\/p>\n","protected":false},"excerpt":{"rendered":"<p>Hem edebiyata hem de felsefeye b\u00fcy\u00fck katk\u0131lar sa\u011flayan, ba\u015fta Cesur Yeni D\u00fcnya, Alg\u0131 Kap\u0131lar\u0131 ve Ada olmak \u00fczere yazd\u0131\u011f\u0131 elli kadar kitapla yaln\u0131zca \u00e7a\u011f\u0131n\u0131 de\u011fil \u00e7a\u011fda\u015flar\u0131n\u0131<span class=\"excerpt-hellip\"> [\u2026]<\/span><\/p>\n","protected":false},"featured_media":0,"template":"","meta":{"_monsterinsights_skip_tracking":false,"_monsterinsights_sitenote_active":false,"_monsterinsights_sitenote_note":"","_monsterinsights_sitenote_category":0},"product_brand":[],"product_cat":[12291,12711],"product_tag":[],"class_list":{"0":"post-737608","1":"product","2":"type-product","3":"status-publish","5":"product_cat-edebiyat","6":"product_cat-roman-oyku","7":"pa_cilt-ciltsiz","8":"pa_tur-kitap","9":"pa_yayinevi-ithaki-yayinlari","10":"pa_yazar-aldous-huxley","12":"first","13":"instock","14":"sale","15":"shipping-taxable","16":"purchasable","17":"product-type-simple"},"_links":{"self":[{"href":"https:\/\/roveyayinevi.com.tr\/index.php\/wp-json\/wp\/v2\/product\/737608","targetHints":{"allow":["GET"]}}],"collection":[{"href":"https:\/\/roveyayinevi.com.tr\/index.php\/wp-json\/wp\/v2\/product"}],"about":[{"href":"https:\/\/roveyayinevi.com.tr\/index.php\/wp-json\/wp\/v2\/types\/product"}],"wp:attachment":[{"href":"https:\/\/roveyayinevi.com.tr\/index.php\/wp-json\/wp\/v2\/media?parent=737608"}],"wp:term":[{"taxonomy":"product_brand","embeddable":true,"href":"https:\/\/roveyayinevi.com.tr\/index.php\/wp-json\/wp\/v2\/product_brand?post=737608"},{"taxonomy":"product_cat","embeddable":true,"href":"https:\/\/roveyayinevi.com.tr\/index.php\/wp-json\/wp\/v2\/product_cat?post=737608"},{"taxonomy":"product_tag","embeddable":true,"href":"https:\/\/roveyayinevi.com.tr\/index.php\/wp-json\/wp\/v2\/product_tag?post=737608"}],"curies":[{"name":"wp","href":"https:\/\/api.w.org\/{rel}","templated":true}]}}