{"id":737607,"date":"2025-08-27T23:32:02","date_gmt":"2025-08-27T20:32:02","guid":{"rendered":"https:\/\/roveyayinevi.com.tr\/index.php\/urun\/kikinin-cadi-kargosu-1\/"},"modified":"2026-04-16T02:46:59","modified_gmt":"2026-04-15T23:46:59","slug":"kikinin-cadi-kargosu-1","status":"publish","type":"product","link":"https:\/\/roveyayinevi.com.tr\/index.php\/urun\/kikinin-cadi-kargosu-1\/","title":{"rendered":"Kiki\u2019nin Cad\u0131 Kargosu 1"},"content":{"rendered":"<p>Hayao Miyazaki\u2019nin en sevilen filmlerinden birinin uyarland\u0131\u011f\u0131 seride k\u00fc\u00e7\u00fck cad\u0131 Kiki, her on \u00fc\u00e7 ya\u015f\u0131na gelen cad\u0131 gibi evden ayr\u0131l\u0131p tek ba\u015f\u0131na bir sene ge\u00e7irmek zorundad\u0131r. B\u00fcy\u00fc yapmak konusunda acemi olsa da Kiki\u2019nin \u00e7ok iyi oldu\u011fu bir \u00f6zelli\u011fi vard\u0131r: U\u00e7mak.   Kedisi ve en yak\u0131n arkada\u015f\u0131 Jiji ile birlikte s\u00fcp\u00fcrgesine atlay\u0131p kendine yeni bir yuva olabilecek \u015fehri aramaya koyulur. Y\u00fcksek saat kulesiyle denizin k\u0131y\u0131s\u0131nda duran Koriko tam da Kiki\u2019nin hayalindeki gibi bir yerdir. Kendine g\u00fcvenen Kiki, Koriko\u2019ya u\u00e7ar ve g\u00fc\u00e7lerinin kasaba halk\u0131na kolayl\u0131k ve ne\u015fe getirece\u011fini umar. Ancak halk\u0131n g\u00fcvenini kazanmak, yabanc\u0131 bir \u015fehirle tan\u0131\u015fmak pek de kolay de\u011fildir. Bir cad\u0131 i\u00e7in bile.   Akiko Haya\u015fi\u2019nin \u00e7izimleriyle <\/p>\n","protected":false},"excerpt":{"rendered":"<p>Hayao Miyazaki\u2019nin en sevilen filmlerinden birinin uyarland\u0131\u011f\u0131 seride k\u00fc\u00e7\u00fck cad\u0131 Kiki, her on \u00fc\u00e7 ya\u015f\u0131na gelen cad\u0131 gibi evden ayr\u0131l\u0131p tek ba\u015f\u0131na bir sene ge\u00e7irmek zorundad\u0131r.<span class=\"excerpt-hellip\"> [\u2026]<\/span><\/p>\n","protected":false},"featured_media":0,"template":"","meta":{"_monsterinsights_skip_tracking":false,"_monsterinsights_sitenote_active":false,"_monsterinsights_sitenote_note":"","_monsterinsights_sitenote_category":0},"product_brand":[],"product_cat":[12291,14777],"product_tag":[],"class_list":{"0":"post-737607","1":"product","2":"type-product","3":"status-publish","5":"product_cat-edebiyat","6":"product_cat-fantastik","7":"pa_cilt-ciltsiz","8":"pa_tur-kitap","9":"pa_yayinevi-ithaki-yayinlari","10":"pa_yazar-eiko-kadono","12":"first","13":"instock","14":"sale","15":"shipping-taxable","16":"purchasable","17":"product-type-simple"},"_links":{"self":[{"href":"https:\/\/roveyayinevi.com.tr\/index.php\/wp-json\/wp\/v2\/product\/737607","targetHints":{"allow":["GET"]}}],"collection":[{"href":"https:\/\/roveyayinevi.com.tr\/index.php\/wp-json\/wp\/v2\/product"}],"about":[{"href":"https:\/\/roveyayinevi.com.tr\/index.php\/wp-json\/wp\/v2\/types\/product"}],"wp:attachment":[{"href":"https:\/\/roveyayinevi.com.tr\/index.php\/wp-json\/wp\/v2\/media?parent=737607"}],"wp:term":[{"taxonomy":"product_brand","embeddable":true,"href":"https:\/\/roveyayinevi.com.tr\/index.php\/wp-json\/wp\/v2\/product_brand?post=737607"},{"taxonomy":"product_cat","embeddable":true,"href":"https:\/\/roveyayinevi.com.tr\/index.php\/wp-json\/wp\/v2\/product_cat?post=737607"},{"taxonomy":"product_tag","embeddable":true,"href":"https:\/\/roveyayinevi.com.tr\/index.php\/wp-json\/wp\/v2\/product_tag?post=737607"}],"curies":[{"name":"wp","href":"https:\/\/api.w.org\/{rel}","templated":true}]}}