{"id":737606,"date":"2025-08-27T23:32:01","date_gmt":"2025-08-27T20:32:01","guid":{"rendered":"https:\/\/roveyayinevi.com.tr\/index.php\/urun\/ahtapot-ile-sessiz-balina\/"},"modified":"2026-04-16T02:46:59","modified_gmt":"2026-04-15T23:46:59","slug":"ahtapot-ile-sessiz-balina","status":"publish","type":"product","link":"https:\/\/roveyayinevi.com.tr\/index.php\/urun\/ahtapot-ile-sessiz-balina\/","title":{"rendered":"Ahtapot \u0130le Sessiz Balina"},"content":{"rendered":"<p>Bazen kendimizi yaln\u0131z hissederiz. Sesimizin duyulmad\u0131\u011f\u0131n\u0131, \u015fark\u0131lar\u0131m\u0131z\u0131 kimsenin s\u00f6ylemedi\u011fini, s\u00f6ylediklerimizin anla\u015f\u0131lmad\u0131\u011f\u0131n\u0131 d\u00fc\u015f\u00fcn\u00fcr\u00fcz. Ama belki de bir yerlerde bir dost, kalbimizi ona a\u00e7mam\u0131z\u0131 bekliyor ve \u015fark\u0131lar\u0131m\u0131z\u0131 bizimle birlikte s\u00f6ylemek i\u00e7in sab\u0131rs\u0131zlan\u0131yordur. Ger\u00e7ek bir olaydan al\u0131nan ilhamla yaz\u0131lan bu hik\u00e2yede, ahtapot ile sessiz balinan\u0131n beklenmedik dostlu\u011funa tan\u0131k oluyoruz. \u00c7\u00fcnk\u00fc hayat her yerde; karada, havada ve denizde, her zaman s\u00fcrprizlerle doludur!   1992\u2019de, Pasifik Okyanusu\u2019nun derinliklerinde, daha \u00f6nce hi\u00e7 kaydedilmeyen, ba\u015fka balinalar\u0131n seslerine benzemeyen bir ses duyuldu. Ara\u015ft\u0131rmac\u0131lar, bu sesin 52 Hertz frekans\u0131nda oldu\u011funu ve di\u011fer balinalar\u0131n \u00e7\u0131kard\u0131\u011f\u0131 ses frekans\u0131na uymad\u0131\u011f\u0131n\u0131 fark ettiler. Bu durumda, di\u011fer balinalar bu sesi duyamaz ve s\u00fcr\u00fclerine bu balinay\u0131 alamazlard\u0131. Bilim insanlar\u0131 balinan\u0131n ad\u0131n\u0131 52 Hertz koydular ve y\u0131llarca onu takip ettiler. Ger\u00e7ekten de 52 Hertz Balina, hi\u00e7bir s\u00fcr\u00fcye dahil olam\u0131yor ve okyanusta yapayaln\u0131z dola\u015f\u0131yordu. Bu s\u00fcre boyunca \u00e7\u0131kard\u0131\u011f\u0131 seslere, belki de s\u00f6yledi\u011fi \u015fark\u0131lara hi\u00e7bir balinadan kar\u015f\u0131l\u0131k gelmedi. Bu h\u00fcz\u00fcnl\u00fc ger\u00e7eklik, yazar G\u00f6k\u00e7e G\u00f6k\u00e7eer\u2019e ilham verdi ve ortaya Ahtapot ile Sessiz Balina\u2019n\u0131n e\u015fsiz dostlu\u011funu anlatan bu hik\u00e2ye \u00e7\u0131kt\u0131. Uluslararas\u0131 yar\u0131\u015fmalarda aday g\u00f6sterilerek \u00fclkemizi temsil eden, bir\u00e7ok \u00f6d\u00fcl\u00fcn sahibi \u00e7izer U\u011fur Altun\u2019un sanat\u0131yla birle\u015fen bu hik\u00e2ye, bizlere bamba\u015fka bir d\u00fcnyan\u0131n kap\u0131s\u0131n\u0131 aral\u0131yor\u2026    G\u00f6k\u00e7e G\u00f6k\u00e7eer Ankara\u2019da b\u00fcy\u00fcd\u00fc. Hacettepe \u00dcniversitesi\u2019nde felsefe e\u011fitimi ald\u0131. Yay\u0131nc\u0131l\u0131k hayat\u0131 boyunca bir\u00e7ok yay\u0131nevi ve dergi grubunda redakt\u00f6r ve edit\u00f6r olarak \u00e7al\u0131\u015ft\u0131. Bir g\u00fcn ger\u00e7ek bir bar\u0131nak k\u00f6pe\u011fi ona ilham verdi ve ortaya \u00e7ocuklar\u0131n \u00e7ok severek okudu\u011fu \u201cP\u00f6ti\u201d serisi \u00e7\u0131kt\u0131. B\u00f6ylelikle kendi hik\u00e2yelerini yazmaya ba\u015flad\u0131. Halen \u00e7ocuk edebiyat\u0131n\u0131n bir\u00e7ok alan\u0131nda emek veriyor; kendi hik\u00e2yelerini payla\u015fmaya devam ediyor, \u00e7ocuk kitaplar\u0131yla ilgili tan\u0131t\u0131m ve de\u011ferlendirme yaz\u0131lar\u0131 yaz\u0131yor, edit\u00f6rl\u00fck yap\u0131yor. K\u0131z\u0131 ve iki kedisiyle birlikte \u0130stanbul\u2019da ya\u015f\u0131yor.   U\u011fur Altun 1987&#8217;de Rize&#8217;de do\u011fdu. 2012 y\u0131l\u0131nda Bilkent \u00dcniversitesi Grafik Tasar\u0131m B\u00f6l\u00fcm\u00fc&#8217;nden burslu mezun oldu. 2013&#8217;ten beri \u00fcretti\u011fi i\u015flerle hem ulusal hem de uluslararas\u0131 yar\u0131\u015fmalarda bir\u00e7ok \u00f6d\u00fcl ald\u0131. 2021&#8217;de IBBY T\u00fcrkiye taraf\u0131ndan ALMA&#8217;ya (Astrid Lindgren Memorial \u00d6d\u00fcl\u00fc) aday g\u00f6sterildi. Halen Ya\u015far \u00dcniversitesi&#8217;nde ill\u00fcstrasyon dersleri veriyor ve serbest tasar\u0131mc\u0131 olarak \u00e7al\u0131\u015fmalar\u0131na devam ediyor.  <\/p>\n","protected":false},"excerpt":{"rendered":"<p>Bazen kendimizi yaln\u0131z hissederiz. Sesimizin duyulmad\u0131\u011f\u0131n\u0131, \u015fark\u0131lar\u0131m\u0131z\u0131 kimsenin s\u00f6ylemedi\u011fini, s\u00f6ylediklerimizin anla\u015f\u0131lmad\u0131\u011f\u0131n\u0131 d\u00fc\u015f\u00fcn\u00fcr\u00fcz. Ama belki de bir yerlerde bir dost, kalbimizi ona a\u00e7mam\u0131z\u0131 bekliyor ve \u015fark\u0131lar\u0131m\u0131z\u0131 bizimle<span class=\"excerpt-hellip\"> [\u2026]<\/span><\/p>\n","protected":false},"featured_media":0,"template":"","meta":{"_monsterinsights_skip_tracking":false,"_monsterinsights_sitenote_active":false,"_monsterinsights_sitenote_note":"","_monsterinsights_sitenote_category":0},"product_brand":[],"product_cat":[12274,12518],"product_tag":[],"class_list":{"0":"post-737606","1":"product","2":"type-product","3":"status-publish","5":"product_cat-cocuk-ve-genclik-kitaplari","6":"product_cat-okul-oncesi-kitaplar","7":"pa_cilt-ciltsiz","8":"pa_tur-kitap","9":"pa_yayinevi-redhouse-kidz-yayinlari","10":"pa_yazar-gokce-gokceer","12":"first","13":"instock","14":"sale","15":"shipping-taxable","16":"purchasable","17":"product-type-simple"},"_links":{"self":[{"href":"https:\/\/roveyayinevi.com.tr\/index.php\/wp-json\/wp\/v2\/product\/737606","targetHints":{"allow":["GET"]}}],"collection":[{"href":"https:\/\/roveyayinevi.com.tr\/index.php\/wp-json\/wp\/v2\/product"}],"about":[{"href":"https:\/\/roveyayinevi.com.tr\/index.php\/wp-json\/wp\/v2\/types\/product"}],"wp:attachment":[{"href":"https:\/\/roveyayinevi.com.tr\/index.php\/wp-json\/wp\/v2\/media?parent=737606"}],"wp:term":[{"taxonomy":"product_brand","embeddable":true,"href":"https:\/\/roveyayinevi.com.tr\/index.php\/wp-json\/wp\/v2\/product_brand?post=737606"},{"taxonomy":"product_cat","embeddable":true,"href":"https:\/\/roveyayinevi.com.tr\/index.php\/wp-json\/wp\/v2\/product_cat?post=737606"},{"taxonomy":"product_tag","embeddable":true,"href":"https:\/\/roveyayinevi.com.tr\/index.php\/wp-json\/wp\/v2\/product_tag?post=737606"}],"curies":[{"name":"wp","href":"https:\/\/api.w.org\/{rel}","templated":true}]}}