{"id":737605,"date":"2025-08-27T23:32:00","date_gmt":"2025-08-27T20:32:00","guid":{"rendered":"https:\/\/roveyayinevi.com.tr\/index.php\/urun\/hayat-ve-sanat\/"},"modified":"2026-04-16T02:46:59","modified_gmt":"2026-04-15T23:46:59","slug":"hayat-ve-sanat","status":"publish","type":"product","link":"https:\/\/roveyayinevi.com.tr\/index.php\/urun\/hayat-ve-sanat\/","title":{"rendered":"Hayat ve Sanat"},"content":{"rendered":"<p>\u0130\u00e7indekiler DEDE KORKUT H\u0130K\u00c2YELER\u0130NDEN KANGLI KOCA O\u011eLU KAN TURALI H\u0130K\u00c2YES\u0130NDEK\u0130 M\u0130TOLOJ\u0130K \u00d6GELER\u0130N G\u00d6STERGEB\u0130L\u0130MSEL ANAL\u0130Z\u0130 K\u0130TAB-DEDE KORKUT DESTANINDA \u0130NSAN H\u00dcZN\u00dcN\u00dcN \u015e\u0130\u0130RSEL YANSIMASI G\u00dcL\u015eEHR\u00ce\u2018N\u0130N MANTIKU\u201fT-TAYR MESNEV\u0130S\u0130NDE FORM\u00dcL\u0130ST\u0130K SAYILAR OLGUNLA\u015eMA ENST\u0130T\u00dcLER\u0130N\u0130N ULUSAL KALIT KOLEKS\u0130YONLARINA A\u0130T BAZI \u00d6RNEKLER\u0130N K\u00dcLT\u00dcREL KORUMA BA\u011eLAMINDA DE\u011eERLEND\u0130R\u0130LMES\u0130 EDEB\u0130YAT ESER\u0130NDE YAZAR\/\u015eA\u0130R K\u0130\u015e\u0130L\u0130\u011e\u0130NE ULA\u015eMANIN \u0130PU\u00c7LARI PSYCHOANALYTIC APPROACH TO JOSEPH ANDREWS BY HENRY FIELDING OSMANLI\u2018DA GEC\u0130KM\u0130\u015e MODERNLE\u015eME: TANZ\u0130MAT\u2018IN DO\u011eU\u015eU FRANZ KAFKA\u2018NIN D\u00d6N\u00dc\u015e\u00dcM\u2018\u00dcNDE VARLI\u011eIN YOK OLU\u015e ESTET\u0130\u011e\u0130 MEDYALARARASILIK BA\u011eLAMINDA K\u0130TAPTAN EKRANA B\u0130R EDEB\u0130YAT UYARLAMASI \u00d6RNE\u011e\u0130: HAVADA BULUT EZ\u0130ZE CEFERZADE SANATINDA CEFER CABBARLI ETK\u0130S\u0130 D\u0130L\u0130M\u0130Z\u0130N GEL\u0130\u015eMES\u0130NDE ATAT\u00dcRK\u2018\u00dcN ROL\u00dc <\/p>\n","protected":false},"excerpt":{"rendered":"<p>\u0130\u00e7indekiler DEDE KORKUT H\u0130K\u00c2YELER\u0130NDEN KANGLI KOCA O\u011eLU KAN TURALI H\u0130K\u00c2YES\u0130NDEK\u0130 M\u0130TOLOJ\u0130K \u00d6GELER\u0130N G\u00d6STERGEB\u0130L\u0130MSEL ANAL\u0130Z\u0130 K\u0130TAB-DEDE KORKUT DESTANINDA \u0130NSAN H\u00dcZN\u00dcN\u00dcN \u015e\u0130\u0130RSEL YANSIMASI G\u00dcL\u015eEHR\u00ce\u2018N\u0130N MANTIKU\u201fT-TAYR MESNEV\u0130S\u0130NDE FORM\u00dcL\u0130ST\u0130K SAYILAR<span class=\"excerpt-hellip\"> [\u2026]<\/span><\/p>\n","protected":false},"featured_media":0,"template":"","meta":{"_monsterinsights_skip_tracking":false,"_monsterinsights_sitenote_active":false,"_monsterinsights_sitenote_note":"","_monsterinsights_sitenote_category":0},"product_brand":[],"product_cat":[44608,12408],"product_tag":[],"class_list":{"0":"post-737605","1":"product","2":"type-product","3":"status-publish","5":"product_cat-diger-sanat","6":"product_cat-sanat","7":"pa_cilt-ciltsiz","8":"pa_tur-kitap","9":"pa_yayinevi-gazi-kitabevi","10":"pa_yazar-gazi-kitabevi-kolektif","12":"first","13":"instock","14":"sale","15":"shipping-taxable","16":"purchasable","17":"product-type-simple"},"_links":{"self":[{"href":"https:\/\/roveyayinevi.com.tr\/index.php\/wp-json\/wp\/v2\/product\/737605","targetHints":{"allow":["GET"]}}],"collection":[{"href":"https:\/\/roveyayinevi.com.tr\/index.php\/wp-json\/wp\/v2\/product"}],"about":[{"href":"https:\/\/roveyayinevi.com.tr\/index.php\/wp-json\/wp\/v2\/types\/product"}],"wp:attachment":[{"href":"https:\/\/roveyayinevi.com.tr\/index.php\/wp-json\/wp\/v2\/media?parent=737605"}],"wp:term":[{"taxonomy":"product_brand","embeddable":true,"href":"https:\/\/roveyayinevi.com.tr\/index.php\/wp-json\/wp\/v2\/product_brand?post=737605"},{"taxonomy":"product_cat","embeddable":true,"href":"https:\/\/roveyayinevi.com.tr\/index.php\/wp-json\/wp\/v2\/product_cat?post=737605"},{"taxonomy":"product_tag","embeddable":true,"href":"https:\/\/roveyayinevi.com.tr\/index.php\/wp-json\/wp\/v2\/product_tag?post=737605"}],"curies":[{"name":"wp","href":"https:\/\/api.w.org\/{rel}","templated":true}]}}