{"id":737604,"date":"2025-08-27T23:31:59","date_gmt":"2025-08-27T20:31:59","guid":{"rendered":"https:\/\/roveyayinevi.com.tr\/index.php\/urun\/faaliyet-giderleri-ve-finansal-performans-teori-ve-uygulama\/"},"modified":"2026-04-16T02:46:59","modified_gmt":"2026-04-15T23:46:59","slug":"faaliyet-giderleri-ve-finansal-performans-teori-ve-uygulama","status":"publish","type":"product","link":"https:\/\/roveyayinevi.com.tr\/index.php\/urun\/faaliyet-giderleri-ve-finansal-performans-teori-ve-uygulama\/","title":{"rendered":"Faaliyet Giderleri ve Finansal Performans Teori ve Uygulama"},"content":{"rendered":"<p>\u0130\u00e7indekiler   B\u0130R\u0130NC\u0130 B\u00d6L\u00dcM : GEL\u0130R VE G\u0130DER KAVRAMLARI VE FAAL\u0130YET G\u0130DERLER\u0130   \u0130K\u0130NC\u0130 B\u00d6L\u00dcM : F\u0130NANSAL PERFORMANS VE \u00d6L\u00c7\u00dcM Y\u00d6NTEMLER\u0130   \u00dc\u00c7\u00dcNC\u00dc B\u00d6L\u00dcM : FAAL\u0130YET G\u0130DERLER\u0130 \u0130LE F\u0130NANSAL PERFORMANS \u0130L\u0130\u015eK\u0130S\u0130   D\u00d6RD\u00dcNC\u00dc B\u00d6L\u00dcM : FAAL\u0130YET G\u0130DERLER\u0130N\u0130N F\u0130NANSAL PERFORMANSA ETK\u0130S\u0130: BORSA \u0130STANBUL \u00d6RNE\u011e\u0130   <\/p>\n","protected":false},"excerpt":{"rendered":"<p>\u0130\u00e7indekiler B\u0130R\u0130NC\u0130 B\u00d6L\u00dcM : GEL\u0130R VE G\u0130DER KAVRAMLARI VE FAAL\u0130YET G\u0130DERLER\u0130 \u0130K\u0130NC\u0130 B\u00d6L\u00dcM : F\u0130NANSAL PERFORMANS VE \u00d6L\u00c7\u00dcM Y\u00d6NTEMLER\u0130 \u00dc\u00c7\u00dcNC\u00dc B\u00d6L\u00dcM : FAAL\u0130YET G\u0130DERLER\u0130 \u0130LE F\u0130NANSAL<span class=\"excerpt-hellip\"> [\u2026]<\/span><\/p>\n","protected":false},"featured_media":0,"template":"","meta":{"_monsterinsights_skip_tracking":false,"_monsterinsights_sitenote_active":false,"_monsterinsights_sitenote_note":"","_monsterinsights_sitenote_category":0},"product_brand":[],"product_cat":[17249,13043],"product_tag":[],"class_list":{"0":"post-737604","1":"product","2":"type-product","3":"status-publish","5":"product_cat-borsa-finans","6":"product_cat-ekonomi","7":"pa_cilt-ciltsiz","8":"pa_tur-kitap","9":"pa_yayinevi-gazi-kitabevi","10":"pa_yazar-yunus-kaya","12":"first","13":"instock","14":"sale","15":"shipping-taxable","16":"purchasable","17":"product-type-simple"},"_links":{"self":[{"href":"https:\/\/roveyayinevi.com.tr\/index.php\/wp-json\/wp\/v2\/product\/737604","targetHints":{"allow":["GET"]}}],"collection":[{"href":"https:\/\/roveyayinevi.com.tr\/index.php\/wp-json\/wp\/v2\/product"}],"about":[{"href":"https:\/\/roveyayinevi.com.tr\/index.php\/wp-json\/wp\/v2\/types\/product"}],"wp:attachment":[{"href":"https:\/\/roveyayinevi.com.tr\/index.php\/wp-json\/wp\/v2\/media?parent=737604"}],"wp:term":[{"taxonomy":"product_brand","embeddable":true,"href":"https:\/\/roveyayinevi.com.tr\/index.php\/wp-json\/wp\/v2\/product_brand?post=737604"},{"taxonomy":"product_cat","embeddable":true,"href":"https:\/\/roveyayinevi.com.tr\/index.php\/wp-json\/wp\/v2\/product_cat?post=737604"},{"taxonomy":"product_tag","embeddable":true,"href":"https:\/\/roveyayinevi.com.tr\/index.php\/wp-json\/wp\/v2\/product_tag?post=737604"}],"curies":[{"name":"wp","href":"https:\/\/api.w.org\/{rel}","templated":true}]}}