{"id":737603,"date":"2025-08-27T23:31:59","date_gmt":"2025-08-27T20:31:59","guid":{"rendered":"https:\/\/roveyayinevi.com.tr\/index.php\/urun\/kuresellesme-ve-avrupa-birligi-ekseninde-turkiyedeki-spor-politikalarinin-degisimi\/"},"modified":"2026-04-16T02:46:59","modified_gmt":"2026-04-15T23:46:59","slug":"kuresellesme-ve-avrupa-birligi-ekseninde-turkiyedeki-spor-politikalarinin-degisimi","status":"publish","type":"product","link":"https:\/\/roveyayinevi.com.tr\/index.php\/urun\/kuresellesme-ve-avrupa-birligi-ekseninde-turkiyedeki-spor-politikalarinin-degisimi\/","title":{"rendered":"K\u00fcreselle\u015fme ve Avrupa Birli\u011fi Ekseninde T\u00fcrkiye&#8217;deki Spor Politikalar\u0131n\u0131n De\u011fi\u015fimi"},"content":{"rendered":"<p>\u0130\u00e7indekiler 1.       B\u00d6L\u00dcM : KURAMSAL \u00c7ER\u00c7EVE VE \u0130LG\u0130L\u0130 ARA\u015eTIRMALAR 2.       B\u00d6L\u00dcM : MATERYAL VE Y\u00d6NTEM 3.       B\u00d6L\u00dcM : ARA\u015eTIRMA BULGULARI <\/p>\n","protected":false},"excerpt":{"rendered":"<p>\u0130\u00e7indekiler 1. B\u00d6L\u00dcM : KURAMSAL \u00c7ER\u00c7EVE VE \u0130LG\u0130L\u0130 ARA\u015eTIRMALAR 2. B\u00d6L\u00dcM : MATERYAL VE Y\u00d6NTEM 3. B\u00d6L\u00dcM : ARA\u015eTIRMA BULGULARI<\/p>\n","protected":false},"featured_media":0,"template":"","meta":{"_monsterinsights_skip_tracking":false,"_monsterinsights_sitenote_active":false,"_monsterinsights_sitenote_note":"","_monsterinsights_sitenote_category":0},"product_brand":[],"product_cat":[13043,65318],"product_tag":[],"class_list":{"0":"post-737603","1":"product","2":"type-product","3":"status-publish","5":"product_cat-ekonomi","6":"product_cat-kuresellesme","7":"pa_cilt-ciltsiz","8":"pa_tur-kitap","9":"pa_yayinevi-gazi-kitabevi","10":"pa_yazar-tuncay-ocal","12":"first","13":"instock","14":"sale","15":"shipping-taxable","16":"purchasable","17":"product-type-simple"},"_links":{"self":[{"href":"https:\/\/roveyayinevi.com.tr\/index.php\/wp-json\/wp\/v2\/product\/737603","targetHints":{"allow":["GET"]}}],"collection":[{"href":"https:\/\/roveyayinevi.com.tr\/index.php\/wp-json\/wp\/v2\/product"}],"about":[{"href":"https:\/\/roveyayinevi.com.tr\/index.php\/wp-json\/wp\/v2\/types\/product"}],"wp:attachment":[{"href":"https:\/\/roveyayinevi.com.tr\/index.php\/wp-json\/wp\/v2\/media?parent=737603"}],"wp:term":[{"taxonomy":"product_brand","embeddable":true,"href":"https:\/\/roveyayinevi.com.tr\/index.php\/wp-json\/wp\/v2\/product_brand?post=737603"},{"taxonomy":"product_cat","embeddable":true,"href":"https:\/\/roveyayinevi.com.tr\/index.php\/wp-json\/wp\/v2\/product_cat?post=737603"},{"taxonomy":"product_tag","embeddable":true,"href":"https:\/\/roveyayinevi.com.tr\/index.php\/wp-json\/wp\/v2\/product_tag?post=737603"}],"curies":[{"name":"wp","href":"https:\/\/api.w.org\/{rel}","templated":true}]}}