{"id":737601,"date":"2025-08-27T23:31:57","date_gmt":"2025-08-27T20:31:57","guid":{"rendered":"https:\/\/roveyayinevi.com.tr\/index.php\/urun\/anilarim\/"},"modified":"2026-04-16T02:46:59","modified_gmt":"2026-04-15T23:46:59","slug":"anilarim","status":"publish","type":"product","link":"https:\/\/roveyayinevi.com.tr\/index.php\/urun\/anilarim\/","title":{"rendered":"An\u0131lar\u0131m"},"content":{"rendered":"<p>\u201c1951 y\u0131l\u0131 sonbahar\u0131nda Elaz\u0131\u011f\u2019\u0131n k\u00fc\u00e7\u00fck, ancak \u015firin ve il merkezine yak\u0131n bir k\u00f6y\u00fcnde d\u00fcnyaya g\u00f6zlerimi a\u00e7m\u0131\u015f\u0131m. O y\u0131llarda \u00fclkenin i\u00e7erisinde bulundu\u011fu t\u00fcm s\u0131k\u0131nt\u0131lara ra\u011fmen insanlar\u0131n daha mutlu oldu\u011fu, elektri\u011fin, teknolojinin olmad\u0131\u011f\u0131 y\u0131llarda ilk, orta ve lise tahsilimi ger\u00e7ekle\u015ftirdim ve daha sonra devletin burs deste\u011fi ile Ankara\u2019da \u00fcniversite, Fransa\u2019da lisans\u00fcst\u00fc e\u011fitim hayat\u0131ma devam ettim.\u201d diye ba\u015fl\u0131yor an\u0131lar\u0131n\u0131 anlatmaya Bing\u00f6l. 20. y\u00fczy\u0131l\u0131n son yar\u0131s\u0131 ile 21. y\u00fczy\u0131l\u0131n ilk \u00e7eyre\u011fine tan\u0131kl\u0131k eden bir kalem, F\u0131rat \u00dcniversitesi\u2019nin kurulu\u015funu ve d\u00fcnden bug\u00fcne geldi\u011fi yeri ve nitelikli bir \u00fcniversitenin kurulu\u015f ve y\u00fckseli\u015f a\u015famalar\u0131n\u0131 da bizlerle payla\u015f\u0131yor. T\u00fcrl\u00fc zorluklara ra\u011fmen o k\u00fc\u00e7\u00fck, ancak \u015firin k\u00f6yden \u00e7\u0131k\u0131p profes\u00f6r olmay\u0131 ba\u015farm\u0131\u015f ve \u00fcniversitenin en y\u00fcksek idari makam\u0131 olan rekt\u00f6rl\u00fc\u011fe kadar gelmi\u015f bir bilim insan\u0131n\u0131n hayat hik\u00e2yesini okuyaca\u011f\u0131n\u0131z bu kitap, azmin ve do\u011frunun \u00f6n\u00fcnde hi\u00e7bir duvar\u0131n duramayaca\u011f\u0131n\u0131n canl\u0131 bir \u00f6rne\u011fi niteli\u011finde. <\/p>\n","protected":false},"excerpt":{"rendered":"<p>\u201c1951 y\u0131l\u0131 sonbahar\u0131nda Elaz\u0131\u011f\u2019\u0131n k\u00fc\u00e7\u00fck, ancak \u015firin ve il merkezine yak\u0131n bir k\u00f6y\u00fcnde d\u00fcnyaya g\u00f6zlerimi a\u00e7m\u0131\u015f\u0131m. O y\u0131llarda \u00fclkenin i\u00e7erisinde bulundu\u011fu t\u00fcm s\u0131k\u0131nt\u0131lara ra\u011fmen insanlar\u0131n daha<span class=\"excerpt-hellip\"> [\u2026]<\/span><\/p>\n","protected":false},"featured_media":0,"template":"","meta":{"_monsterinsights_skip_tracking":false,"_monsterinsights_sitenote_active":false,"_monsterinsights_sitenote_note":"","_monsterinsights_sitenote_category":0},"product_brand":[],"product_cat":[13701,12291],"product_tag":[],"class_list":{"0":"post-737601","1":"product","2":"type-product","3":"status-publish","5":"product_cat-ani-mektup-gunluk","6":"product_cat-edebiyat","7":"pa_cilt-ciltsiz","8":"pa_tur-kitap","9":"pa_yayinevi-karina-yayinevi","10":"pa_yazar-ahmet-feyzi-bingol","12":"first","13":"instock","14":"sale","15":"shipping-taxable","16":"purchasable","17":"product-type-simple"},"_links":{"self":[{"href":"https:\/\/roveyayinevi.com.tr\/index.php\/wp-json\/wp\/v2\/product\/737601","targetHints":{"allow":["GET"]}}],"collection":[{"href":"https:\/\/roveyayinevi.com.tr\/index.php\/wp-json\/wp\/v2\/product"}],"about":[{"href":"https:\/\/roveyayinevi.com.tr\/index.php\/wp-json\/wp\/v2\/types\/product"}],"wp:attachment":[{"href":"https:\/\/roveyayinevi.com.tr\/index.php\/wp-json\/wp\/v2\/media?parent=737601"}],"wp:term":[{"taxonomy":"product_brand","embeddable":true,"href":"https:\/\/roveyayinevi.com.tr\/index.php\/wp-json\/wp\/v2\/product_brand?post=737601"},{"taxonomy":"product_cat","embeddable":true,"href":"https:\/\/roveyayinevi.com.tr\/index.php\/wp-json\/wp\/v2\/product_cat?post=737601"},{"taxonomy":"product_tag","embeddable":true,"href":"https:\/\/roveyayinevi.com.tr\/index.php\/wp-json\/wp\/v2\/product_tag?post=737601"}],"curies":[{"name":"wp","href":"https:\/\/api.w.org\/{rel}","templated":true}]}}