{"id":737596,"date":"2025-08-27T23:31:51","date_gmt":"2025-08-27T20:31:51","guid":{"rendered":"https:\/\/roveyayinevi.com.tr\/index.php\/urun\/turkce-fiillerdeki-fosil-isimler\/"},"modified":"2026-04-16T02:46:59","modified_gmt":"2026-04-15T23:46:59","slug":"turkce-fiillerdeki-fosil-isimler","status":"publish","type":"product","link":"https:\/\/roveyayinevi.com.tr\/index.php\/urun\/turkce-fiillerdeki-fosil-isimler\/","title":{"rendered":"T\u00fcrk\u00e7e Fiillerdeki Fosil \u0130simler"},"content":{"rendered":"<p>Her g\u00fcn y\u00fcr\u00fcd\u00fc\u011f\u00fcn\u00fcz yolda bir fosil ta\u015f\u0131na rastlamak gibi, g\u00fcndelik dilde s\u0131kl\u0131kla kulland\u0131\u011f\u0131n\u0131z baz\u0131 fiillerin taban\u0131nda da fosil isimler bulabilirsiniz.    Bu fosil isimler ge\u00e7mi\u015fte ba\u011f\u0131ms\u0131z bir birim olarak kullan\u0131ld\u0131klar\u0131 halde bug\u00fcn onlardan t\u00fcreyen fiillerin taban\u0131nda kalm\u0131\u015f, tek ba\u015flar\u0131na kullan\u0131mlar\u0131 olduk\u00e7a azalm\u0131\u015f ya da tamamen ortadan kalkm\u0131\u015ft\u0131r.     Beze-, esirge-, ok\u015fa-, utan- fiillerinin taban\u0131ndaki fosil isimler nelerdir?     Bile- bocala-, b\u00f6b\u00fcrlen- fiillerindeki fosil isimler olan bi, boca, b\u00f6b\u00fcr hangi dillerden al\u0131nt\u0131d\u0131r?     Dinlen-, i\u011fren-, k\u0131skan- fiillerinde fosille\u015fen t\u0131n, ig, k\u0131z Eski T\u00fcrk\u00e7e d\u00f6nemindeki hangi metinlerde kullan\u0131lm\u0131\u015ft\u0131r?    Bekle-, kavur-, sakla- fiillerinin taban\u0131ndaki bek, kak, sak standart T\u00fcrk\u00e7ede fosille\u015fmi\u015fken Anadolu a\u011f\u0131zlar\u0131nda hangi anlamlarda kullan\u0131lmaya devam etmi\u015ftir?    Fosil isimleri ara\u015ft\u0131r\u0131rken s\u00f6zc\u00fcklerin k\u00f6kenine dair bilgilere ve yaz\u0131l\u0131 kaynaklardaki ser\u00fcvenine de de\u011finen elinizdeki \u00e7al\u0131\u015fma, standart T\u00fcrk\u00e7edeki 80 fiilin taban\u0131nda fosille\u015fmi\u015f 72 ismi ele almaktad\u0131r. \u00f6\u011frencilerimize yararl\u0131 olmas\u0131 dile\u011fiyle&#8230; <\/p>\n","protected":false},"excerpt":{"rendered":"<p>Her g\u00fcn y\u00fcr\u00fcd\u00fc\u011f\u00fcn\u00fcz yolda bir fosil ta\u015f\u0131na rastlamak gibi, g\u00fcndelik dilde s\u0131kl\u0131kla kulland\u0131\u011f\u0131n\u0131z baz\u0131 fiillerin taban\u0131nda da fosil isimler bulabilirsiniz. Bu fosil isimler ge\u00e7mi\u015fte ba\u011f\u0131ms\u0131z bir<span class=\"excerpt-hellip\"> [\u2026]<\/span><\/p>\n","protected":false},"featured_media":0,"template":"","meta":{"_monsterinsights_skip_tracking":false,"_monsterinsights_sitenote_active":false,"_monsterinsights_sitenote_note":"","_monsterinsights_sitenote_category":0},"product_brand":[],"product_cat":[20225,12291],"product_tag":[],"class_list":{"0":"post-737596","1":"product","2":"type-product","3":"status-publish","5":"product_cat-dil-bilim","6":"product_cat-edebiyat","7":"pa_cilt-ciltsiz","8":"pa_tur-kitap","9":"pa_yayinevi-bilge-kultur-sanat","10":"pa_yazar-ozge-ezel-sahiner-sila-can-erdogan","12":"first","13":"instock","14":"sale","15":"shipping-taxable","16":"purchasable","17":"product-type-simple"},"_links":{"self":[{"href":"https:\/\/roveyayinevi.com.tr\/index.php\/wp-json\/wp\/v2\/product\/737596","targetHints":{"allow":["GET"]}}],"collection":[{"href":"https:\/\/roveyayinevi.com.tr\/index.php\/wp-json\/wp\/v2\/product"}],"about":[{"href":"https:\/\/roveyayinevi.com.tr\/index.php\/wp-json\/wp\/v2\/types\/product"}],"wp:attachment":[{"href":"https:\/\/roveyayinevi.com.tr\/index.php\/wp-json\/wp\/v2\/media?parent=737596"}],"wp:term":[{"taxonomy":"product_brand","embeddable":true,"href":"https:\/\/roveyayinevi.com.tr\/index.php\/wp-json\/wp\/v2\/product_brand?post=737596"},{"taxonomy":"product_cat","embeddable":true,"href":"https:\/\/roveyayinevi.com.tr\/index.php\/wp-json\/wp\/v2\/product_cat?post=737596"},{"taxonomy":"product_tag","embeddable":true,"href":"https:\/\/roveyayinevi.com.tr\/index.php\/wp-json\/wp\/v2\/product_tag?post=737596"}],"curies":[{"name":"wp","href":"https:\/\/api.w.org\/{rel}","templated":true}]}}