{"id":737594,"date":"2025-08-27T23:31:48","date_gmt":"2025-08-27T20:31:48","guid":{"rendered":"https:\/\/roveyayinevi.com.tr\/index.php\/urun\/haberin-ortaya-cikisi\/"},"modified":"2026-04-16T02:46:59","modified_gmt":"2026-04-15T23:46:59","slug":"haberin-ortaya-cikisi","status":"publish","type":"product","link":"https:\/\/roveyayinevi.com.tr\/index.php\/urun\/haberin-ortaya-cikisi\/","title":{"rendered":"Haberin Ortaya \u00c7\u0131k\u0131\u015f\u0131"},"content":{"rendered":"<p>Haber alma ve bilgi edinme i\u00e7g\u00fcd\u00fcs\u00fc, insanl\u0131k tarihinde olduk\u00e7a eskiye; hatta b\u0131rak\u0131n s\u00fcreli yay\u0131n\u0131, matbaan\u0131n icad\u0131ndan \u00e7ok daha \u00f6nceye dayanmaktad\u0131r. Sanayi \u00f6ncesi Avrupa&#8217;n\u0131n haber d\u00fcnyas\u0131, on sekizinci y\u00fczy\u0131l\u0131n sonuna kadar tam olarak \u00e7ok ortaml\u0131 bir bilgi al\u0131\u015fveri\u015fine sahipti: sohbetler, dedikodu, sivil t\u00f6renler, kutlamalar, vaazlar, resm\u00ee bildiriler ve daha sonra bask\u0131 \u00e7a\u011f\u0131nda bro\u015f\u00fcrler, fermanlar, baladlar, dergiler ve ilk haber sayfalar\u0131. 1800&#8217;e kadar d\u00f6rt y\u00fczy\u0131l boyunca Avrupa ve d\u00fcnya \u00e7ap\u0131ndaki haber toplulu\u011fu, ayr\u0131cal\u0131kl\u0131 Orta \u00c7a\u011f pazarlar\u0131n\u0131n \u00e7ok \u00f6tesine ge\u00e7ti. Ancak haber da\u011f\u0131t\u0131m\u0131n\u0131n temel ilkeleri b\u00fcy\u00fck \u00f6l\u00e7\u00fcde ayn\u0131 kald\u0131:      Haber, g\u00fcncel ve g\u00fcvenilir olmal\u0131d\u0131r.     \u201cBaz\u0131 insanlar, gazetelerin \u00f6l\u00fcm\u00fc hakk\u0131nda tahminlerde bulunuyor ve zann\u0131mca bu tahminler yanl\u0131\u015f. Andrew Pettegree ise bu \u00e7\u0131\u011f\u0131r a\u00e7an \u00e7al\u0131\u015fmas\u0131nda gazetelerin do\u011fumunu ara\u015ft\u0131r\u0131yor. Usta tarih\u00e7i, on \u00fclkedeki bas\u0131n\u0131n ilk y\u00fczy\u0131llar\u0131 hakk\u0131nda merak uyand\u0131ran kapsaml\u0131 bir \u00e7al\u0131\u015fma kaleme ald\u0131. Gazeteciler ve bu meslekle ilgilenen herkes taraf\u0131ndan okunmay\u0131 hak ediyor.\u201d Lord Patten     \u201cHaber medyas\u0131ndaki bu h\u0131zl\u0131 de\u011fi\u015fim an\u0131nda, Andrew Pettegree&#8217;nin y\u00fczy\u0131llara ve \u00fc\u00e7 k\u0131taya ili\u015fkin bilgi y\u00fckl\u00fc, geni\u015f kapsaml\u0131 ara\u015ft\u0131rmas\u0131, b\u00fcy\u00fck bir tarih \u00e7al\u0131\u015fmas\u0131 i\u00e7in \u00e7a\u011fda\u015f bir yank\u0131 uyand\u0131r\u0131yor. Anlatt\u0131klar\u0131 olduk\u00e7a i\u00e7 a\u00e7\u0131c\u0131: insan merak\u0131, \u00f6zg\u00fcrl\u00fckle yak\u0131ndan ili\u015fkilidir ve kendi yolunu bulmaya meyillidir.\u201d Diarmaid MacCulloch     \u201cAndrew Pettegree, bize Orta \u00c7a\u011f&#8217;\u0131n sonundan 18. y\u00fczy\u0131la kadar Avrupa&#8217;daki bilgi ve d\u00fc\u015f\u00fcnce ak\u0131\u015f\u0131n\u0131n muhte\u015fem bir yeni anlat\u0131s\u0131n\u0131 sundu. Pettegree; posta sistemlerinden taverna sohbetlerine, el yazmas\u0131 ticaret mektuplar\u0131na ve periyodik bas\u0131n\u0131n ortaya \u00e7\u0131k\u0131\u015f\u0131na kadar her \u015feyi zengin ve e\u011flenceli \u00f6rneklerle ve Avrupa&#8217;n\u0131n siyasi ve din\u00ee tarihine \u0131\u015f\u0131k tutan referanslarla aktar\u0131yor. Zaman\u0131m\u0131z\u0131n ileti\u015fim devrimleriyle kar\u015f\u0131 kar\u015f\u0131ya kal\u0131rken, Haberin Ortaya \u00c7\u0131k\u0131\u015f\u0131, bu a\u00e7 bilgi aray\u0131\u015f\u0131m\u0131zda hakikat ve g\u00fcven konular\u0131nda temel bir rehber olma \u00f6zelli\u011fi ta\u015f\u0131yor.\u201d Natalie Zemon Davis <\/p>\n","protected":false},"excerpt":{"rendered":"<p>Haber alma ve bilgi edinme i\u00e7g\u00fcd\u00fcs\u00fc, insanl\u0131k tarihinde olduk\u00e7a eskiye; hatta b\u0131rak\u0131n s\u00fcreli yay\u0131n\u0131, matbaan\u0131n icad\u0131ndan \u00e7ok daha \u00f6nceye dayanmaktad\u0131r. Sanayi \u00f6ncesi Avrupa&#8217;n\u0131n haber d\u00fcnyas\u0131, on<span class=\"excerpt-hellip\"> [\u2026]<\/span><\/p>\n","protected":false},"featured_media":0,"template":"","meta":{"_monsterinsights_skip_tracking":false,"_monsterinsights_sitenote_active":false,"_monsterinsights_sitenote_note":"","_monsterinsights_sitenote_category":0},"product_brand":[],"product_cat":[12370,12304],"product_tag":[],"class_list":{"0":"post-737594","1":"product","2":"type-product","3":"status-publish","5":"product_cat-arastirma-inceleme","6":"product_cat-tarih","7":"pa_cilt-ciltsiz","8":"pa_tur-kitap","9":"pa_yayinevi-bilge-kultur-sanat","10":"pa_yazar-andrew-pettegree","12":"first","13":"instock","14":"sale","15":"shipping-taxable","16":"purchasable","17":"product-type-simple"},"_links":{"self":[{"href":"https:\/\/roveyayinevi.com.tr\/index.php\/wp-json\/wp\/v2\/product\/737594","targetHints":{"allow":["GET"]}}],"collection":[{"href":"https:\/\/roveyayinevi.com.tr\/index.php\/wp-json\/wp\/v2\/product"}],"about":[{"href":"https:\/\/roveyayinevi.com.tr\/index.php\/wp-json\/wp\/v2\/types\/product"}],"wp:attachment":[{"href":"https:\/\/roveyayinevi.com.tr\/index.php\/wp-json\/wp\/v2\/media?parent=737594"}],"wp:term":[{"taxonomy":"product_brand","embeddable":true,"href":"https:\/\/roveyayinevi.com.tr\/index.php\/wp-json\/wp\/v2\/product_brand?post=737594"},{"taxonomy":"product_cat","embeddable":true,"href":"https:\/\/roveyayinevi.com.tr\/index.php\/wp-json\/wp\/v2\/product_cat?post=737594"},{"taxonomy":"product_tag","embeddable":true,"href":"https:\/\/roveyayinevi.com.tr\/index.php\/wp-json\/wp\/v2\/product_tag?post=737594"}],"curies":[{"name":"wp","href":"https:\/\/api.w.org\/{rel}","templated":true}]}}