{"id":737593,"date":"2025-08-27T23:31:48","date_gmt":"2025-08-27T20:31:48","guid":{"rendered":"https:\/\/roveyayinevi.com.tr\/index.php\/urun\/mutluluk-buyusu\/"},"modified":"2026-04-13T02:54:45","modified_gmt":"2026-04-12T23:54:45","slug":"mutluluk-buyusu","status":"publish","type":"product","link":"https:\/\/roveyayinevi.com.tr\/index.php\/urun\/mutluluk-buyusu\/","title":{"rendered":"Mutluluk B\u00fcy\u00fcs\u00fc"},"content":{"rendered":"<p>Bir soruna bir \u00e7\u00f6z\u00fcm \u00f6nermekten veya bir durumun yeni bir yorumunu yapmaktan, bir \u015fakay\u0131 anlamak veya bir bulmacay\u0131 \u00e7\u00f6zmek gibi daha basit becerilere kadar \u00e7e\u015fitli durumlarda ortaya \u00e7\u0131kan kilit bir fenomen \u201cAha An\u0131\u201d veya di\u011fer bir deyi\u015fle \u201cEureka Etkisi\u201d. \u0130\u015fte \u201cMutluluk B\u00fcy\u00fcs\u00fc\u201dnde yer verdi\u011fim 71 k\u00fc\u00e7\u00fck hik\u00e2yenin\/payla\u015f\u0131m\u0131n sizlerde 71 ayr\u0131 \u201cAha An\u0131\u2019na\u201d yol a\u00e7mas\u0131 en b\u00fcy\u00fck dile\u011fim. \u00c7\u00fcnk\u00fc b\u00f6ylece elde edece\u011finiz i\u00e7g\u00f6r\u00fcrlerle 71 ayr\u0131 mutluluk b\u00fcy\u00fcs\u00fc yapabilecek ve sonunda ger\u00e7ek bir \u201cmutluluk b\u00fcy\u00fcc\u00fcs\u00fcne\u201d d\u00f6n\u00fc\u015feceksiniz.   \u201cOkurlar\u0131m bilir, \u015fimdiye kadar ne kendi roman ve kitaplar\u0131ma ne de edit\u00f6rl\u00fc\u011f\u00fcn\u00fc yapt\u0131\u011f\u0131m yavrular\u0131ma \u00f6n s\u00f6z, arka kapak yazma \u00e2detim yoktur. Bu defa kendimi mecbur hissettim, \u00e7\u00fcnk\u00fc biliyorum ki bu kitap ya\u015fam yolunuza b\u00fcy\u00fck bir \u0131\u015f\u0131k olacak. \u2018Benim bir sorunum yok ki, niye okuyay\u0131m?\u2019 demeyin, okuyun. S\u0131radaki demeyi \u00f6\u011frenin, ben \u00e7ok e\u011fleniyorum, sizin neyiniz eksik? I\u015f\u0131\u011f\u0131n\u0131z bol olsun.\u201d H\u00fcrriyet Turnal\u0131   <\/p>\n","protected":false},"excerpt":{"rendered":"<p>Bir soruna bir \u00e7\u00f6z\u00fcm \u00f6nermekten veya bir durumun yeni bir yorumunu yapmaktan, bir \u015fakay\u0131 anlamak veya bir bulmacay\u0131 \u00e7\u00f6zmek gibi daha basit becerilere kadar \u00e7e\u015fitli durumlarda<span class=\"excerpt-hellip\"> [\u2026]<\/span><\/p>\n","protected":false},"featured_media":0,"template":"","meta":{"_monsterinsights_skip_tracking":false,"_monsterinsights_sitenote_active":false,"_monsterinsights_sitenote_note":"","_monsterinsights_sitenote_category":0},"product_brand":[],"product_cat":[12364,12376],"product_tag":[],"class_list":{"0":"post-737593","1":"product","2":"type-product","3":"status-publish","5":"product_cat-genel-konular","6":"product_cat-kisisel-gelisim","7":"pa_cilt-ciltsiz","8":"pa_tur-kitap","9":"pa_yayinevi-nar-agaci-yayinlari","10":"pa_yazar-bita-ghandchilar","12":"first","13":"instock","14":"sale","15":"shipping-taxable","16":"purchasable","17":"product-type-simple"},"_links":{"self":[{"href":"https:\/\/roveyayinevi.com.tr\/index.php\/wp-json\/wp\/v2\/product\/737593","targetHints":{"allow":["GET"]}}],"collection":[{"href":"https:\/\/roveyayinevi.com.tr\/index.php\/wp-json\/wp\/v2\/product"}],"about":[{"href":"https:\/\/roveyayinevi.com.tr\/index.php\/wp-json\/wp\/v2\/types\/product"}],"wp:attachment":[{"href":"https:\/\/roveyayinevi.com.tr\/index.php\/wp-json\/wp\/v2\/media?parent=737593"}],"wp:term":[{"taxonomy":"product_brand","embeddable":true,"href":"https:\/\/roveyayinevi.com.tr\/index.php\/wp-json\/wp\/v2\/product_brand?post=737593"},{"taxonomy":"product_cat","embeddable":true,"href":"https:\/\/roveyayinevi.com.tr\/index.php\/wp-json\/wp\/v2\/product_cat?post=737593"},{"taxonomy":"product_tag","embeddable":true,"href":"https:\/\/roveyayinevi.com.tr\/index.php\/wp-json\/wp\/v2\/product_tag?post=737593"}],"curies":[{"name":"wp","href":"https:\/\/api.w.org\/{rel}","templated":true}]}}