{"id":737588,"date":"2025-08-27T23:31:42","date_gmt":"2025-08-27T20:31:42","guid":{"rendered":"https:\/\/roveyayinevi.com.tr\/index.php\/urun\/bir-sizofren-hastanin-sanat-urunleri\/"},"modified":"2026-04-16T02:46:58","modified_gmt":"2026-04-15T23:46:58","slug":"bir-sizofren-hastanin-sanat-urunleri","status":"publish","type":"product","link":"https:\/\/roveyayinevi.com.tr\/index.php\/urun\/bir-sizofren-hastanin-sanat-urunleri\/","title":{"rendered":"Bir \u015eizofren Hastan\u0131n Sanat \u00dcr\u00fcnleri"},"content":{"rendered":"<p>S\u00fcleyman Velio\u011flu ve K\u00e2z\u0131m Da\u011fyolu, 1957\u2019de \u0130stanbul \u00dcniversitesi Psikiyatri Klini\u011fi b\u00fcnyesinde kurduklar\u0131 Psikopatolojik Sanat Laboratuvar\u0131\u2019nda hastalarla yapt\u0131klar\u0131 \u00e7al\u0131\u015fmalar\u0131n \u00fcr\u00fcnlerini 1960\u2019lardan itibaren kamuyla payla\u015fmaya ba\u015flad\u0131lar. 1960 ile 1962 aras\u0131nda kurumdaki hastalar\u0131n \u00fcr\u00fcnlerinin te\u015fhis ve tedavi amac\u0131yla nas\u0131l kullan\u0131ld\u0131\u011f\u0131n\u0131 anlatan ve sanat\u0131n psikopatolojiyle ili\u015fkisini o d\u00f6nemin b\u00fct\u00fcn teorik birikimini de seferber ederek analiz eden \u00fc\u00e7 kitap yay\u0131mlad\u0131lar. Ayr\u0131ca hastalar\u0131n eserlerinden olu\u015fan, \u00f6nce \u0130stanbul\u2019da sonra da Ankara\u2019da a\u00e7\u0131lan iki sergi 350 binden fazla ki\u015fi taraf\u0131ndan ziyaret edildi.   1962\u2019de yay\u0131mlanan Bir \u015eizofren Hastan\u0131n Sanat \u00dcr\u00fcnleri\u2019nde tek bir hastan\u0131n \u00fcr\u00fcnleri yer al\u0131yor: \u201c35 ya\u015f\u0131nda erkek. Beden yap\u0131s\u0131 astenik, bak\u0131\u015flar\u0131 canl\u0131, giyimi itinas\u0131z. Nazik, bazen teatral jestlerle konu\u015fuyor,\u201d diye tan\u0131mlanan ve \u201centelekt\u00fcel, aristokrat, peder\u015fahi, mistik ve m\u00fcreffeh\u201d bir aile \u00e7evresinden gelen bu hastan\u0131n kitapta geni\u015f yer verilen resimleri, \u015fiirleri, bir piyesi, f\u0131kralar\u0131 ve bir \u201cbeste\u201dsi etraf\u0131nda psikopatolojik sanat\u0131n nitelikleri ayr\u0131nt\u0131l\u0131 olarak tart\u0131\u015f\u0131l\u0131yor. Bu \u00f6nc\u00fc niteli\u011findeki kitaba ayr\u0131ca kendisi de \u00e7ok ba\u015far\u0131l\u0131 bir ressam olan Velio\u011flu\u2019nun ak\u0131l hastalar\u0131yla sanat\u00e7\u0131lar\u0131n eserleri aras\u0131ndaki benzerlik ve ayr\u0131mlar\u0131n mant\u0131\u011f\u0131n\u0131 daha sistematik olarak analiz eden Ak\u0131l Hastas\u0131 ve Sanat\u00e7\u0131 (1978) adl\u0131 eserinden ayn\u0131 ba\u015fl\u0131kl\u0131 b\u00f6l\u00fcm de eklendi. Bu yaz\u0131da ilk kitaptaki hasta ile bir ba\u015fka hastan\u0131n eserleri, bir a\u015famada kendilerini \u00f6zde\u015fle\u015ftirdikleri Van Gogh\u2019un eserleriyle k\u0131yaslanarak tart\u0131\u015f\u0131l\u0131yor.   Saffet Murat Tura kitaba yazd\u0131\u011f\u0131 sunu\u015fta n\u00f6roloji ve n\u00f6ropsikiyatri alan\u0131ndaki yeni \u00e7al\u0131\u015fmalardan yola \u00e7\u0131karak sanat ve ak\u0131l hastal\u0131\u011f\u0131 ili\u015fkisi konusunda kendi g\u00f6r\u00fc\u015f\u00fcn\u00fc aktar\u0131yor, Velio\u011flu d\u00fc\u015f\u00fcncesinin beslendi\u011fi d\u00fc\u015f\u00fcn\u00fcr ve d\u00fc\u015f\u00fcnce ak\u0131mlar\u0131n\u0131 tart\u0131\u015f\u0131yor ve Velio\u011flu\u2019yla aralar\u0131ndaki hoca-\u00f6\u011frenci ili\u015fkisinin s\u0131cakl\u0131\u011f\u0131n\u0131 ve sahicili\u011fini biz okurlar\u0131n da hissetmesini sa\u011fl\u0131yor.<\/p>\n","protected":false},"excerpt":{"rendered":"<p>S\u00fcleyman Velio\u011flu ve K\u00e2z\u0131m Da\u011fyolu, 1957\u2019de \u0130stanbul \u00dcniversitesi Psikiyatri Klini\u011fi b\u00fcnyesinde kurduklar\u0131 Psikopatolojik Sanat Laboratuvar\u0131\u2019nda hastalarla yapt\u0131klar\u0131 \u00e7al\u0131\u015fmalar\u0131n \u00fcr\u00fcnlerini 1960\u2019lardan itibaren kamuyla payla\u015fmaya ba\u015flad\u0131lar. 1960 ile<span class=\"excerpt-hellip\"> [\u2026]<\/span><\/p>\n","protected":false},"featured_media":0,"template":"","meta":{"_monsterinsights_skip_tracking":false,"_monsterinsights_sitenote_active":false,"_monsterinsights_sitenote_note":"","_monsterinsights_sitenote_category":0},"product_brand":[],"product_cat":[12777,12291],"product_tag":[],"class_list":{"0":"post-737588","1":"product","2":"type-product","3":"status-publish","5":"product_cat-deneme","6":"product_cat-edebiyat","7":"pa_cilt-ciltsiz","8":"pa_tur-kitap","9":"pa_yayinevi-can-yayinlari","10":"pa_yazar-suleyman-velioglu","12":"first","13":"instock","14":"sale","15":"shipping-taxable","16":"purchasable","17":"product-type-simple"},"_links":{"self":[{"href":"https:\/\/roveyayinevi.com.tr\/index.php\/wp-json\/wp\/v2\/product\/737588","targetHints":{"allow":["GET"]}}],"collection":[{"href":"https:\/\/roveyayinevi.com.tr\/index.php\/wp-json\/wp\/v2\/product"}],"about":[{"href":"https:\/\/roveyayinevi.com.tr\/index.php\/wp-json\/wp\/v2\/types\/product"}],"wp:attachment":[{"href":"https:\/\/roveyayinevi.com.tr\/index.php\/wp-json\/wp\/v2\/media?parent=737588"}],"wp:term":[{"taxonomy":"product_brand","embeddable":true,"href":"https:\/\/roveyayinevi.com.tr\/index.php\/wp-json\/wp\/v2\/product_brand?post=737588"},{"taxonomy":"product_cat","embeddable":true,"href":"https:\/\/roveyayinevi.com.tr\/index.php\/wp-json\/wp\/v2\/product_cat?post=737588"},{"taxonomy":"product_tag","embeddable":true,"href":"https:\/\/roveyayinevi.com.tr\/index.php\/wp-json\/wp\/v2\/product_tag?post=737588"}],"curies":[{"name":"wp","href":"https:\/\/api.w.org\/{rel}","templated":true}]}}