{"id":737586,"date":"2025-08-27T23:31:40","date_gmt":"2025-08-27T20:31:40","guid":{"rendered":"https:\/\/roveyayinevi.com.tr\/index.php\/urun\/kuresel-sistemde-yesil-yonetim\/"},"modified":"2026-04-16T02:46:58","modified_gmt":"2026-04-15T23:46:58","slug":"kuresel-sistemde-yesil-yonetim","status":"publish","type":"product","link":"https:\/\/roveyayinevi.com.tr\/index.php\/urun\/kuresel-sistemde-yesil-yonetim\/","title":{"rendered":"K\u00fcresel Sistemde Ye\u015fil Y\u00f6netim"},"content":{"rendered":"<p>\u0130\u00e7indekiler 1.       B\u00d6L\u00dcM : YEN\u0130LENEB\u0130L\u0130R ENERJ\u0130 SEKT\u00d6R\u00dcN\u00dcN F\u0130RMA VE YATIRIMCILAR A\u00c7ISINDAN DE\u011eERLEND\u0130R\u0130LMES\u0130 2.       B\u00d6L\u00dcM : YE\u015e\u0130L AKLAMA 3.       B\u00d6L\u00dcM : YE\u015e\u0130L \u0130NSAN KAYNAKLARI Y\u00d6NET\u0130M\u0130 4.       B\u00d6L\u00dcM : YEN\u0130LENEB\u0130L\u0130R ENERJ\u0130 SEKT\u00d6R\u00dcNDE F\u0130NANSAL PERFORMANS \u0130NCELEMES\u0130: S&amp;P TEM\u0130Z ENERJ\u0130 ENDEKS\u0130NDE B\u0130R UYGULAMA 5.       B\u00d6L\u00dcM : S\u00dcRD\u00dcR\u00dcLEB\u0130L\u0130RL\u0130K VE YE\u015e\u0130L F\u0130NANS 6.       B\u00d6L\u00dcM : YE\u015e\u0130L \u00dcRET\u0130M 7.       B\u00d6L\u00dcM : YE\u015e\u0130L TEDAR\u0130K Z\u0130NC\u0130R\u0130 Y\u00d6NET\u0130M\u0130 8.       B\u00d6L\u00dcM : YE\u015e\u0130L BANKACILIK 9.       B\u00d6L\u00dcM : YE\u015e\u0130L \u0130\u015e S\u00dcRE\u00c7LER\u0130 Y\u00d6NET\u0130M\u0130 10.   B\u00d6L\u00dcM : YE\u015e\u0130L MUHASEBE VE DENET\u0130M 11.   B\u00d6L\u00dcM : YE\u015e\u0130L G\u0130R\u0130\u015e\u0130MC\u0130L\u0130K  <\/p>\n","protected":false},"excerpt":{"rendered":"<p>\u0130\u00e7indekiler 1. B\u00d6L\u00dcM : YEN\u0130LENEB\u0130L\u0130R ENERJ\u0130 SEKT\u00d6R\u00dcN\u00dcN F\u0130RMA VE YATIRIMCILAR A\u00c7ISINDAN DE\u011eERLEND\u0130R\u0130LMES\u0130 2. B\u00d6L\u00dcM : YE\u015e\u0130L AKLAMA 3. B\u00d6L\u00dcM : YE\u015e\u0130L \u0130NSAN KAYNAKLARI Y\u00d6NET\u0130M\u0130 4. B\u00d6L\u00dcM<span class=\"excerpt-hellip\"> [\u2026]<\/span><\/p>\n","protected":false},"featured_media":0,"template":"","meta":{"_monsterinsights_skip_tracking":false,"_monsterinsights_sitenote_active":false,"_monsterinsights_sitenote_note":"","_monsterinsights_sitenote_category":0},"product_brand":[],"product_cat":[13043,65318],"product_tag":[],"class_list":{"0":"post-737586","1":"product","2":"type-product","3":"status-publish","5":"product_cat-ekonomi","6":"product_cat-kuresellesme","7":"pa_cilt-ciltsiz","8":"pa_tur-kitap","9":"pa_yayinevi-gazi-kitabevi","10":"pa_yazar-faruk-dayi-yusuf-esmer","12":"first","13":"instock","14":"sale","15":"shipping-taxable","16":"purchasable","17":"product-type-simple"},"_links":{"self":[{"href":"https:\/\/roveyayinevi.com.tr\/index.php\/wp-json\/wp\/v2\/product\/737586","targetHints":{"allow":["GET"]}}],"collection":[{"href":"https:\/\/roveyayinevi.com.tr\/index.php\/wp-json\/wp\/v2\/product"}],"about":[{"href":"https:\/\/roveyayinevi.com.tr\/index.php\/wp-json\/wp\/v2\/types\/product"}],"wp:attachment":[{"href":"https:\/\/roveyayinevi.com.tr\/index.php\/wp-json\/wp\/v2\/media?parent=737586"}],"wp:term":[{"taxonomy":"product_brand","embeddable":true,"href":"https:\/\/roveyayinevi.com.tr\/index.php\/wp-json\/wp\/v2\/product_brand?post=737586"},{"taxonomy":"product_cat","embeddable":true,"href":"https:\/\/roveyayinevi.com.tr\/index.php\/wp-json\/wp\/v2\/product_cat?post=737586"},{"taxonomy":"product_tag","embeddable":true,"href":"https:\/\/roveyayinevi.com.tr\/index.php\/wp-json\/wp\/v2\/product_tag?post=737586"}],"curies":[{"name":"wp","href":"https:\/\/api.w.org\/{rel}","templated":true}]}}