{"id":737585,"date":"2025-08-27T23:31:39","date_gmt":"2025-08-27T20:31:39","guid":{"rendered":"https:\/\/roveyayinevi.com.tr\/index.php\/urun\/sanat-ve-estetik-uzerine-soylesiler\/"},"modified":"2026-03-12T02:56:58","modified_gmt":"2026-03-11T23:56:58","slug":"sanat-ve-estetik-uzerine-soylesiler","status":"publish","type":"product","link":"https:\/\/roveyayinevi.com.tr\/index.php\/urun\/sanat-ve-estetik-uzerine-soylesiler\/","title":{"rendered":"Sanat ve Estetik \u00dczerine S\u00f6yle\u015filer"},"content":{"rendered":"<p>Sanat nedir? Resimleri, \u015fiirleri g\u00fczel, y\u00fcce ya da itici k\u0131lan \u015fey nedir? M\u00fczik temsili midir yoksa soyut mu? Edebiyattan, filmlerden ya da operadan bir \u015feyler \u00f6\u011frenmek m\u00fcmk\u00fcn m\u00fcd\u00fcr? \u0130nsanlar neden be\u011feniyi tart\u0131\u015f\u0131r?Sanat ve Estetik \u00dczerine S\u00f6yle\u015filer\u2019de Hans Maes esteti\u011fin bu ve benzeri \u00f6nemli sorular\u0131n\u0131 d\u00fcnyan\u0131n \u00f6nde gelen on sanat felsefecisiyle, No\u00ebl Carroll, Gregory Currie, Arthur C. Danto, Cynthia Freeland, Paul Guyer, Carolyn Korsmeyer, Jerrold Levinson, Jenefer Robinson, Roger Scruton ve Kendall Walton\u2019la tart\u0131\u015f\u0131yor.Bu dolays\u0131z, c\u00f6mert, g\u00fc\u00e7l\u00fc s\u00f6zel al\u0131\u015fveri\u015fler d\u00fc\u015f\u00fcn\u00fcrlerin esas fikirlerine ve entelekt\u00fcel geli\u015fimlerine dair anla\u015f\u0131l\u0131r bir anlat\u0131 sunuyor. Ayr\u0131ca okurun, sanat felsefesinin \u00e7a\u011fda\u015f meselelerine ili\u015fkin yeni i\u00e7g\u00f6r\u00fcler kazanmas\u0131n\u0131 ve daha detayl\u0131 a\u00e7\u0131klamalar bulmas\u0131n\u0131 sa\u011fl\u0131yor.Sanat ve Estetik \u00dczerine S\u00f6yle\u015filer sanat ve estetikle ilgili konulara felsefi ilgi duyan herkesi cezbedecek bilgiler i\u00e7eriyor.<\/p>\n","protected":false},"excerpt":{"rendered":"<p>Sanat nedir? Resimleri, \u015fiirleri g\u00fczel, y\u00fcce ya da itici k\u0131lan \u015fey nedir? M\u00fczik temsili midir yoksa soyut mu? Edebiyattan, filmlerden ya da operadan bir \u015feyler \u00f6\u011frenmek<span class=\"excerpt-hellip\"> [\u2026]<\/span><\/p>\n","protected":false},"featured_media":0,"template":"","meta":{"_monsterinsights_skip_tracking":false,"_monsterinsights_sitenote_active":false,"_monsterinsights_sitenote_note":"","_monsterinsights_sitenote_category":0},"product_brand":[],"product_cat":[44608,12408],"product_tag":[],"class_list":{"0":"post-737585","1":"product","2":"type-product","3":"status-publish","5":"product_cat-diger-sanat","6":"product_cat-sanat","7":"pa_cilt-ciltsiz","8":"pa_tur-kitap","9":"pa_yayinevi-hayalperest-yayinlari","10":"pa_yazar-hans-maes","12":"first","13":"instock","14":"sale","15":"shipping-taxable","16":"purchasable","17":"product-type-simple"},"_links":{"self":[{"href":"https:\/\/roveyayinevi.com.tr\/index.php\/wp-json\/wp\/v2\/product\/737585","targetHints":{"allow":["GET"]}}],"collection":[{"href":"https:\/\/roveyayinevi.com.tr\/index.php\/wp-json\/wp\/v2\/product"}],"about":[{"href":"https:\/\/roveyayinevi.com.tr\/index.php\/wp-json\/wp\/v2\/types\/product"}],"wp:attachment":[{"href":"https:\/\/roveyayinevi.com.tr\/index.php\/wp-json\/wp\/v2\/media?parent=737585"}],"wp:term":[{"taxonomy":"product_brand","embeddable":true,"href":"https:\/\/roveyayinevi.com.tr\/index.php\/wp-json\/wp\/v2\/product_brand?post=737585"},{"taxonomy":"product_cat","embeddable":true,"href":"https:\/\/roveyayinevi.com.tr\/index.php\/wp-json\/wp\/v2\/product_cat?post=737585"},{"taxonomy":"product_tag","embeddable":true,"href":"https:\/\/roveyayinevi.com.tr\/index.php\/wp-json\/wp\/v2\/product_tag?post=737585"}],"curies":[{"name":"wp","href":"https:\/\/api.w.org\/{rel}","templated":true}]}}