{"id":737583,"date":"2025-08-27T23:31:38","date_gmt":"2025-08-27T20:31:38","guid":{"rendered":"https:\/\/roveyayinevi.com.tr\/index.php\/urun\/dongusel-ekonomi-ve-kentsel-atik\/"},"modified":"2026-04-16T02:46:58","modified_gmt":"2026-04-15T23:46:58","slug":"dongusel-ekonomi-ve-kentsel-atik","status":"publish","type":"product","link":"https:\/\/roveyayinevi.com.tr\/index.php\/urun\/dongusel-ekonomi-ve-kentsel-atik\/","title":{"rendered":"D\u00f6ng\u00fcsel Ekonomi ve Kentsel At\u0131k"},"content":{"rendered":"<p>\u0130\u00e7indekiler   B\u0130R\u0130NC\u0130 B\u00d6L\u00dcM: KAVRAMSALARKA PLAN   \u0130K\u0130NC\u0130 B\u00d6L\u00dcM: D\u00d6NG\u00dcSEL EKONOM\u0130K YAKLA\u015eIM \u0130\u00c7\u0130N KURAMSAL TARTI\u015eMA   \u00dc\u00c7\u00dcNC\u00dc B\u00d6L\u00dcM: D\u00d6NG\u00dcSEL EKONOM\u0130, KENT VE KAMUSAL H\u0130ZMET   D\u00d6RD\u00dcNC\u00dc B\u00d6L\u00dcM: D\u00d6NG\u00dcSEL EKONOM\u0130YE ANTALYA \u00dcZER\u0130NDEN BAKI\u015e <\/p>\n","protected":false},"excerpt":{"rendered":"<p>\u0130\u00e7indekiler B\u0130R\u0130NC\u0130 B\u00d6L\u00dcM: KAVRAMSALARKA PLAN \u0130K\u0130NC\u0130 B\u00d6L\u00dcM: D\u00d6NG\u00dcSEL EKONOM\u0130K YAKLA\u015eIM \u0130\u00c7\u0130N KURAMSAL TARTI\u015eMA \u00dc\u00c7\u00dcNC\u00dc B\u00d6L\u00dcM: D\u00d6NG\u00dcSEL EKONOM\u0130, KENT VE KAMUSAL H\u0130ZMET D\u00d6RD\u00dcNC\u00dc B\u00d6L\u00dcM: D\u00d6NG\u00dcSEL EKONOM\u0130YE ANTALYA<span class=\"excerpt-hellip\"> [\u2026]<\/span><\/p>\n","protected":false},"featured_media":0,"template":"","meta":{"_monsterinsights_skip_tracking":false,"_monsterinsights_sitenote_active":false,"_monsterinsights_sitenote_note":"","_monsterinsights_sitenote_category":0},"product_brand":[],"product_cat":[13043,65318],"product_tag":[],"class_list":{"0":"post-737583","1":"product","2":"type-product","3":"status-publish","5":"product_cat-ekonomi","6":"product_cat-kuresellesme","7":"pa_cilt-ciltsiz","8":"pa_tur-kitap","9":"pa_yayinevi-gazi-kitabevi-sinav-kitaplari","10":"pa_yazar-ozkan-yalcin-nilufer-negiz","12":"first","13":"instock","14":"sale","15":"shipping-taxable","16":"purchasable","17":"product-type-simple"},"_links":{"self":[{"href":"https:\/\/roveyayinevi.com.tr\/index.php\/wp-json\/wp\/v2\/product\/737583","targetHints":{"allow":["GET"]}}],"collection":[{"href":"https:\/\/roveyayinevi.com.tr\/index.php\/wp-json\/wp\/v2\/product"}],"about":[{"href":"https:\/\/roveyayinevi.com.tr\/index.php\/wp-json\/wp\/v2\/types\/product"}],"wp:attachment":[{"href":"https:\/\/roveyayinevi.com.tr\/index.php\/wp-json\/wp\/v2\/media?parent=737583"}],"wp:term":[{"taxonomy":"product_brand","embeddable":true,"href":"https:\/\/roveyayinevi.com.tr\/index.php\/wp-json\/wp\/v2\/product_brand?post=737583"},{"taxonomy":"product_cat","embeddable":true,"href":"https:\/\/roveyayinevi.com.tr\/index.php\/wp-json\/wp\/v2\/product_cat?post=737583"},{"taxonomy":"product_tag","embeddable":true,"href":"https:\/\/roveyayinevi.com.tr\/index.php\/wp-json\/wp\/v2\/product_tag?post=737583"}],"curies":[{"name":"wp","href":"https:\/\/api.w.org\/{rel}","templated":true}]}}