{"id":737582,"date":"2025-08-27T23:31:37","date_gmt":"2025-08-27T20:31:37","guid":{"rendered":"https:\/\/roveyayinevi.com.tr\/index.php\/urun\/kriptonun-sirlari\/"},"modified":"2026-04-16T02:46:58","modified_gmt":"2026-04-15T23:46:58","slug":"kriptonun-sirlari","status":"publish","type":"product","link":"https:\/\/roveyayinevi.com.tr\/index.php\/urun\/kriptonun-sirlari\/","title":{"rendered":"Kriptonun S\u0131rlar\u0131"},"content":{"rendered":"<p>Bu kitab\u0131 elinizde tuttu\u011funuza g\u00f6re Bitcoin\u2019i duydunuz, herkesin kazand\u0131\u011f\u0131n\u0131 fark ettiniz ve kripto paralara yat\u0131r\u0131m yapmak istiyorsunuz. Ya da halihaz\u0131rda kripto yat\u0131r\u0131m\u0131n\u0131z\u0131 yapt\u0131n\u0131z, s\u00fcre\u00e7 umdu\u011funuz gibi gitmedi ve \u201czengin olmak i\u00e7in\u201d ne kadar bekleyece\u011finizi anlamaya \u00e7al\u0131\u015f\u0131yorsunuz. Bir di\u011fer se\u00e7enek de \u015fu: Her \u015feyi denediniz, kaybettiniz ve bu kitap size bilmedi\u011finiz neleri \u00f6\u011fretecek diye almaya haz\u0131rlan\u0131yorsunuz.Uzun laf\u0131n k\u0131sas\u0131, hedefiniz ne olursa olsun do\u011fru yerdesiniz.Kriptoya yat\u0131r\u0131m yapmak; bir yat\u0131r\u0131m ser\u00fcveninden \u00e7ok, psikolojik bir s\u00fcre\u00e7\u2026 Ve takdir edersiniz ki zorlu zamanlar ancak ve ancak bilgi ve sab\u0131rla atlat\u0131l\u0131r.Bu kitapta size kripto d\u00fcnyas\u0131n\u0131 yeniden in\u015fa etmenin yolu verilmeyecek belki ama s\u00fcre\u00e7leri kendi lehinize \u00e7evirmenin s\u0131rlar\u0131 verilecek\u2026Kripto bir hayat felsefesidir\u2026Haydi ba\u015flayal\u0131m\u2026<\/p>\n","protected":false},"excerpt":{"rendered":"<p>Bu kitab\u0131 elinizde tuttu\u011funuza g\u00f6re Bitcoin\u2019i duydunuz, herkesin kazand\u0131\u011f\u0131n\u0131 fark ettiniz ve kripto paralara yat\u0131r\u0131m yapmak istiyorsunuz. Ya da halihaz\u0131rda kripto yat\u0131r\u0131m\u0131n\u0131z\u0131 yapt\u0131n\u0131z, s\u00fcre\u00e7 umdu\u011funuz gibi<span class=\"excerpt-hellip\"> [\u2026]<\/span><\/p>\n","protected":false},"featured_media":0,"template":"","meta":{"_monsterinsights_skip_tracking":false,"_monsterinsights_sitenote_active":false,"_monsterinsights_sitenote_note":"","_monsterinsights_sitenote_category":0},"product_brand":[],"product_cat":[13043,17647],"product_tag":[],"class_list":{"0":"post-737582","1":"product","2":"type-product","3":"status-publish","5":"product_cat-ekonomi","6":"product_cat-is-dunyasi","7":"pa_cilt-ciltsiz","8":"pa_tur-kitap","9":"pa_yayinevi-tuti-kitap","10":"pa_yazar-beste-uyanik-kapukaya","12":"first","13":"instock","14":"sale","15":"shipping-taxable","16":"purchasable","17":"product-type-simple"},"_links":{"self":[{"href":"https:\/\/roveyayinevi.com.tr\/index.php\/wp-json\/wp\/v2\/product\/737582","targetHints":{"allow":["GET"]}}],"collection":[{"href":"https:\/\/roveyayinevi.com.tr\/index.php\/wp-json\/wp\/v2\/product"}],"about":[{"href":"https:\/\/roveyayinevi.com.tr\/index.php\/wp-json\/wp\/v2\/types\/product"}],"wp:attachment":[{"href":"https:\/\/roveyayinevi.com.tr\/index.php\/wp-json\/wp\/v2\/media?parent=737582"}],"wp:term":[{"taxonomy":"product_brand","embeddable":true,"href":"https:\/\/roveyayinevi.com.tr\/index.php\/wp-json\/wp\/v2\/product_brand?post=737582"},{"taxonomy":"product_cat","embeddable":true,"href":"https:\/\/roveyayinevi.com.tr\/index.php\/wp-json\/wp\/v2\/product_cat?post=737582"},{"taxonomy":"product_tag","embeddable":true,"href":"https:\/\/roveyayinevi.com.tr\/index.php\/wp-json\/wp\/v2\/product_tag?post=737582"}],"curies":[{"name":"wp","href":"https:\/\/api.w.org\/{rel}","templated":true}]}}