{"id":737581,"date":"2025-08-27T23:31:36","date_gmt":"2025-08-27T20:31:36","guid":{"rendered":"https:\/\/roveyayinevi.com.tr\/index.php\/urun\/kozmoloji-ve-mimari\/"},"modified":"2026-04-16T02:46:58","modified_gmt":"2026-04-15T23:46:58","slug":"kozmoloji-ve-mimari","status":"publish","type":"product","link":"https:\/\/roveyayinevi.com.tr\/index.php\/urun\/kozmoloji-ve-mimari\/","title":{"rendered":"Kozmoloji ve Mimari"},"content":{"rendered":"<p>Literat\u00fcre yeni \u00e7eviriler, bas\u0131lmam\u0131\u015f kaynaklardan al\u0131nt\u0131lar ve pek \u00e7ok g\u00f6rsel unsur ekleyen bu kitapta Samer Akkach, \u0130sl\u00e2m sanat\u0131 i\u00e7inde m\u00eem\u00e2r\u00ee mek\u00e2n anlay\u0131\u015f\u0131n\u0131n a\u015fk\u0131n olan\u0131 ve kutsal\u0131 nas\u0131l yans\u0131tt\u0131\u011f\u0131n\u0131 bize g\u00f6steriyor.Olduk\u00e7a geni\u015f bir tasavvuf\u00ee metin taramas\u0131 i\u00e7eren Kozmoloji ve M\u00eem\u00e2r\u00ee\u2019de, b\u00fcy\u00fck s\u00fbf\u00ee \u0130bn\u00fc\u2019l-Arab\u00ee\u2019nin \u00e7al\u0131\u015fmalar\u0131na ayr\u0131 bir ihtimam ile e\u011filen Akkach bizi, teolojik kavray\u0131\u015f i\u00e7inde ele al\u0131nan zaman ve mek\u00e2n kavramlar\u0131n\u0131n, m\u00eem\u00e2r\u00ee \u00fcr\u00fcn\u00fc nas\u0131l \u015fekillendirdi\u011fine dair bir seyre davet eder. Orta \u00c7a\u011f merkeziyet\u00e7ili\u011fi i\u00e7inde s\u00fcreklilik g\u00f6steren bu mek\u00e2nsal hassasiyet; teolojinin, kozmoloji, kutsal co\u011fraf\u00ee alanlar, insan\u0131n cismi ve yap\u0131l\u0131 formlar a\u00e7\u0131s\u0131ndan kavray\u0131\u015f\u0131 ile de desteklenmi\u015ftir. Geometrik olarak tan\u0131mlanm\u0131\u015f ve d\u00fczenlenmi\u015f bu \u00e2lemde, hi\u00e7bir \u015fey tecrit edilmi\u015f olarak veya belirsizlik i\u00e7inde durmaz; her \u015fey birbiriyle ili\u015fkili ve hassas bir hiyerar\u015fi i\u00e7inde konumland\u0131r\u0131lm\u0131\u015ft\u0131r. Bu hiyerar\u015fik d\u00fczeni detayland\u0131ran Kozmoloji ve M\u00eem\u00e2r\u00ee, \u0130sl\u00e2m\u00ee gelenek i\u00e7inde ya\u015fayanlar\u0131n bu ba\u011flar \u00e7er\u00e7evesinde d\u00fcnyay\u0131 tan\u0131mlamalar\u0131n\u0131n \u00f6nemini g\u00f6sterirken kozmoloji anlay\u0131\u015f\u0131n\u0131n, yap\u0131lar ve g\u00fcndelik ya\u015fam i\u00e7indeki tez\u00e2h\u00fcr\u00fcne dikkat \u00e7ekiyor. \u0130sl\u00e2m k\u00fclt\u00fcr\u00fc ve esteti\u011fi, m\u00eemarl\u0131k t\u00e2rihi, sanat-din ve yarat\u0131c\u0131l\u0131k-m\u00e2neviyat ili\u015fkisi \u00fczerine \u00f6nemli bilgiler i\u00e7eren son derece \u00f6zg\u00fcn i\u00e7eri\u011fe sahip bir eser.<\/p>\n","protected":false},"excerpt":{"rendered":"<p>Literat\u00fcre yeni \u00e7eviriler, bas\u0131lmam\u0131\u015f kaynaklardan al\u0131nt\u0131lar ve pek \u00e7ok g\u00f6rsel unsur ekleyen bu kitapta Samer Akkach, \u0130sl\u00e2m sanat\u0131 i\u00e7inde m\u00eem\u00e2r\u00ee mek\u00e2n anlay\u0131\u015f\u0131n\u0131n a\u015fk\u0131n olan\u0131 ve kutsal\u0131<span class=\"excerpt-hellip\"> [\u2026]<\/span><\/p>\n","protected":false},"featured_media":0,"template":"","meta":{"_monsterinsights_skip_tracking":false,"_monsterinsights_sitenote_active":false,"_monsterinsights_sitenote_note":"","_monsterinsights_sitenote_category":0},"product_brand":[],"product_cat":[12718,12719,12720],"product_tag":[],"class_list":{"0":"post-737581","1":"product","2":"type-product","3":"status-publish","5":"product_cat-din","6":"product_cat-islam","7":"product_cat-tasavvuf-mezhepler-tarikatlar","8":"pa_cilt-ciltsiz","9":"pa_tur-kitap","10":"pa_yayinevi-nefes-yayincilik","11":"pa_yazar-samer-akkach","13":"first","14":"instock","15":"sale","16":"shipping-taxable","17":"purchasable","18":"product-type-simple"},"_links":{"self":[{"href":"https:\/\/roveyayinevi.com.tr\/index.php\/wp-json\/wp\/v2\/product\/737581","targetHints":{"allow":["GET"]}}],"collection":[{"href":"https:\/\/roveyayinevi.com.tr\/index.php\/wp-json\/wp\/v2\/product"}],"about":[{"href":"https:\/\/roveyayinevi.com.tr\/index.php\/wp-json\/wp\/v2\/types\/product"}],"wp:attachment":[{"href":"https:\/\/roveyayinevi.com.tr\/index.php\/wp-json\/wp\/v2\/media?parent=737581"}],"wp:term":[{"taxonomy":"product_brand","embeddable":true,"href":"https:\/\/roveyayinevi.com.tr\/index.php\/wp-json\/wp\/v2\/product_brand?post=737581"},{"taxonomy":"product_cat","embeddable":true,"href":"https:\/\/roveyayinevi.com.tr\/index.php\/wp-json\/wp\/v2\/product_cat?post=737581"},{"taxonomy":"product_tag","embeddable":true,"href":"https:\/\/roveyayinevi.com.tr\/index.php\/wp-json\/wp\/v2\/product_tag?post=737581"}],"curies":[{"name":"wp","href":"https:\/\/api.w.org\/{rel}","templated":true}]}}