{"id":737580,"date":"2025-08-27T23:31:35","date_gmt":"2025-08-27T20:31:35","guid":{"rendered":"https:\/\/roveyayinevi.com.tr\/index.php\/urun\/kiyamete-son-99-gun\/"},"modified":"2026-04-16T02:46:58","modified_gmt":"2026-04-15T23:46:58","slug":"kiyamete-son-99-gun","status":"publish","type":"product","link":"https:\/\/roveyayinevi.com.tr\/index.php\/urun\/kiyamete-son-99-gun\/","title":{"rendered":"K\u0131yamete Son 99 G\u00fcn"},"content":{"rendered":"<p>2 Aral\u0131k 2029 ak\u015fam\u0131nda \u015fok bir haber b\u00fct\u00fcn d\u00fcnyaya yay\u0131l\u0131r: &#8220;K\u0131yametin kopmas\u0131na 99 g\u00fcn kald\u0131\u011f\u0131 kesinle\u015fti!&#8221; Ard\u0131ndan d\u00fcnyada akla hayale gelmeyecek bir kaos zinciri olu\u015fur. Ama perde arkas\u0131nda daha b\u00fcy\u00fck bir sava\u015f vard\u0131r\u2026 Rahmani ve \u015feytani g\u00fc\u00e7lerin gizemli sava\u015f\u0131na haz\u0131r olun!K\u0131yamete 99 g\u00fcn kala ortaya \u00e7\u0131kan metafizik varl\u0131\u011f\u0131n amac\u0131 ne? Cinayet yahut intihar olup olmad\u0131\u011f\u0131 belirsiz be\u015f kanl\u0131 olay\u0131n ard\u0131nda kim var? Ve hayat\u0131n\u0131 &#8220;Esma\u00fc&#8217;l-H\u00fcsna&#8221; hakk\u0131nda \u015fiirler yazmaya adam\u0131\u015f m\u00fcnzevi bir \u015fair, bu gizemli sava\u015f\u0131n neresinde Hepsi ve daha fazlas\u0131 bu romanda! K\u0131yamete Son 99 G\u00fcn, karanl\u0131k vizyoner William Blake ile en \u00f6nemli mutasavv\u0131flardan \u0130bn-i Arab\u00ee&#8217;nin kavramsal kabullerinin \u00e7at\u0131\u015fmas\u0131 \u00e7er\u00e7evesinde s\u0131rlarla \u00f6r\u00fcl\u00fc ruhsal bir boyutu yans\u0131tan, son derece heyecanl\u0131 bir kitap\u2026<\/p>\n","protected":false},"excerpt":{"rendered":"<p>2 Aral\u0131k 2029 ak\u015fam\u0131nda \u015fok bir haber b\u00fct\u00fcn d\u00fcnyaya yay\u0131l\u0131r: &#8220;K\u0131yametin kopmas\u0131na 99 g\u00fcn kald\u0131\u011f\u0131 kesinle\u015fti!&#8221; Ard\u0131ndan d\u00fcnyada akla hayale gelmeyecek bir kaos zinciri olu\u015fur. Ama<span class=\"excerpt-hellip\"> [\u2026]<\/span><\/p>\n","protected":false},"featured_media":0,"template":"","meta":{"_monsterinsights_skip_tracking":false,"_monsterinsights_sitenote_active":false,"_monsterinsights_sitenote_note":"","_monsterinsights_sitenote_category":0},"product_brand":[],"product_cat":[12291,12711],"product_tag":[],"class_list":{"0":"post-737580","1":"product","2":"type-product","3":"status-publish","5":"product_cat-edebiyat","6":"product_cat-roman-oyku","7":"pa_cilt-ciltsiz","8":"pa_tur-kitap","9":"pa_yayinevi-tuti-kitap","10":"pa_yazar-polat-onat","12":"first","13":"instock","14":"sale","15":"shipping-taxable","16":"purchasable","17":"product-type-simple"},"_links":{"self":[{"href":"https:\/\/roveyayinevi.com.tr\/index.php\/wp-json\/wp\/v2\/product\/737580","targetHints":{"allow":["GET"]}}],"collection":[{"href":"https:\/\/roveyayinevi.com.tr\/index.php\/wp-json\/wp\/v2\/product"}],"about":[{"href":"https:\/\/roveyayinevi.com.tr\/index.php\/wp-json\/wp\/v2\/types\/product"}],"wp:attachment":[{"href":"https:\/\/roveyayinevi.com.tr\/index.php\/wp-json\/wp\/v2\/media?parent=737580"}],"wp:term":[{"taxonomy":"product_brand","embeddable":true,"href":"https:\/\/roveyayinevi.com.tr\/index.php\/wp-json\/wp\/v2\/product_brand?post=737580"},{"taxonomy":"product_cat","embeddable":true,"href":"https:\/\/roveyayinevi.com.tr\/index.php\/wp-json\/wp\/v2\/product_cat?post=737580"},{"taxonomy":"product_tag","embeddable":true,"href":"https:\/\/roveyayinevi.com.tr\/index.php\/wp-json\/wp\/v2\/product_tag?post=737580"}],"curies":[{"name":"wp","href":"https:\/\/api.w.org\/{rel}","templated":true}]}}