{"id":737579,"date":"2025-08-27T23:31:34","date_gmt":"2025-08-27T20:31:34","guid":{"rendered":"https:\/\/roveyayinevi.com.tr\/index.php\/urun\/kenan-rifai-hayati-eserleri-ve-tasavvuf-anlayisi\/"},"modified":"2026-04-16T02:46:58","modified_gmt":"2026-04-15T23:46:58","slug":"kenan-rifai-hayati-eserleri-ve-tasavvuf-anlayisi","status":"publish","type":"product","link":"https:\/\/roveyayinevi.com.tr\/index.php\/urun\/kenan-rifai-hayati-eserleri-ve-tasavvuf-anlayisi\/","title":{"rendered":"Ken&#8217;an Rifai &#8211; Hayat\u0131, Eserleri ve Tasavvuf Anlay\u0131\u015f\u0131"},"content":{"rendered":"<p>Ken\u2019\u00e2n Rif\u00e2\u00ee Hazretleri, Rif\u00e2\u00eeli\u011fin T\u00fcrkiye\u2019deki temsilcilerinden olup ayn\u0131 zamanda Ken\u00e2niyye kolunun da kurucusudur. Ken\u2019\u00e2n Rif\u00e2\u00ee, Rif\u00e2\u00eeli\u011fin as\u0131l gayesi olan \u201chi\u00e7lik\u201d ve acz mefhumlar\u0131n\u0131 kendi tasavvuf anlay\u0131\u015f\u0131n\u0131n merkezine koymu\u015f \u00e7ok b\u00fcy\u00fck bir \u00f6\u011fretmendir. Ken\u2019\u00e2n Rif\u00e2\u00ee asl\u0131nda bir profes\u00f6rden \u00e7ok daha bilgili olmas\u0131na ra\u011fmen, \u00f6\u011frenci yeti\u015ftirmeyi tercih etmi\u015f, akademik kariyer talep etmemi\u015f ve kitap yazmak yerine kitap yazacak kalemleri yeti\u015ftirmi\u015ftir. Bug\u00fcn d\u00fcnya \u00e7ap\u0131nda say\u0131s\u0131 milyonlar\u0131 a\u015fan \u00f6\u011frencileri, onun ortaya koydu\u011fu tasavvuf anlay\u0131\u015f\u0131n\u0131 \u00f6\u011frenip benimsemek suretiyle Allah\u2019la olan irtibatlar\u0131n\u0131 sa\u011flamla\u015ft\u0131rmaktad\u0131r. Ken\u2019\u00e2n Rif\u00e2\u00ee bize hak\u00eek\u00ee anlamda ihl\u00e2s sahibi bir M\u00fcsl\u00fcman olman\u0131n yollar\u0131n\u0131 \u00f6\u011freten, kal\u0131plar\u0131m\u0131z\u0131 k\u0131rarak, her \u015feyin niyet ve gaye \u00fczerinde temellendi\u011fini ve esasen Allah\u2019\u0131n da bu niyete nazar k\u0131ld\u0131\u011f\u0131n\u0131 g\u00f6steren \u00e7ok b\u00fcy\u00fck bir m\u00e2n\u00e2 sultan\u0131d\u0131r. Her vesile ile hocas\u0131 Ken\u2019\u00e2n Rif\u00e2\u00ee\u2019nin b\u00fcy\u00fckl\u00fc\u011f\u00fcn\u00fc anlatan S\u00e2miha Ayverdi de, kendisinin s\u00f6zlerini derleyerek \u00e7ok b\u00fcy\u00fck bir k\u00fclliyat ortaya koymu\u015f; b\u00f6ylelikle O\u2019nun daha iyi tan\u0131nmas\u0131na vesile olmu\u015ftur. Eyl\u00fcl ile birlikte yapt\u0131\u011f\u0131m\u0131z yirmi senelik bir \u00e7al\u0131\u015fman\u0131n neticesi olan bu kitab\u0131n gayesi; d\u00fcnyaya \u0130sl\u00e2m tasavvufunun hak\u00eek\u00ee y\u00fcz\u00fcn\u00fc anlatmak ve g\u00f6stermektir. Ba\u015far\u0131lar\u0131n\u0131n devam\u0131n\u0131 diliyor daha pek \u00e7ok eser vermesini Allah\u2019tan niyaz ediyorum.Cem\u00e2lnur SargutKenan Rif\u00e2\u00ee Osmanl\u0131 Devleti\u2019nden Cumhuriyet T\u00fcrkiyesi\u2019ne ge\u00e7i\u015f d\u00f6neminin temsilcilerindendir. Devrinin en iyi \u00f6\u011fretim kurumlar\u0131ndan olan Galatasaray Sult\u00e2n\u00eesi (Lisesi) mez\u00fbnudur. Mezuniyetinden sonra en de\u011ferli birikimimiz olan tasavvuf ve irfan d\u00fcnyas\u0131na ad\u0131m atm\u0131\u015f, tekkeler kapan\u0131ncaya kadar on yedi y\u0131l bilfiil \u015feyhlik yapm\u0131\u015ft\u0131r. O, iyi bir Osmanl\u0131 oldu\u011fu kadar, s\u00e2d\u0131k bir T\u00fcrkiye Cumhuriyeti vatanda\u015f\u0131 idi. Tasavvuf\u00ee-manev\u00ee alana ait bildiklerini, inand\u0131klar\u0131n\u0131, e\u011fip b\u00fckmeden, i\u00e7inde bulundu\u011fu \u015fartlar\u0131n imk\u00e2n\u0131na g\u00f6re anlatmaktan, \u00f6\u011fretmekten geri kalmad\u0131. B\u00f6yle \u00f6nemli bir \u015fahsiyeti, T\u00fcrkiye\u2019de ilk defa doktora konusu olarak se\u00e7en Arzu Eyl\u00fcl Yal\u00e7\u0131nkaya\u2019y\u0131 tebrik ederim.Prof. Dr. Mehmet DemirciK\u0131sacas\u0131 \u0130stanbul\u2019da 1908\u2019de kurulan derg\u00e2h\u0131n\u0131n son derg\u00e2h oldu\u011fu bildirilen Ken\u2019\u00e2n Rif\u00e2\u00ee, tam anlam\u0131yla bir dervi\u015f ya\u015fant\u0131s\u0131 ortaya koymu\u015ftur. \u0130stanbul&#8217;da 1908&#8217;de kurulan son derg\u00e2hta da ger\u00e7ek bir dervi\u015f hayat\u0131 ya\u015fam\u0131\u015ft\u0131r. Bir aya\u011f\u0131 il\u00e2h\u00ee a\u015fk\u0131n g\u00f6t\u00fcrd\u00fc\u011f\u00fc zenginliklerle dolu kadim yolda sabit olmak \u00fczere, di\u011fer aya\u011f\u0131yla h\u0131zla de\u011fi\u015fmeyi s\u00fcrd\u00fcren evrene uyum i\u00e7inde d\u00fcnyan\u0131n \u00e7evresinde dola\u015fm\u0131\u015ft\u0131r. 20. y\u00fczy\u0131l\u0131n en \u00f6nemli s\u00fbf\u00eeleri aras\u0131nda yer alan Ken\u2019\u00e2n Rif\u00e2\u00ee\u2019nin b\u0131rakt\u0131\u011f\u0131 de\u011ferli miras, yap\u0131lan akademik \u00e7al\u0131\u015fmalarla 21. y\u00fczy\u0131la ta\u015f\u0131nmaya devam etmektedir.Prof. Dr. Omid Saf\u0131Elinizdeki kitap Osmanl\u0131 ile Cumhuriyet d\u00f6nemini idrak eden \u015feyhlerden Ken\u2019\u00e2n Rif\u00e2\u00ee hakk\u0131nda yap\u0131lm\u0131\u015f doktora seviyesinde ilk akademik \u00e7al\u0131\u015fmad\u0131r. Belgelere dayal\u0131 ciddi ve uzun soluklu bir ara\u015ft\u0131rman\u0131n \u00fcr\u00fcn\u00fc olan bu \u00e7al\u0131\u015fmada, \u201cgelenek ile modern aras\u0131ndaki k\u00f6pr\u00fc \u015fahsiyet\u201d \u015feklinde nitelenen Ken\u2019\u00e2n Rif\u00e2\u00ee, gelene\u011fi de\u011fi\u015fen \u015fartlara uygun formlarla aktard\u0131\u011f\u0131 i\u00e7in tasavvufu fikir ve sanat plan\u0131nda yeni d\u00f6neme ta\u015f\u0131may\u0131 ba\u015farm\u0131\u015f en \u00f6nemli isimlerdendir. \u201cDem bu demdir\u201d diyerek ya\u015fad\u0131\u011f\u0131 \u00e2n\u0131 de\u011ferlendirmeyi esas alan tasavvuf ehli i\u00e7in ne ge\u00e7mi\u015fe hay\u0131flanmak ne de gelecek i\u00e7in endi\u015fe duymak s\u00f6z konusudur. Bu tavr\u0131 benimseyen bir\u00e7ok \u015feyh gibi Ken\u2019\u00e2n Rif\u00e2\u00ee de Cumhuriyet ile birlikte din ve gelenek a\u00e7\u0131s\u0131ndan radikal d\u00f6n\u00fc\u015f\u00fcm\u00fcn ya\u015fand\u0131\u011f\u0131 bir zaman diliminde eserleri ve etkili sohbetleriyle tasavvufu g\u00f6n\u00fcllere \u00e2deta bir gergef gibi dokumu\u015ftur. Zor d\u00f6nemlerde me\u015f\u00e2yihin denge ve istikrar unsuru olarak ne b\u00fcy\u00fck i\u015fler ba\u015fard\u0131\u011f\u0131n\u0131 g\u00f6zler \u00f6n\u00fcne sermesi bak\u0131m\u0131ndan bu kitap, ara\u015ft\u0131rmac\u0131lar i\u00e7in \u00f6nemli bir referans kayna\u011f\u0131 olmaya aday durumundad\u0131r.Prof. Dr. Re\u015fat \u00d6ng\u00f6ren<\/p>\n","protected":false},"excerpt":{"rendered":"<p>Ken\u2019\u00e2n Rif\u00e2\u00ee Hazretleri, Rif\u00e2\u00eeli\u011fin T\u00fcrkiye\u2019deki temsilcilerinden olup ayn\u0131 zamanda Ken\u00e2niyye kolunun da kurucusudur. Ken\u2019\u00e2n Rif\u00e2\u00ee, Rif\u00e2\u00eeli\u011fin as\u0131l gayesi olan \u201chi\u00e7lik\u201d ve acz mefhumlar\u0131n\u0131 kendi tasavvuf anlay\u0131\u015f\u0131n\u0131n<span class=\"excerpt-hellip\"> [\u2026]<\/span><\/p>\n","protected":false},"featured_media":0,"template":"","meta":{"_monsterinsights_skip_tracking":false,"_monsterinsights_sitenote_active":false,"_monsterinsights_sitenote_note":"","_monsterinsights_sitenote_category":0},"product_brand":[],"product_cat":[12718,12719,12720],"product_tag":[],"class_list":{"0":"post-737579","1":"product","2":"type-product","3":"status-publish","5":"product_cat-din","6":"product_cat-islam","7":"product_cat-tasavvuf-mezhepler-tarikatlar","8":"pa_cilt-ciltsiz","9":"pa_tur-kitap","10":"pa_yayinevi-nefes-yayincilik","11":"pa_yazar-arzu-eylul-yalcinkaya","13":"first","14":"instock","15":"sale","16":"shipping-taxable","17":"purchasable","18":"product-type-simple"},"_links":{"self":[{"href":"https:\/\/roveyayinevi.com.tr\/index.php\/wp-json\/wp\/v2\/product\/737579","targetHints":{"allow":["GET"]}}],"collection":[{"href":"https:\/\/roveyayinevi.com.tr\/index.php\/wp-json\/wp\/v2\/product"}],"about":[{"href":"https:\/\/roveyayinevi.com.tr\/index.php\/wp-json\/wp\/v2\/types\/product"}],"wp:attachment":[{"href":"https:\/\/roveyayinevi.com.tr\/index.php\/wp-json\/wp\/v2\/media?parent=737579"}],"wp:term":[{"taxonomy":"product_brand","embeddable":true,"href":"https:\/\/roveyayinevi.com.tr\/index.php\/wp-json\/wp\/v2\/product_brand?post=737579"},{"taxonomy":"product_cat","embeddable":true,"href":"https:\/\/roveyayinevi.com.tr\/index.php\/wp-json\/wp\/v2\/product_cat?post=737579"},{"taxonomy":"product_tag","embeddable":true,"href":"https:\/\/roveyayinevi.com.tr\/index.php\/wp-json\/wp\/v2\/product_tag?post=737579"}],"curies":[{"name":"wp","href":"https:\/\/api.w.org\/{rel}","templated":true}]}}