{"id":737578,"date":"2025-08-27T23:31:33","date_gmt":"2025-08-27T20:31:33","guid":{"rendered":"https:\/\/roveyayinevi.com.tr\/index.php\/urun\/kucuk-prens-ve-kucuk-prensi-okuma-rehberi\/"},"modified":"2026-04-16T02:46:58","modified_gmt":"2026-04-15T23:46:58","slug":"kucuk-prens-ve-kucuk-prensi-okuma-rehberi","status":"publish","type":"product","link":"https:\/\/roveyayinevi.com.tr\/index.php\/urun\/kucuk-prens-ve-kucuk-prensi-okuma-rehberi\/","title":{"rendered":"K\u00fc\u00e7\u00fck Prens ve K\u00fc\u00e7\u00fck Prens&#8217;i Okuma Rehberi"},"content":{"rendered":"<p>D\u00fcnyan\u0131n en \u00e7ok satanlar listesinde ilk s\u0131ralarda yer alan &#8220;K\u00fc\u00e7\u00fck Prens&#8221;, Tuti Kitap fark\u0131yla, uzman bir psikolo\u011fun g\u00f6z\u00fcnden okurlar\u0131n be\u011fenisine sunuluyor. Biri hik\u00e2yenin orijinal metni, di\u011feri de hik\u00e2yenin psikolojik ve pedagojik tahlili olmak \u00fczere iki ayr\u0131 y\u00fczle okuyucuya sunulan K\u00fc\u00e7\u00fck Prens, farkl\u0131 ve \u00f6zg\u00fcn i\u00e7eri\u011fiyle \u00f6nemli bir bo\u015flu\u011fu doldurma amac\u0131n\u0131 ta\u015f\u0131yor. Kitab\u0131n ba\u015far\u0131l\u0131 kurgusunun olaylara kar\u015f\u0131 yeni bak\u0131\u015f a\u00e7\u0131lar\u0131 kazanmada, \u00e7arp\u0131c\u0131 betimlemelerinin hemen her \u00fclkeyi i\u00e7ine alan \u00f6zg\u00fcnl\u00fc\u011f\u00fcn\u00fc tahlil etmede nas\u0131l bir bo\u015flu\u011fu dolduraca\u011f\u0131n\u0131, de\u011ferlendirme k\u0131sm\u0131na bakarak anlamak m\u00fcmk\u00fcn&#8230; Antoine de Saint-Exup\u00e9ry, eserinde bir \u00e7ocu\u011fun g\u00f6z\u00fcnden b\u00fcy\u00fcklerin d\u00fcnyas\u0131n\u0131 anlat\u0131yor. Merve Ot\u00e7eken ise K\u00fc\u00e7\u00fck Prensi Okuma Rehberi&#8217;nde yeti\u015fkinleri kendi \u00f6zlerini sorgulamaya te\u015fvik ediyor. <\/p>\n","protected":false},"excerpt":{"rendered":"<p>D\u00fcnyan\u0131n en \u00e7ok satanlar listesinde ilk s\u0131ralarda yer alan &#8220;K\u00fc\u00e7\u00fck Prens&#8221;, Tuti Kitap fark\u0131yla, uzman bir psikolo\u011fun g\u00f6z\u00fcnden okurlar\u0131n be\u011fenisine sunuluyor. Biri hik\u00e2yenin orijinal metni, di\u011feri<span class=\"excerpt-hellip\"> [\u2026]<\/span><\/p>\n","protected":false},"featured_media":0,"template":"","meta":{"_monsterinsights_skip_tracking":false,"_monsterinsights_sitenote_active":false,"_monsterinsights_sitenote_note":"","_monsterinsights_sitenote_category":0},"product_brand":[],"product_cat":[12275,12274],"product_tag":[],"class_list":{"0":"post-737578","1":"product","2":"type-product","3":"status-publish","5":"product_cat-6-12-yas-kitaplari","6":"product_cat-cocuk-ve-genclik-kitaplari","7":"pa_cilt-ciltsiz","8":"pa_tur-kitap","9":"pa_yayinevi-tuti-kitap","10":"pa_yazar-antoine-de-saint-exupery-merve-otceken","12":"first","13":"instock","14":"sale","15":"shipping-taxable","16":"purchasable","17":"product-type-simple"},"_links":{"self":[{"href":"https:\/\/roveyayinevi.com.tr\/index.php\/wp-json\/wp\/v2\/product\/737578","targetHints":{"allow":["GET"]}}],"collection":[{"href":"https:\/\/roveyayinevi.com.tr\/index.php\/wp-json\/wp\/v2\/product"}],"about":[{"href":"https:\/\/roveyayinevi.com.tr\/index.php\/wp-json\/wp\/v2\/types\/product"}],"wp:attachment":[{"href":"https:\/\/roveyayinevi.com.tr\/index.php\/wp-json\/wp\/v2\/media?parent=737578"}],"wp:term":[{"taxonomy":"product_brand","embeddable":true,"href":"https:\/\/roveyayinevi.com.tr\/index.php\/wp-json\/wp\/v2\/product_brand?post=737578"},{"taxonomy":"product_cat","embeddable":true,"href":"https:\/\/roveyayinevi.com.tr\/index.php\/wp-json\/wp\/v2\/product_cat?post=737578"},{"taxonomy":"product_tag","embeddable":true,"href":"https:\/\/roveyayinevi.com.tr\/index.php\/wp-json\/wp\/v2\/product_tag?post=737578"}],"curies":[{"name":"wp","href":"https:\/\/api.w.org\/{rel}","templated":true}]}}