{"id":737576,"date":"2025-08-27T23:31:30","date_gmt":"2025-08-27T20:31:30","guid":{"rendered":"https:\/\/roveyayinevi.com.tr\/index.php\/urun\/kenan-rifai-ile-aska-yolculuk\/"},"modified":"2026-04-16T02:46:58","modified_gmt":"2026-04-15T23:46:58","slug":"kenan-rifai-ile-aska-yolculuk","status":"publish","type":"product","link":"https:\/\/roveyayinevi.com.tr\/index.php\/urun\/kenan-rifai-ile-aska-yolculuk\/","title":{"rendered":"Kenan Rifai ile A\u015fka Yolculuk"},"content":{"rendered":"<p>M\u00e2nev\u00ee ya\u015fam\u0131 bug\u00fcn \u00e2deta bir \u00e7\u00f6le d\u00f6n\u00fc\u015fm\u00fc\u015f g\u00fcn\u00fcm\u00fcz T\u00fcrkiye\u2019sinde, bir modern zamanlar R\u00e2bia\u2019s\u0131 olan Cem\u00e2lnur Sargut Han\u0131mefendi, tasavvuf irf\u00e2n\u0131na olan derin vuk\u00fbfiyeti, t\u00fckenmez a\u015fk\u0131 ve bilgisiyle kar\u015f\u0131m\u0131za \u00e7\u0131kmaktad\u0131r. Elinizdeki kitap; tasavvuf\u00ee gelene\u011fin, Ahmed Rif\u00e2\u00ee, Kenan Rif\u00e2\u00ee, Me\u015fk\u00fbre Sargut ve S\u00e2miha Ayverdi tezg\u00e2hlar\u0131ndan ge\u00e7erek, zikir ve sohbetle kem\u00e2le ermi\u015f bir Allah \u00e2\u015f\u0131k\u0131, bir Resul sevdal\u0131s\u0131 ve d\u00f6rt b\u00fcy\u00fck yolun sad\u0131k bir izleyicisi olan bu bilge han\u0131mefendiyle yap\u0131lan ve saatler s\u00fcren bir s\u00f6yle\u015finin meyvesidir.Cem\u00e2lnur Sargut\u2019la ger\u00e7ekle\u015ftirilen bu sohbetlerde, Efendimiz\u2019den, tevh\u00eedin s\u0131rlar\u0131ndan, sem\u00e2n\u0131n hak\u00eekatinden, Ahmed Rif\u00e2\u00ee Hazretleri\u2019nin o muazzam d\u00fcnyas\u0131ndan, Rif\u00e2\u00eelik, Kadir\u00eelik, \u015e\u00e2zel\u00eelik ve Mevlev\u00eeli\u011fin g\u00fcr\u00fcl g\u00fcr\u00fcl \u00e7a\u011flayan inisiyatik \u0131rmaklar\u0131ndan, Kenan Rif\u00e2\u00ee ve sad\u0131k izleyicilerinden, yolun esaslar\u0131ndan, kavram ve olgulardan bahsedildi&#8230;- Sad\u0131k Yals\u0131zu\u00e7anlar<\/p>\n","protected":false},"excerpt":{"rendered":"<p>M\u00e2nev\u00ee ya\u015fam\u0131 bug\u00fcn \u00e2deta bir \u00e7\u00f6le d\u00f6n\u00fc\u015fm\u00fc\u015f g\u00fcn\u00fcm\u00fcz T\u00fcrkiye\u2019sinde, bir modern zamanlar R\u00e2bia\u2019s\u0131 olan Cem\u00e2lnur Sargut Han\u0131mefendi, tasavvuf irf\u00e2n\u0131na olan derin vuk\u00fbfiyeti, t\u00fckenmez a\u015fk\u0131 ve bilgisiyle<span class=\"excerpt-hellip\"> [\u2026]<\/span><\/p>\n","protected":false},"featured_media":0,"template":"","meta":{"_monsterinsights_skip_tracking":false,"_monsterinsights_sitenote_active":false,"_monsterinsights_sitenote_note":"","_monsterinsights_sitenote_category":0},"product_brand":[],"product_cat":[12718,12719],"product_tag":[],"class_list":{"0":"post-737576","1":"product","2":"type-product","3":"status-publish","5":"product_cat-din","6":"product_cat-islam","7":"pa_cilt-ciltsiz","8":"pa_tur-kitap","9":"pa_yayinevi-nefes-yayincilik","10":"pa_yazar-cemalnur-sargut","12":"first","13":"instock","14":"sale","15":"shipping-taxable","16":"purchasable","17":"product-type-simple"},"_links":{"self":[{"href":"https:\/\/roveyayinevi.com.tr\/index.php\/wp-json\/wp\/v2\/product\/737576","targetHints":{"allow":["GET"]}}],"collection":[{"href":"https:\/\/roveyayinevi.com.tr\/index.php\/wp-json\/wp\/v2\/product"}],"about":[{"href":"https:\/\/roveyayinevi.com.tr\/index.php\/wp-json\/wp\/v2\/types\/product"}],"wp:attachment":[{"href":"https:\/\/roveyayinevi.com.tr\/index.php\/wp-json\/wp\/v2\/media?parent=737576"}],"wp:term":[{"taxonomy":"product_brand","embeddable":true,"href":"https:\/\/roveyayinevi.com.tr\/index.php\/wp-json\/wp\/v2\/product_brand?post=737576"},{"taxonomy":"product_cat","embeddable":true,"href":"https:\/\/roveyayinevi.com.tr\/index.php\/wp-json\/wp\/v2\/product_cat?post=737576"},{"taxonomy":"product_tag","embeddable":true,"href":"https:\/\/roveyayinevi.com.tr\/index.php\/wp-json\/wp\/v2\/product_tag?post=737576"}],"curies":[{"name":"wp","href":"https:\/\/api.w.org\/{rel}","templated":true}]}}