{"id":737575,"date":"2025-08-27T23:31:30","date_gmt":"2025-08-27T20:31:30","guid":{"rendered":"https:\/\/roveyayinevi.com.tr\/index.php\/urun\/kariyerine-ruh-kat\/"},"modified":"2026-04-11T14:06:12","modified_gmt":"2026-04-11T11:06:12","slug":"kariyerine-ruh-kat","status":"publish","type":"product","link":"https:\/\/roveyayinevi.com.tr\/index.php\/urun\/kariyerine-ruh-kat\/","title":{"rendered":"Kariyerine Ruh Kat"},"content":{"rendered":"<p>Allah Kullar\u0131ndan Kariyer \u0130ster mi?Daha \u00e7ocukken ba\u015flar kariyer maratonumuz\u2026 Hayat\u0131m\u0131z boyunca s\u0131navdan s\u0131nava ko\u015far\u0131z. \u00dcniversiteyi bitirmek de yetmez. Bu maraton, i\u015f hayat\u0131nda da t\u00fcm h\u0131z\u0131yla devam eder. Bu kez de stat\u00fc, derece gibi beklentiler \u00e7\u0131kar kar\u015f\u0131m\u0131za\u2026\u0130\u015fte bu \u00e7ark\u0131n i\u00e7inde m\u00fccadele ederken bir s\u00fcre sonra mutsuz insanlar olup hayat\u0131n anlam\u0131n\u0131 sorgulamaya ba\u015flar\u0131z. \u00c7\u00fcnk\u00fc kariyerin ve ba\u015far\u0131n\u0131n pe\u015finden ko\u015farken ruhumuzun da bir geli\u015fim ve d\u00f6n\u00fc\u015f\u00fcm ge\u00e7irmesi gerekti\u011fini unuturuz.\u201cKariyerine Ruh Kat\u201d; ruhumuzun da bir kariyeri oldu\u011funu hat\u0131rlatarak hayat\u0131n anlam\u0131, ruhunu kaybeden d\u00fcnya, ba\u015far\u0131n\u0131n form\u00fcl\u00fc ve alt\u0131n kurallar\u0131, motivasyon, zihin y\u00f6netme sanat\u0131, yetenek kutusu, tembellik ve erteleme sanat\u0131 gibi pek \u00e7ok konuyu ele alarak ruh kariyerini anlat\u0131yor.<\/p>\n","protected":false},"excerpt":{"rendered":"<p>Allah Kullar\u0131ndan Kariyer \u0130ster mi?Daha \u00e7ocukken ba\u015flar kariyer maratonumuz\u2026 Hayat\u0131m\u0131z boyunca s\u0131navdan s\u0131nava ko\u015far\u0131z. \u00dcniversiteyi bitirmek de yetmez. Bu maraton, i\u015f hayat\u0131nda da t\u00fcm h\u0131z\u0131yla devam<span class=\"excerpt-hellip\"> [\u2026]<\/span><\/p>\n","protected":false},"featured_media":0,"template":"","meta":{"_monsterinsights_skip_tracking":false,"_monsterinsights_sitenote_active":false,"_monsterinsights_sitenote_note":"","_monsterinsights_sitenote_category":0},"product_brand":[],"product_cat":[12364,12376],"product_tag":[],"class_list":{"0":"post-737575","1":"product","2":"type-product","3":"status-publish","5":"product_cat-genel-konular","6":"product_cat-kisisel-gelisim","7":"pa_cilt-ciltsiz","8":"pa_tur-kitap","9":"pa_yayinevi-tuti-kitap","10":"pa_yazar-omer-guclu","12":"first","13":"instock","14":"sale","15":"shipping-taxable","16":"purchasable","17":"product-type-simple"},"_links":{"self":[{"href":"https:\/\/roveyayinevi.com.tr\/index.php\/wp-json\/wp\/v2\/product\/737575","targetHints":{"allow":["GET"]}}],"collection":[{"href":"https:\/\/roveyayinevi.com.tr\/index.php\/wp-json\/wp\/v2\/product"}],"about":[{"href":"https:\/\/roveyayinevi.com.tr\/index.php\/wp-json\/wp\/v2\/types\/product"}],"wp:attachment":[{"href":"https:\/\/roveyayinevi.com.tr\/index.php\/wp-json\/wp\/v2\/media?parent=737575"}],"wp:term":[{"taxonomy":"product_brand","embeddable":true,"href":"https:\/\/roveyayinevi.com.tr\/index.php\/wp-json\/wp\/v2\/product_brand?post=737575"},{"taxonomy":"product_cat","embeddable":true,"href":"https:\/\/roveyayinevi.com.tr\/index.php\/wp-json\/wp\/v2\/product_cat?post=737575"},{"taxonomy":"product_tag","embeddable":true,"href":"https:\/\/roveyayinevi.com.tr\/index.php\/wp-json\/wp\/v2\/product_tag?post=737575"}],"curies":[{"name":"wp","href":"https:\/\/api.w.org\/{rel}","templated":true}]}}