{"id":737573,"date":"2025-08-27T23:31:28","date_gmt":"2025-08-27T20:31:28","guid":{"rendered":"https:\/\/roveyayinevi.com.tr\/index.php\/urun\/irfan-sofralari-2\/"},"modified":"2026-04-16T02:46:58","modified_gmt":"2026-04-15T23:46:58","slug":"irfan-sofralari-2","status":"publish","type":"product","link":"https:\/\/roveyayinevi.com.tr\/index.php\/urun\/irfan-sofralari-2\/","title":{"rendered":"\u0130rfan Sofralar\u0131 2"},"content":{"rendered":"<p>Hz. Niy\u00e2z\u00ee-i M\u0131sr\u00ee diyor ki: \u201cHikmet sahibi Allah, kuluna hikmet nasip ederse o kul soru sormaktan vazge\u00e7er. Her \u015feyi yerli yerinde g\u00f6r\u00fcr. Bir kusurun, bir eksi\u011fin, fakirli\u011fin, zarar\u0131n, cehlin ve k\u00fcfr\u00fcn kald\u0131r\u0131lmas\u0131n\u0131 do\u011fru bulmaz. Anlar ki zul\u00fcm diye bir \u015fey yok, olanlar\u0131n hepsi Allah\u2019\u0131n ad\u00e2letinin bir neticesidir. Her \u015fer hay\u0131rla biter, her zararda fayda vard\u0131r. S\u0131k\u0131nt\u0131 huzura, rahatl\u0131k s\u0131k\u0131nt\u0131ya kap\u0131 a\u00e7ar. B\u00fct\u00fcn bunlar\u0131 anlayan kul soru sormaya edep eder.\u201dBu hakikatlerin \u00fcst seviyede idrakini ise \u015f\u00f6yle yorumluyor: \u201c\u0130nsanlara Allah\u2019\u0131n nuruyla bakarsan insanlar\u0131n \u015ferlileri ile hay\u0131rl\u0131lar\u0131 bir olur. Her ikisiyle de kar\u0131\u015f\u0131p konu\u015fman e\u015fittir. Hatta \u015ferlileri aras\u0131na kat\u0131l\u0131rs\u0131n ki sana eziyet etsinler de onlar\u0131n eziyetlerine tahamm\u00fcl edesin, bunun yan\u0131nda onlara iyilik edesin. \u00c7\u00fcnk\u00fc Sevgili\u2019nin \u00e2\u015f\u0131ka cel\u00e2l ile muamelesi, cem\u00e2l ile muamelesinden daha tatl\u0131d\u0131r. \u0130\u015fte bu bak\u0131\u015f s\u0131ras\u0131nda mel\u00e2ikenin bak\u0131\u015f\u0131, utanc\u0131ndan mahvolur.\u201dNiy\u00e2z\u00ee-i M\u0131sr\u00ee\u2019nin yetmi\u015f bir sofradan olu\u015fan \u0130rfan Sofralar\u0131 adl\u0131 eserinin onuncu ve on be\u015finci sofralar aras\u0131ndaki sohbetlerinin \u015ferh edildi\u011fi bu kitap, okuyucuyu irf\u00e2n\u0131n m\u00e2n\u00e2s\u0131na davet etmektedir.<\/p>\n","protected":false},"excerpt":{"rendered":"<p>Hz. Niy\u00e2z\u00ee-i M\u0131sr\u00ee diyor ki: \u201cHikmet sahibi Allah, kuluna hikmet nasip ederse o kul soru sormaktan vazge\u00e7er. Her \u015feyi yerli yerinde g\u00f6r\u00fcr. Bir kusurun, bir eksi\u011fin,<span class=\"excerpt-hellip\"> [\u2026]<\/span><\/p>\n","protected":false},"featured_media":0,"template":"","meta":{"_monsterinsights_skip_tracking":false,"_monsterinsights_sitenote_active":false,"_monsterinsights_sitenote_note":"","_monsterinsights_sitenote_category":0},"product_brand":[],"product_cat":[12718,12719,12720],"product_tag":[],"class_list":{"0":"post-737573","1":"product","2":"type-product","3":"status-publish","5":"product_cat-din","6":"product_cat-islam","7":"product_cat-tasavvuf-mezhepler-tarikatlar","8":"pa_cilt-ciltsiz","9":"pa_tur-kitap","10":"pa_yayinevi-nefes-yayincilik","11":"pa_yazar-niyazi-misri","13":"first","14":"instock","15":"sale","16":"shipping-taxable","17":"purchasable","18":"product-type-simple"},"_links":{"self":[{"href":"https:\/\/roveyayinevi.com.tr\/index.php\/wp-json\/wp\/v2\/product\/737573","targetHints":{"allow":["GET"]}}],"collection":[{"href":"https:\/\/roveyayinevi.com.tr\/index.php\/wp-json\/wp\/v2\/product"}],"about":[{"href":"https:\/\/roveyayinevi.com.tr\/index.php\/wp-json\/wp\/v2\/types\/product"}],"wp:attachment":[{"href":"https:\/\/roveyayinevi.com.tr\/index.php\/wp-json\/wp\/v2\/media?parent=737573"}],"wp:term":[{"taxonomy":"product_brand","embeddable":true,"href":"https:\/\/roveyayinevi.com.tr\/index.php\/wp-json\/wp\/v2\/product_brand?post=737573"},{"taxonomy":"product_cat","embeddable":true,"href":"https:\/\/roveyayinevi.com.tr\/index.php\/wp-json\/wp\/v2\/product_cat?post=737573"},{"taxonomy":"product_tag","embeddable":true,"href":"https:\/\/roveyayinevi.com.tr\/index.php\/wp-json\/wp\/v2\/product_tag?post=737573"}],"curies":[{"name":"wp","href":"https:\/\/api.w.org\/{rel}","templated":true}]}}