{"id":737572,"date":"2025-08-27T23:31:27","date_gmt":"2025-08-27T20:31:27","guid":{"rendered":"https:\/\/roveyayinevi.com.tr\/index.php\/urun\/irfan-sofralari-1\/"},"modified":"2026-04-16T02:46:57","modified_gmt":"2026-04-15T23:46:57","slug":"irfan-sofralari-1","status":"publish","type":"product","link":"https:\/\/roveyayinevi.com.tr\/index.php\/urun\/irfan-sofralari-1\/","title":{"rendered":"\u0130rfan Sofralar\u0131 1"},"content":{"rendered":"<p>\u0130rfan, nefsini \u0131slah ettikten sonra sab\u0131r ve \u015f\u00fckretmek, Hakk\u2019a teslim ve ondan gelene r\u00e2z\u0131 olmak demektir.O kimse ki her mevc\u00fbdun Cen\u00e2b-\u0131 Hakk\u2019\u0131n bir mazhar\u0131 oldu\u011funu g\u00f6r\u00fcrse ondan Hak g\u00f6r\u00fcn\u00fcr. \u0130\u015fte ilim ve irfan budur.B\u00fcy\u00fck mutasavv\u0131f Niy\u00e2z\u00ee-i M\u0131sr\u00ee\u2019nin yetmi\u015f bir sofradan olu\u015fan muazzam eseri \u0130rfan Sofralar\u0131\u2019n\u0131n dokuz sofras\u0131n\u0131n \u015ferh edildi\u011fi bu kitap, okuyucuyu irf\u00e2n\u0131n m\u00e2n\u00e2s\u0131na davet etmektedir.<\/p>\n","protected":false},"excerpt":{"rendered":"<p>\u0130rfan, nefsini \u0131slah ettikten sonra sab\u0131r ve \u015f\u00fckretmek, Hakk\u2019a teslim ve ondan gelene r\u00e2z\u0131 olmak demektir.O kimse ki her mevc\u00fbdun Cen\u00e2b-\u0131 Hakk\u2019\u0131n bir mazhar\u0131 oldu\u011funu g\u00f6r\u00fcrse<span class=\"excerpt-hellip\"> [\u2026]<\/span><\/p>\n","protected":false},"featured_media":0,"template":"","meta":{"_monsterinsights_skip_tracking":false,"_monsterinsights_sitenote_active":false,"_monsterinsights_sitenote_note":"","_monsterinsights_sitenote_category":0},"product_brand":[],"product_cat":[12718,12719],"product_tag":[],"class_list":{"0":"post-737572","1":"product","2":"type-product","3":"status-publish","5":"product_cat-din","6":"product_cat-islam","7":"pa_cilt-ciltsiz","8":"pa_tur-kitap","9":"pa_yayinevi-nefes-yayincilik","10":"pa_yazar-niyazi-misri","12":"first","13":"instock","14":"sale","15":"shipping-taxable","16":"purchasable","17":"product-type-simple"},"_links":{"self":[{"href":"https:\/\/roveyayinevi.com.tr\/index.php\/wp-json\/wp\/v2\/product\/737572","targetHints":{"allow":["GET"]}}],"collection":[{"href":"https:\/\/roveyayinevi.com.tr\/index.php\/wp-json\/wp\/v2\/product"}],"about":[{"href":"https:\/\/roveyayinevi.com.tr\/index.php\/wp-json\/wp\/v2\/types\/product"}],"wp:attachment":[{"href":"https:\/\/roveyayinevi.com.tr\/index.php\/wp-json\/wp\/v2\/media?parent=737572"}],"wp:term":[{"taxonomy":"product_brand","embeddable":true,"href":"https:\/\/roveyayinevi.com.tr\/index.php\/wp-json\/wp\/v2\/product_brand?post=737572"},{"taxonomy":"product_cat","embeddable":true,"href":"https:\/\/roveyayinevi.com.tr\/index.php\/wp-json\/wp\/v2\/product_cat?post=737572"},{"taxonomy":"product_tag","embeddable":true,"href":"https:\/\/roveyayinevi.com.tr\/index.php\/wp-json\/wp\/v2\/product_tag?post=737572"}],"curies":[{"name":"wp","href":"https:\/\/api.w.org\/{rel}","templated":true}]}}