{"id":737571,"date":"2025-08-27T23:31:26","date_gmt":"2025-08-27T20:31:26","guid":{"rendered":"https:\/\/roveyayinevi.com.tr\/index.php\/urun\/insanin-yukselisi\/"},"modified":"2026-04-16T02:46:57","modified_gmt":"2026-04-15T23:46:57","slug":"insanin-yukselisi","status":"publish","type":"product","link":"https:\/\/roveyayinevi.com.tr\/index.php\/urun\/insanin-yukselisi\/","title":{"rendered":"\u0130nsan\u0131n Y\u00fckseli\u015fi"},"content":{"rendered":"<p>\u201cNe mutlu Allah\u2019a dost olana ve ne mutlu se\u00e7imi Allah olana\u2026\u00d6len hayvan imi\u015f, \u00e2\u015f\u0131klar \u00f6lm\u00fcyor.\u201dCem\u00e2lnur SargutElinizdeki eserde Me\u015fk\u00fbre Sargut\u2019un tasavvuf\u00ee terbiye hakk\u0131ndaki g\u00f6r\u00fc\u015fleri incelenmektedir. Bu ba\u011flamda kendisinin eserleri, talebelerine yazd\u0131\u011f\u0131 mektuplar, gazete yaz\u0131lar\u0131, s\u00f6zl\u00fc kaynak olarak talebeleriyle yap\u0131lan r\u00f6portajlar, talebelerinin ald\u0131klar\u0131 \u00f6zel notlar ve de \u00e7e\u015fitli y\u0131llarda yapm\u0131\u015f oldu\u011fu sohbetleri birincil kaynaklard\u0131r. \u0130kincil kaynaklar ise tasavvuf\u00ee eserler ve makalelerdir.\u0130ki ana b\u00f6l\u00fcmden olu\u015fan ara\u015ft\u0131rman\u0131n birinci b\u00f6l\u00fcm\u00fcnde insan\u0131n yarat\u0131l\u0131\u015f\u0131, yarat\u0131l\u0131\u015f mertebeleri ve yarat\u0131l\u0131\u015fla ilgili kavramlar ele al\u0131nmaktad\u0131r. \u0130kinci b\u00f6l\u00fcmde ise insan\u0131n asl\u0131na nas\u0131l y\u00fckselece\u011fi sorusuna Me\u015fk\u00fbre Sargut\u2019un \u00e7er\u00e7evesinden cevap aranmaktad\u0131r. Bu ba\u011flamda, kimlerin m\u00e2nev\u00ee terbiye g\u00f6rebilece\u011fi, nefs terbiyesi, Rif\u00e2\u00ee dervi\u015finde bulunmas\u0131 gereken ib\u00e2det ve ahl\u00e2kla ilgili hasletler gibi konular incelenmektedir. Bu konular incelenirken g\u00f6r\u00fc\u015flerinden yararlan\u0131lan s\u00fbf\u00eeler \u0130bn\u00fc\u2019l-Arab\u00ee, Hz. Mevl\u00e2n\u00e2 ve Ahmed er-Rif\u00e2\u00ee\u2019dir. Ayr\u0131ca Me\u015fk\u00fbre Sargut\u2019un m\u00fcr\u015fidleri olmas\u0131 hasebiyle, Ken\u2019an Rif\u00e2\u00ee ve S\u00e2miha Ayverdi\u2019nin g\u00f6r\u00fc\u015flerine de yer verilmektedir.<\/p>\n","protected":false},"excerpt":{"rendered":"<p>\u201cNe mutlu Allah\u2019a dost olana ve ne mutlu se\u00e7imi Allah olana\u2026\u00d6len hayvan imi\u015f, \u00e2\u015f\u0131klar \u00f6lm\u00fcyor.\u201dCem\u00e2lnur SargutElinizdeki eserde Me\u015fk\u00fbre Sargut\u2019un tasavvuf\u00ee terbiye hakk\u0131ndaki g\u00f6r\u00fc\u015fleri incelenmektedir. Bu ba\u011flamda<span class=\"excerpt-hellip\"> [\u2026]<\/span><\/p>\n","protected":false},"featured_media":0,"template":"","meta":{"_monsterinsights_skip_tracking":false,"_monsterinsights_sitenote_active":false,"_monsterinsights_sitenote_note":"","_monsterinsights_sitenote_category":0},"product_brand":[],"product_cat":[12718,12719,12720],"product_tag":[],"class_list":{"0":"post-737571","1":"product","2":"type-product","3":"status-publish","5":"product_cat-din","6":"product_cat-islam","7":"product_cat-tasavvuf-mezhepler-tarikatlar","8":"pa_cilt-ciltsiz","9":"pa_tur-kitap","10":"pa_yayinevi-nefes-yayincilik","11":"pa_yazar-ilahe-m-kursun","13":"first","14":"instock","15":"sale","16":"shipping-taxable","17":"purchasable","18":"product-type-simple"},"_links":{"self":[{"href":"https:\/\/roveyayinevi.com.tr\/index.php\/wp-json\/wp\/v2\/product\/737571","targetHints":{"allow":["GET"]}}],"collection":[{"href":"https:\/\/roveyayinevi.com.tr\/index.php\/wp-json\/wp\/v2\/product"}],"about":[{"href":"https:\/\/roveyayinevi.com.tr\/index.php\/wp-json\/wp\/v2\/types\/product"}],"wp:attachment":[{"href":"https:\/\/roveyayinevi.com.tr\/index.php\/wp-json\/wp\/v2\/media?parent=737571"}],"wp:term":[{"taxonomy":"product_brand","embeddable":true,"href":"https:\/\/roveyayinevi.com.tr\/index.php\/wp-json\/wp\/v2\/product_brand?post=737571"},{"taxonomy":"product_cat","embeddable":true,"href":"https:\/\/roveyayinevi.com.tr\/index.php\/wp-json\/wp\/v2\/product_cat?post=737571"},{"taxonomy":"product_tag","embeddable":true,"href":"https:\/\/roveyayinevi.com.tr\/index.php\/wp-json\/wp\/v2\/product_tag?post=737571"}],"curies":[{"name":"wp","href":"https:\/\/api.w.org\/{rel}","templated":true}]}}