{"id":737570,"date":"2025-08-27T23:31:25","date_gmt":"2025-08-27T20:31:25","guid":{"rendered":"https:\/\/roveyayinevi.com.tr\/index.php\/urun\/hayatin-mucizeleri-bez-ciltli\/"},"modified":"2026-04-16T02:46:57","modified_gmt":"2026-04-15T23:46:57","slug":"hayatin-mucizeleri-bez-ciltli","status":"publish","type":"product","link":"https:\/\/roveyayinevi.com.tr\/index.php\/urun\/hayatin-mucizeleri-bez-ciltli\/","title":{"rendered":"Hayat\u0131n Mucizeleri (Bez Ciltli)"},"content":{"rendered":"<p>Sava\u015f ma\u011fduru gen\u00e7 bir Yahudi k\u0131z, Meryem Ana tablosuna modellik yaparken kuca\u011f\u0131na verilen bebekle kurdu\u011fu ba\u011f sonucu bir de\u011fi\u015fim ya\u015far (\u201cHayat\u0131n Mucizeleri\u201d); ya\u015fl\u0131 ve hasta bir t\u00fcccar kar\u0131s\u0131n\u0131n ve k\u0131z\u0131n\u0131n ihanetine u\u011frad\u0131\u011f\u0131n\u0131 d\u00fc\u015f\u00fcn\u00fcr, onlara yabanc\u0131la\u015f\u0131p kendini ve hayat\u0131 sorgular (\u201cBir Y\u00fcre\u011fin \u00c7\u00f6k\u00fc\u015f\u00fc\u201d); iki \u00e2\u015f\u0131k y\u0131llar sonra kar\u015f\u0131la\u015f\u0131r, duygusal gelgitler i\u00e7indedirler (\u201cUnutulmu\u015f Hayaller\u201d) ve h\u0131rs insana akla hayale gelmeyecek \u015feyler yapt\u0131rabilir (\u201cBenzerBenzemez K\u0131z Karde\u015fler\u201d)\u2026 Zweig bu \u00f6yk\u00fclerinde bizi insan psikolojisinin derinliklerine g\u00f6t\u00fcrmekle kalm\u0131yor ayn\u0131 zamanda kendi g\u00f6lgelerimizle de y\u00fczle\u015fmemizi sa\u011fl\u0131yor. \u0130nsan\u0131n zay\u0131fl\u0131klar\u0131n\u0131, bast\u0131r\u0131lan duygular\u0131n\u0131 ve gizli korkular\u0131n\u0131 \u00e7arp\u0131c\u0131 bir bi\u00e7imde yans\u0131tan, bak\u0131\u015f a\u00e7\u0131s\u0131 de\u011fi\u015fti\u011finde ger\u00e7e\u011fin de de\u011fi\u015febilece\u011fini g\u00f6zler \u00f6n\u00fcne seren bu \u00f6yk\u00fc se\u00e7kisini \u00c7a\u011flar Tanyeri\u2019nin \u00f6zenli \u00e7evirisiyle sunuyoruz. <\/p>\n","protected":false},"excerpt":{"rendered":"<p>Sava\u015f ma\u011fduru gen\u00e7 bir Yahudi k\u0131z, Meryem Ana tablosuna modellik yaparken kuca\u011f\u0131na verilen bebekle kurdu\u011fu ba\u011f sonucu bir de\u011fi\u015fim ya\u015far (\u201cHayat\u0131n Mucizeleri\u201d); ya\u015fl\u0131 ve hasta bir<span class=\"excerpt-hellip\"> [\u2026]<\/span><\/p>\n","protected":false},"featured_media":0,"template":"","meta":{"_monsterinsights_skip_tracking":false,"_monsterinsights_sitenote_active":false,"_monsterinsights_sitenote_note":"","_monsterinsights_sitenote_category":0},"product_brand":[],"product_cat":[12291,12711],"product_tag":[],"class_list":{"0":"post-737570","1":"product","2":"type-product","3":"status-publish","5":"product_cat-edebiyat","6":"product_cat-roman-oyku","7":"pa_cilt-ciltli","8":"pa_tur-kitap","9":"pa_yayinevi-koridor-yayincilik","10":"pa_yazar-stefan-zweig","12":"first","13":"instock","14":"sale","15":"shipping-taxable","16":"purchasable","17":"product-type-simple"},"_links":{"self":[{"href":"https:\/\/roveyayinevi.com.tr\/index.php\/wp-json\/wp\/v2\/product\/737570","targetHints":{"allow":["GET"]}}],"collection":[{"href":"https:\/\/roveyayinevi.com.tr\/index.php\/wp-json\/wp\/v2\/product"}],"about":[{"href":"https:\/\/roveyayinevi.com.tr\/index.php\/wp-json\/wp\/v2\/types\/product"}],"wp:attachment":[{"href":"https:\/\/roveyayinevi.com.tr\/index.php\/wp-json\/wp\/v2\/media?parent=737570"}],"wp:term":[{"taxonomy":"product_brand","embeddable":true,"href":"https:\/\/roveyayinevi.com.tr\/index.php\/wp-json\/wp\/v2\/product_brand?post=737570"},{"taxonomy":"product_cat","embeddable":true,"href":"https:\/\/roveyayinevi.com.tr\/index.php\/wp-json\/wp\/v2\/product_cat?post=737570"},{"taxonomy":"product_tag","embeddable":true,"href":"https:\/\/roveyayinevi.com.tr\/index.php\/wp-json\/wp\/v2\/product_tag?post=737570"}],"curies":[{"name":"wp","href":"https:\/\/api.w.org\/{rel}","templated":true}]}}