{"id":737568,"date":"2025-08-27T23:31:24","date_gmt":"2025-08-27T20:31:24","guid":{"rendered":"https:\/\/roveyayinevi.com.tr\/index.php\/urun\/mahalle-2\/"},"modified":"2026-04-16T02:46:57","modified_gmt":"2026-04-15T23:46:57","slug":"mahalle-2","status":"publish","type":"product","link":"https:\/\/roveyayinevi.com.tr\/index.php\/urun\/mahalle-2\/","title":{"rendered":"Mahalle"},"content":{"rendered":"<p>Mahalleyi mahalle yapan\u0131n ne oldu\u011fu sorguland\u0131\u011f\u0131nda, temsilinin bir huzur mek\u00e2n\u0131 oldu\u011fu s\u00f6ylenebilir pek\u00e2l\u00e2 veya bir yerde olma ya da ortak de\u011ferler. Oysa mahalle bug\u00fcnlerde biraz y\u0131lg\u0131n, gelece\u011fi mu\u011flak gibi, sorular \u00e7ok\u2026 Derin bir d\u00fcnya g\u00f6r\u00fc\u015f\u00fcne yaslanan zihniyetin \u00fcretti\u011fi, ortak de\u011ferlerin yans\u0131ma buldu\u011fu mahalleyi nas\u0131l bir gelecek bekliyor? De\u011fi\u015fen mek\u00e2n, zaman ve uzam i\u00e7inde \u2018bir yerde\/mahallede olmak\u2019 h\u00e2l\u00e2 \u00f6nemli mi? Toplumsal bellekte kodlanm\u0131\u015f mahalleden yak\u0131n gelecekte bahsedilebilecek mi, bahsedilecekse hangi ba\u011flamda?ve E\u011fer bir paradigma de\u011fi\u015fiminden bahsedilecekse \u201cMahalle i\u00e7in yeni bir kuram m\u00fcmk\u00fcn m\u00fc?\u201d Kitap, \u2018evet\u2019 diyor, \u00e7\u00fcnk\u00fc bir yerde olmak h\u00e2l\u00e2 \u00f6nemli. Bug\u00fcn ba\u015fka bir d\u00fcnya g\u00f6r\u00fc\u015f\u00fc, ba\u015fka bir toplumsall\u0131k, ba\u015fka bir mek\u00e2n deneyimi, ba\u015fka bir zaman alg\u0131s\u0131 var. Mahalleye dair k\u0131r\u0131k bir aynada izlenen pek \u00e7ok yans\u0131ma var sanki\u2026 Zamana, insana, de\u011ferlere ba\u011fl\u0131 bir yer olarak mahalleyi par\u00e7alar\u0131na ay\u0131r\u0131p o par\u00e7alardan tekrar anlaml\u0131 bir b\u00fct\u00fcn kurmak imk\u00e2ns\u0131z. \u00c7\u00fcnk\u00fc mahalle, tarihinde hi\u00e7bir zaman nesne olmad\u0131; \u00fcstelik insan\u0131n ontolojik de\u011ferleri de hi\u00e7 de\u011fi\u015fmedi. \u2018Hesapla\u015fma\u2019 hen\u00fcz sona ermemi\u015f olmal\u0131 ki tart\u0131\u015fmalar s\u00fcrmekte\u2026 Ve ancak \u2018bug\u00fcn ve insan\u2019 ba\u011flam\u0131nda yap\u0131lacak bir \u2018okuma\u2019yla insanlar\u0131n i\u00e7inde mutlu olaca\u011f\u0131 hakiki toplumsall\u0131klar, mek\u00e2n olas\u0131l\u0131klar\u0131, \u2018yer\u2019ler s\u00f6z konusu olabilir. Kitab\u0131n tart\u0131\u015fmas\u0131 bu eksende; mahallenin bir y\u00f6n\u00fcyle zamana zorunlu ba\u011fl\u0131, \u00f6te taraftan yar\u0131na ba\u011fl\u0131; hepsinden \u00f6tede de insana ba\u011fl\u0131 oldu\u011fu ger\u00e7e\u011fine ve bir aray\u0131\u015fa odaklanmakta.<\/p>\n","protected":false},"excerpt":{"rendered":"<p>Mahalleyi mahalle yapan\u0131n ne oldu\u011fu sorguland\u0131\u011f\u0131nda, temsilinin bir huzur mek\u00e2n\u0131 oldu\u011fu s\u00f6ylenebilir pek\u00e2l\u00e2 veya bir yerde olma ya da ortak de\u011ferler. Oysa mahalle bug\u00fcnlerde biraz y\u0131lg\u0131n,<span class=\"excerpt-hellip\"> [\u2026]<\/span><\/p>\n","protected":false},"featured_media":0,"template":"","meta":{"_monsterinsights_skip_tracking":false,"_monsterinsights_sitenote_active":false,"_monsterinsights_sitenote_note":"","_monsterinsights_sitenote_category":0},"product_brand":[],"product_cat":[12325,12324],"product_tag":[],"class_list":{"0":"post-737568","1":"product","2":"type-product","3":"status-publish","5":"product_cat-diger-sosyoloji","6":"product_cat-sosyoloji","7":"pa_cilt-ciltsiz","8":"pa_tur-kitap","9":"pa_yayinevi-tuti-kitap","10":"pa_yazar-imre-ozbek-eren","12":"first","13":"instock","14":"sale","15":"shipping-taxable","16":"purchasable","17":"product-type-simple"},"_links":{"self":[{"href":"https:\/\/roveyayinevi.com.tr\/index.php\/wp-json\/wp\/v2\/product\/737568","targetHints":{"allow":["GET"]}}],"collection":[{"href":"https:\/\/roveyayinevi.com.tr\/index.php\/wp-json\/wp\/v2\/product"}],"about":[{"href":"https:\/\/roveyayinevi.com.tr\/index.php\/wp-json\/wp\/v2\/types\/product"}],"wp:attachment":[{"href":"https:\/\/roveyayinevi.com.tr\/index.php\/wp-json\/wp\/v2\/media?parent=737568"}],"wp:term":[{"taxonomy":"product_brand","embeddable":true,"href":"https:\/\/roveyayinevi.com.tr\/index.php\/wp-json\/wp\/v2\/product_brand?post=737568"},{"taxonomy":"product_cat","embeddable":true,"href":"https:\/\/roveyayinevi.com.tr\/index.php\/wp-json\/wp\/v2\/product_cat?post=737568"},{"taxonomy":"product_tag","embeddable":true,"href":"https:\/\/roveyayinevi.com.tr\/index.php\/wp-json\/wp\/v2\/product_tag?post=737568"}],"curies":[{"name":"wp","href":"https:\/\/api.w.org\/{rel}","templated":true}]}}