{"id":737567,"date":"2025-08-27T23:31:23","date_gmt":"2025-08-27T20:31:23","guid":{"rendered":"https:\/\/roveyayinevi.com.tr\/index.php\/urun\/ilm-i-siyaset\/"},"modified":"2026-04-16T02:46:57","modified_gmt":"2026-04-15T23:46:57","slug":"ilm-i-siyaset","status":"publish","type":"product","link":"https:\/\/roveyayinevi.com.tr\/index.php\/urun\/ilm-i-siyaset\/","title":{"rendered":"\u0130lm-i Siyaset"},"content":{"rendered":"<p>Osmanl\u0131\u2019n\u0131n modernle\u015fme s\u00fcrecinin Bat\u0131\u2019daki s\u00fcre\u00e7ten fark\u0131 nedir?I. D\u00fcnya Sava\u015f\u0131 sonras\u0131nda yap\u0131land\u0131r\u0131lan d\u00fcnya d\u00fczeni nas\u0131ld\u0131?T\u00fcrkiye\u2019de darbeler hangi ama\u00e7la devreye sokuluyor?\u201cDenge politikas\u0131\u201d derken ne kastedilmektedir?Sykes-Picot ile K\u00fcrtlere bir devlet verilmemi\u015fti, planlanan neydi?Arap Bahar\u0131\u2019n\u0131n Suriye\u2019deki yans\u0131mas\u0131 ne oldu ve Suriye\u2019de bug\u00fcnlere nas\u0131l geldik?Devletimizin e\u011fitim anlay\u0131\u015f\u0131ndaki eksikleri neler?Dijital \u00e7a\u011fda T\u00fcrkiye\u2019yi nas\u0131l bir gelecek bekliyor?Haftalarca s\u00fcren m\u00fclakatlar sonucunda meydana gelen ve soru-cevaptan olu\u015fan \u0130lm-i Siyaset; T\u00fcrkiye\u2019nin son 150 y\u0131l\u0131na dair siyasal-iktisad\u00ee-k\u00fclt\u00fcrel de\u011fi\u015fim g\u00fczerg\u00e2h\u0131n\u0131 ve bu g\u00fczerg\u00e2h \u00fczerinde olu\u015fan fay hatlar\u0131n\u0131, \u00e7atlakl\u0131klar\u0131 ve kutupla\u015fmalar\u0131 ele almaktad\u0131r.\u00dcsk\u00fcdar \u00dcniversitesi Siyaset Bilimi ve Uluslararas\u0131 \u0130li\u015fkiler B\u00f6l\u00fcm Ba\u015fkan\u0131 Prof. Dr. Mithat Baydur eserde; Osmanl\u0131\u2019n\u0131n modernle\u015fme s\u00fcreci, T\u00fcrkiye\u2019deki darbelerin i\u00e7 y\u00fcz\u00fc, anayasal s\u00fcre\u00e7ler, denge politikas\u0131n\u0131n \u00f6nemi, siyasi kadrolar\u0131n profili, \u2018derin devlet\u2019 kavram\u0131, Arap Bahar\u0131 ve Suriye, K\u00fcrt meselesi, tarih\u00ee yan\u0131lg\u0131lar\u0131m\u0131z ve T\u00fcrkiye\u2019nin bug\u00fcn\u00fc gibi pek \u00e7ok konuyu analiz etmektedir.<\/p>\n","protected":false},"excerpt":{"rendered":"<p>Osmanl\u0131\u2019n\u0131n modernle\u015fme s\u00fcrecinin Bat\u0131\u2019daki s\u00fcre\u00e7ten fark\u0131 nedir?I. D\u00fcnya Sava\u015f\u0131 sonras\u0131nda yap\u0131land\u0131r\u0131lan d\u00fcnya d\u00fczeni nas\u0131ld\u0131?T\u00fcrkiye\u2019de darbeler hangi ama\u00e7la devreye sokuluyor?\u201cDenge politikas\u0131\u201d derken ne kastedilmektedir?Sykes-Picot ile K\u00fcrtlere bir<span class=\"excerpt-hellip\"> [\u2026]<\/span><\/p>\n","protected":false},"featured_media":0,"template":"","meta":{"_monsterinsights_skip_tracking":false,"_monsterinsights_sitenote_active":false,"_monsterinsights_sitenote_note":"","_monsterinsights_sitenote_category":0},"product_brand":[],"product_cat":[12337,14706],"product_tag":[],"class_list":{"0":"post-737567","1":"product","2":"type-product","3":"status-publish","5":"product_cat-politika-siyaset","6":"product_cat-siyaset-bilimi","7":"pa_cilt-ciltsiz","8":"pa_tur-kitap","9":"pa_yayinevi-tuti-kitap","10":"pa_yazar-mithat-baydur","12":"first","13":"instock","14":"sale","15":"shipping-taxable","16":"purchasable","17":"product-type-simple"},"_links":{"self":[{"href":"https:\/\/roveyayinevi.com.tr\/index.php\/wp-json\/wp\/v2\/product\/737567","targetHints":{"allow":["GET"]}}],"collection":[{"href":"https:\/\/roveyayinevi.com.tr\/index.php\/wp-json\/wp\/v2\/product"}],"about":[{"href":"https:\/\/roveyayinevi.com.tr\/index.php\/wp-json\/wp\/v2\/types\/product"}],"wp:attachment":[{"href":"https:\/\/roveyayinevi.com.tr\/index.php\/wp-json\/wp\/v2\/media?parent=737567"}],"wp:term":[{"taxonomy":"product_brand","embeddable":true,"href":"https:\/\/roveyayinevi.com.tr\/index.php\/wp-json\/wp\/v2\/product_brand?post=737567"},{"taxonomy":"product_cat","embeddable":true,"href":"https:\/\/roveyayinevi.com.tr\/index.php\/wp-json\/wp\/v2\/product_cat?post=737567"},{"taxonomy":"product_tag","embeddable":true,"href":"https:\/\/roveyayinevi.com.tr\/index.php\/wp-json\/wp\/v2\/product_tag?post=737567"}],"curies":[{"name":"wp","href":"https:\/\/api.w.org\/{rel}","templated":true}]}}