{"id":737566,"date":"2025-08-27T23:31:22","date_gmt":"2025-08-27T20:31:22","guid":{"rendered":"https:\/\/roveyayinevi.com.tr\/index.php\/urun\/ilk-muslumanlar\/"},"modified":"2026-04-16T02:46:57","modified_gmt":"2026-04-15T23:46:57","slug":"ilk-muslumanlar","status":"publish","type":"product","link":"https:\/\/roveyayinevi.com.tr\/index.php\/urun\/ilk-muslumanlar\/","title":{"rendered":"\u0130lk M\u00fcsl\u00fcmanlar"},"content":{"rendered":"<p>&#8220;En hay\u0131rl\u0131 nesil benim d\u00f6nemimde ya\u015fayanlard\u0131r. Sonra onlar\u0131 izleyenler, sonra onlar\u0131n ard\u0131ndan gelenlerdir.&#8221;-Bizim i\u00e7in en iyi \u00f6rnek \u0130lk M\u00fcsl\u00fcmanlar\u2026 Peki biz onlar\u0131 ne kadar tan\u0131yoruz?-Neden erken d\u00f6nem kaynaklar\u0131yla ge\u00e7 d\u00f6nem kaynaklar\u0131nda farkl\u0131 resmediliyorlar?-Bu farkl\u0131l\u0131k incelendi\u011finde modernist M\u00fcsl\u00fcmanlar m\u0131 daha g\u00fcvenilir, yoksa kat\u0131 \u0130slamc\u0131lar m\u0131?- \u0130lk M\u00fcsl\u00fcmanlar&#8217;\u0131n miras\u0131na hangisi ihanet etti?-Erken d\u00f6nem \u0130slam tarihinde ger\u00e7ekle\u015fmi\u015f kilit olaylar, fikirler, e\u011filimler nelerdi ve \u0130slam&#8217;\u0131n bi\u00e7imlendi\u011fi d\u00f6nemde bunlar nas\u0131l bir araya geldi?\u0130slam&#8217;a bir inan\u00e7 ve iman gelene\u011fi olarak bakanlar\u0131n \u00f6nemli bir kalemi olan Asma Afsaruddin &#8220;\u0130lk M\u00fcsl\u00fcmanlar: Tarih ve Bellek&#8221; kitab\u0131 ile, ge\u00e7mi\u015f ve g\u00fcn\u00fcm\u00fcz aras\u0131nda hem bir k\u00f6pr\u00fc kuruyor hem de kendimizi ve d\u00fcnyay\u0131 do\u011fru anlayarak duru\u015fumuzu sa\u011flamla\u015ft\u0131rabilmek i\u00e7in Selef-i Salihin&#8217;in miras\u0131n\u0131 hakk\u0131yla bilmemiz gerekti\u011fine dikkat \u00e7ekiyor.\u00c7\u00fcnk\u00fc \u0130lk M\u00fcsl\u00fcmanlar&#8217;\u0131n kar\u015f\u0131la\u015ft\u0131\u011f\u0131 zorluklar ve onlara olan kar\u015f\u0131 duru\u015f g\u00fcn\u00fcm\u00fczde halen ya\u015fanmakta\u2026\u00dclkemizde de 2013 y\u0131l\u0131nda &#8220;Dost&#8221; \u0130slam&#8217;a Hizmet \u00d6d\u00fclleri \u00e7er\u00e7evesinde &#8220;Y\u0131l\u0131n En \u0130yi Yabanc\u0131 Eseri&#8221; \u00f6d\u00fcl\u00fcne lay\u0131k g\u00f6r\u00fclen bu eser, T\u00fcrk okurunu din-velayet \u00fcmmet-ahlak ekseninde kendisini tekrar tekrar sorgulamaya davet ediyor.<\/p>\n","protected":false},"excerpt":{"rendered":"<p>&#8220;En hay\u0131rl\u0131 nesil benim d\u00f6nemimde ya\u015fayanlard\u0131r. Sonra onlar\u0131 izleyenler, sonra onlar\u0131n ard\u0131ndan gelenlerdir.&#8221;-Bizim i\u00e7in en iyi \u00f6rnek \u0130lk M\u00fcsl\u00fcmanlar\u2026 Peki biz onlar\u0131 ne kadar tan\u0131yoruz?-Neden erken<span class=\"excerpt-hellip\"> [\u2026]<\/span><\/p>\n","protected":false},"featured_media":0,"template":"","meta":{"_monsterinsights_skip_tracking":false,"_monsterinsights_sitenote_active":false,"_monsterinsights_sitenote_note":"","_monsterinsights_sitenote_category":0},"product_brand":[],"product_cat":[13036,12718,12719],"product_tag":[],"class_list":{"0":"post-737566","1":"product","2":"type-product","3":"status-publish","5":"product_cat-arastirma-inceleme-islam","6":"product_cat-din","7":"product_cat-islam","8":"pa_cilt-ciltsiz","9":"pa_tur-kitap","10":"pa_yayinevi-tuti-kitap","11":"pa_yazar-asma-afsaruddin","13":"first","14":"instock","15":"sale","16":"shipping-taxable","17":"purchasable","18":"product-type-simple"},"_links":{"self":[{"href":"https:\/\/roveyayinevi.com.tr\/index.php\/wp-json\/wp\/v2\/product\/737566","targetHints":{"allow":["GET"]}}],"collection":[{"href":"https:\/\/roveyayinevi.com.tr\/index.php\/wp-json\/wp\/v2\/product"}],"about":[{"href":"https:\/\/roveyayinevi.com.tr\/index.php\/wp-json\/wp\/v2\/types\/product"}],"wp:attachment":[{"href":"https:\/\/roveyayinevi.com.tr\/index.php\/wp-json\/wp\/v2\/media?parent=737566"}],"wp:term":[{"taxonomy":"product_brand","embeddable":true,"href":"https:\/\/roveyayinevi.com.tr\/index.php\/wp-json\/wp\/v2\/product_brand?post=737566"},{"taxonomy":"product_cat","embeddable":true,"href":"https:\/\/roveyayinevi.com.tr\/index.php\/wp-json\/wp\/v2\/product_cat?post=737566"},{"taxonomy":"product_tag","embeddable":true,"href":"https:\/\/roveyayinevi.com.tr\/index.php\/wp-json\/wp\/v2\/product_tag?post=737566"}],"curies":[{"name":"wp","href":"https:\/\/api.w.org\/{rel}","templated":true}]}}