{"id":737565,"date":"2025-08-27T23:31:21","date_gmt":"2025-08-27T20:31:21","guid":{"rendered":"https:\/\/roveyayinevi.com.tr\/index.php\/urun\/merhametin-zaferi\/"},"modified":"2026-04-16T02:46:57","modified_gmt":"2026-04-15T23:46:57","slug":"merhametin-zaferi","status":"publish","type":"product","link":"https:\/\/roveyayinevi.com.tr\/index.php\/urun\/merhametin-zaferi\/","title":{"rendered":"Merhametin Zaferi"},"content":{"rendered":"<p>Bu kitap, me\u015fhur \u0130sl\u00e2m felsefecisi Molla Sadr\u00e2\u2019n\u0131n (\u00f6. 1050\/1641) d\u00fc\u015f\u00fcncesi \u0131\u015f\u0131\u011f\u0131nda felsefenin, din\u00ee metin yorumunun ve mistisizmin ortak bir noktada kesi\u015fmesini inceliyor. Mohammed Rustom, Molla Sadr\u00e2\u2019n\u0131n Kur\u2019an tefsirinin teorik ve pratik boyutlar\u0131n\u0131n titiz bir tan\u0131t\u0131m\u0131n\u0131 yaparak M\u00fcsl\u00fcmanlar\u0131n g\u00fcnl\u00fck hayat\u0131nda merkez\u00ee \u00f6nem ta\u015f\u0131yan F\u00e2tiha s\u00fbresinin \u015ferhinde kulland\u0131\u011f\u0131 i\u00e7e i\u015fleyen metafizik \u00fcsluba dikkat \u00e7ekiyor. Molla Sadr\u00e2\u2019n\u0131n F\u00e2tiha \u015ferhi, bir taraftan Fahreddin er-R\u00e2z\u00ee (\u00f6. 606\/1210) ve \u0130bn\u00fc\u2019l-Arab\u00ee (\u00f6. 638\/1240) gibi Orta\u00e7a\u011f entelekt\u00fcel devleriyle ba\u011flant\u0131 kurarken di\u011fer taraftan da felsefe, il\u00e2hiyat, tasavvuf ve Kur\u2019an tefsiri gibi b\u00fcy\u00fck bilim dallar\u0131yla da irtibata ge\u00e7iyor ve kendisine din\u00ee metin temelli \u00e7er\u00e7eve i\u00e7inde bir\u00e7ok felsef\u00ee g\u00f6r\u00fc\u015f\u00fcn\u00fc de\u011fi\u015ftirmek ve yeniden \u015fekillendirmek f\u0131rsat\u0131n\u0131 sunuyor. B\u00f6ylece ba\u015fka \u015feylerle birlikte, Sadr\u00e2\u2019n\u0131n \u00f6b\u00fcr \u00e2lemde insano\u011flunun sel\u00e2metini savunan derin bir din\u00ee d\u00fc\u015f\u00fcn\u00fcr olu\u015fu kendisini belli ediyor. \u201cMolla Sadr\u00e2\u2019n\u0131n Kur\u2019an tefsiriyle ilgili kitap uzunlu\u011fundaki bu ilk \u00e7al\u0131\u015fmas\u0131, bu 17. y\u00fczy\u0131l M\u00fcsl\u00fcman d\u00fc\u015f\u00fcn\u00fcr\u00fcn\u00fcn eserine ve \u0130sl\u00e2miyet\u2019teki felsef\u00ee tefsir ilmine \u00e7ok b\u00fcy\u00fck katk\u0131 sa\u011fl\u0131yor. Mohammed Rustom, Sadr\u00e2\u2019n\u0131n \u201cakl\u00ee\u201d ve \u201cnakl\u00ee\u201d bilimlerin birlikteli\u011fi g\u00f6r\u00fc\u015f\u00fcn\u00fc ortaya koyuyor ve Kur\u2019an \u00fczerine tefekk\u00fcr eden birinci s\u0131n\u0131f bir d\u00fc\u015f\u00fcn\u00fcr\u00fcn m\u00fckemmel tasvirini yap\u0131yor. Rustom, Kur\u2019an tefsiri ilmini Sadr\u00e2\u2019n\u0131n \u201cTenzih \u0130rfan\u0131\u201d \u00e7er\u00e7evesinde bir ba\u011flama yerle\u015ftirme hususunda m\u00fckemmel bir vazife yaparak din\u00ee metne dayal\u0131 muhakeme y\u00f6nteminin felsef\u00ee vizyonla nas\u0131l tamamland\u0131\u011f\u0131n\u0131 g\u00f6steriyor. Sadr\u00e2\u2019n\u0131n Kur\u2019an tefsiri ilmi \u00fczerine anahtar metinlerinin derinlemesine bir okumas\u0131n\u0131 ve terc\u00fcmesini temel alan bu kitap, Sadr\u00e2\u2019n\u0131n uzun zamand\u0131r ihmal edilmi\u015f g\u00f6r\u00fc\u015flerini de\u011ferlendiriyor ve entelekt\u00fcel \u0130sl\u00e2m\u00ee gelene\u011fin zengin felsef\u00ee nak\u0131\u015flar\u0131yla okuyucuyu tan\u0131\u015ft\u0131r\u0131yor.\u201d-PROF. DR. \u0130BRAH\u0130M KALIN- \u201cMohammed Rustom, 17. y\u00fczy\u0131l\u0131n \u00f6ne \u00e7\u0131kan \u0130ranl\u0131 d\u00fc\u015f\u00fcn\u00fcr\u00fc Molla Sadr\u00e2\u2019n\u0131n \u00f6nc\u00fc nitelikte olan eserindeki harikulade Kur\u2019an tefsirine bir kap\u0131 a\u00e7\u0131yor. Rustom, Molla Sadr\u00e2\u2019n\u0131n eserindeki felsefe, tasavvuf ve \u0130sl\u00e2m teolojisi aras\u0131ndaki derin ba\u011flant\u0131lar\u0131 a\u00e7\u0131kl\u0131\u011fa kavu\u015fturuyor. Bu s\u00fcr\u00fckleyici eser, akl\u0131n vahiyle nas\u0131l bir etkile\u015fimde oldu\u011funu sorgulayan herkes taraf\u0131ndan ilgiyle kar\u015f\u0131lanacak.\u201d-PROF. DR. CARL W. ERNST-<\/p>\n","protected":false},"excerpt":{"rendered":"<p>Bu kitap, me\u015fhur \u0130sl\u00e2m felsefecisi Molla Sadr\u00e2\u2019n\u0131n (\u00f6. 1050\/1641) d\u00fc\u015f\u00fcncesi \u0131\u015f\u0131\u011f\u0131nda felsefenin, din\u00ee metin yorumunun ve mistisizmin ortak bir noktada kesi\u015fmesini inceliyor. Mohammed Rustom, Molla Sadr\u00e2\u2019n\u0131n<span class=\"excerpt-hellip\"> [\u2026]<\/span><\/p>\n","protected":false},"featured_media":0,"template":"","meta":{"_monsterinsights_skip_tracking":false,"_monsterinsights_sitenote_active":false,"_monsterinsights_sitenote_note":"","_monsterinsights_sitenote_category":0},"product_brand":[],"product_cat":[12718,12719,15238],"product_tag":[],"class_list":{"0":"post-737565","1":"product","2":"type-product","3":"status-publish","5":"product_cat-din","6":"product_cat-islam","7":"product_cat-tasavvuf","8":"pa_cilt-ciltsiz","9":"pa_tur-kitap","10":"pa_yayinevi-nefes-yayincilik","11":"pa_yazar-mohammed-rustom","13":"first","14":"instock","15":"sale","16":"shipping-taxable","17":"purchasable","18":"product-type-simple"},"_links":{"self":[{"href":"https:\/\/roveyayinevi.com.tr\/index.php\/wp-json\/wp\/v2\/product\/737565","targetHints":{"allow":["GET"]}}],"collection":[{"href":"https:\/\/roveyayinevi.com.tr\/index.php\/wp-json\/wp\/v2\/product"}],"about":[{"href":"https:\/\/roveyayinevi.com.tr\/index.php\/wp-json\/wp\/v2\/types\/product"}],"wp:attachment":[{"href":"https:\/\/roveyayinevi.com.tr\/index.php\/wp-json\/wp\/v2\/media?parent=737565"}],"wp:term":[{"taxonomy":"product_brand","embeddable":true,"href":"https:\/\/roveyayinevi.com.tr\/index.php\/wp-json\/wp\/v2\/product_brand?post=737565"},{"taxonomy":"product_cat","embeddable":true,"href":"https:\/\/roveyayinevi.com.tr\/index.php\/wp-json\/wp\/v2\/product_cat?post=737565"},{"taxonomy":"product_tag","embeddable":true,"href":"https:\/\/roveyayinevi.com.tr\/index.php\/wp-json\/wp\/v2\/product_tag?post=737565"}],"curies":[{"name":"wp","href":"https:\/\/api.w.org\/{rel}","templated":true}]}}