{"id":737563,"date":"2025-08-27T23:31:20","date_gmt":"2025-08-27T20:31:20","guid":{"rendered":"https:\/\/roveyayinevi.com.tr\/index.php\/urun\/icim-disim-bir\/"},"modified":"2026-04-16T02:46:57","modified_gmt":"2026-04-15T23:46:57","slug":"icim-disim-bir","status":"publish","type":"product","link":"https:\/\/roveyayinevi.com.tr\/index.php\/urun\/icim-disim-bir\/","title":{"rendered":"\u0130\u00e7im D\u0131\u015f\u0131m Bir"},"content":{"rendered":"<p>Ne kadar a\u00e7arsan kalbini, kelimelerim o denli sarmalayacak b\u00fct\u00fcn olmana engel g\u00f6rd\u00fc\u011f\u00fcn yaralar\u0131n\u0131\u2026Her ne ko\u015fula sahip olursan ol, beni dinle, duy, yarg\u0131, etiket ve s\u0131n\u0131flamalara t\u00e2bi tutmadan oku\u2026 Yan\u0131na yakla\u015ft\u0131r, kalbine yak\u0131n tut. \u0130nan, buna izin verip kulak ve kalp veren canlar\u0131n hayat\u0131ndaki de\u011fi\u015fime, d\u00f6n\u00fc\u015f\u00fcme ve fark\u0131ndal\u0131\u011fa her ge\u00e7en g\u00fcn daha da heyecanla temas ediyor, birlikte geli\u015fip b\u00fcy\u00fcyorum\u2026 Ayn\u0131 \u00e7ocuklu\u011funda huzurlu bir uykuya ge\u00e7meni kolayla\u015ft\u0131ran MASAL tad\u0131nda\u2026 Ancak i\u015flevim bu kez farkl\u0131; seni uyand\u0131rmak, \u201ckendi b\u00fct\u00fcnl\u00fc\u011f\u00fcne uzanan yola \u00e7\u0131kman i\u00e7in\u201d uyand\u0131rmak\u2026\u201c\u0130\u00e7ten, y\u00fcrekle yaz\u0131lm\u0131\u015f, kimli\u011fi olan bir kitap\u2026 Yolu a\u00e7\u0131k olsun.\u201d-Prof. Mehmet Sungur-\u201cToplum i\u00e7in yapmakta oldu\u011fun yararl\u0131 hizmetten dolay\u0131 seni \u00e7\u0131km\u0131\u015f oldu\u011fun bu yolda g\u00f6n\u00fclden tebrik ediyor ve sana olan inanc\u0131mla deste\u011fimin her zaman yan\u0131nda olaca\u011f\u0131n\u0131 bilmeni isterim. Sevgi ve a\u015fk ile yolun a\u00e7\u0131k olsun.\u201d-Yogi Adnan \u00c7abuk-<\/p>\n","protected":false},"excerpt":{"rendered":"<p>Ne kadar a\u00e7arsan kalbini, kelimelerim o denli sarmalayacak b\u00fct\u00fcn olmana engel g\u00f6rd\u00fc\u011f\u00fcn yaralar\u0131n\u0131\u2026Her ne ko\u015fula sahip olursan ol, beni dinle, duy, yarg\u0131, etiket ve s\u0131n\u0131flamalara t\u00e2bi<span class=\"excerpt-hellip\"> [\u2026]<\/span><\/p>\n","protected":false},"featured_media":0,"template":"","meta":{"_monsterinsights_skip_tracking":false,"_monsterinsights_sitenote_active":false,"_monsterinsights_sitenote_note":"","_monsterinsights_sitenote_category":0},"product_brand":[],"product_cat":[12358,12357],"product_tag":[],"class_list":{"0":"post-737563","1":"product","2":"type-product","3":"status-publish","5":"product_cat-genel-psikoloji","6":"product_cat-psikoloji","7":"pa_cilt-ciltsiz","8":"pa_tur-kitap","9":"pa_yayinevi-tuti-kitap","10":"pa_yazar-merve-otceken","12":"first","13":"instock","14":"sale","15":"shipping-taxable","16":"purchasable","17":"product-type-simple"},"_links":{"self":[{"href":"https:\/\/roveyayinevi.com.tr\/index.php\/wp-json\/wp\/v2\/product\/737563","targetHints":{"allow":["GET"]}}],"collection":[{"href":"https:\/\/roveyayinevi.com.tr\/index.php\/wp-json\/wp\/v2\/product"}],"about":[{"href":"https:\/\/roveyayinevi.com.tr\/index.php\/wp-json\/wp\/v2\/types\/product"}],"wp:attachment":[{"href":"https:\/\/roveyayinevi.com.tr\/index.php\/wp-json\/wp\/v2\/media?parent=737563"}],"wp:term":[{"taxonomy":"product_brand","embeddable":true,"href":"https:\/\/roveyayinevi.com.tr\/index.php\/wp-json\/wp\/v2\/product_brand?post=737563"},{"taxonomy":"product_cat","embeddable":true,"href":"https:\/\/roveyayinevi.com.tr\/index.php\/wp-json\/wp\/v2\/product_cat?post=737563"},{"taxonomy":"product_tag","embeddable":true,"href":"https:\/\/roveyayinevi.com.tr\/index.php\/wp-json\/wp\/v2\/product_tag?post=737563"}],"curies":[{"name":"wp","href":"https:\/\/api.w.org\/{rel}","templated":true}]}}