{"id":737562,"date":"2025-08-27T23:31:19","date_gmt":"2025-08-27T20:31:19","guid":{"rendered":"https:\/\/roveyayinevi.com.tr\/index.php\/urun\/hz-suayb-12-fas\/"},"modified":"2026-04-16T02:46:57","modified_gmt":"2026-04-15T23:46:57","slug":"hz-suayb-12-fas","status":"publish","type":"product","link":"https:\/\/roveyayinevi.com.tr\/index.php\/urun\/hz-suayb-12-fas\/","title":{"rendered":"Hz. \u015euayb 12. Fas"},"content":{"rendered":"<p>Kalp v\u00fccutta sadece bir et par\u00e7as\u0131 de\u011fil, Allah\u2019\u0131n hak\u00eekatinin g\u00f6r\u00fcnme yeridir. Had\u00ees-i kuds\u00eede \u201cYere g\u00f6\u011fe s\u0131\u011fmayan Allah, m\u00fcmin kulunun kalbinde tecell\u00ee etti.\u201d buyurulur. Kalbin ayd\u0131nlanmas\u0131 bedenin dengesine, nefsin ad\u00e2letine sebep olur. Kalbin b\u00fct\u00fcn organlara yay\u0131lan ana damarlar\u0131n toplanma yeri oldu\u011fu d\u00fc\u015f\u00fcn\u00fcl\u00fcrse, bu ayd\u0131nl\u0131k b\u00fct\u00fcn \u00e2z\u00e2lara e\u015fit olarak da\u011f\u0131l\u0131r ve v\u00fccut -yani olmayan varl\u0131\u011f\u0131m\u0131z- devaml\u0131l\u0131k arz eden bir diri haline gelir. V\u00fccut i\u00e7inde kalp, berzaht\u0131r ve Peygamberlik makam\u0131n\u0131 temsil eder.\u015euayb, \u0130bn\u00fc\u2019l-Arab\u00ee Hazretleri\u2019ne g\u00f6re \u201ckalbiyye\u201d hikmetinin a\u00e7\u0131klanmas\u0131d\u0131r. Allah, S\u00e2lih makam\u0131nda v\u00fccudun fethinden sonra kalp makam\u0131ndan tecell\u00ee edip kulunu diri k\u0131lar. \u00c2yet-i ker\u00eemede \u201cKalbin yok mu ki idrak edemiyorsun?\u201d s\u00f6z\u00fc, hak\u00eek\u00ee idrak mahallinin kalp oldu\u011funu a\u00e7\u0131klar. Bu durumda kalp; ke\u015fif ve ilham mahalli, hak\u00eek\u00ee bilme v\u00e2s\u0131tas\u0131, gayb\u0131n anlamlar\u0131n\u0131n yans\u0131d\u0131\u011f\u0131 ve hikmetlerinin indi\u011fi bir aynad\u0131r.<\/p>\n","protected":false},"excerpt":{"rendered":"<p>Kalp v\u00fccutta sadece bir et par\u00e7as\u0131 de\u011fil, Allah\u2019\u0131n hak\u00eekatinin g\u00f6r\u00fcnme yeridir. Had\u00ees-i kuds\u00eede \u201cYere g\u00f6\u011fe s\u0131\u011fmayan Allah, m\u00fcmin kulunun kalbinde tecell\u00ee etti.\u201d buyurulur. Kalbin ayd\u0131nlanmas\u0131 bedenin<span class=\"excerpt-hellip\"> [\u2026]<\/span><\/p>\n","protected":false},"featured_media":0,"template":"","meta":{"_monsterinsights_skip_tracking":false,"_monsterinsights_sitenote_active":false,"_monsterinsights_sitenote_note":"","_monsterinsights_sitenote_category":0},"product_brand":[],"product_cat":[12718,12719,12720],"product_tag":[],"class_list":{"0":"post-737562","1":"product","2":"type-product","3":"status-publish","5":"product_cat-din","6":"product_cat-islam","7":"product_cat-tasavvuf-mezhepler-tarikatlar","8":"pa_cilt-ciltsiz","9":"pa_tur-kitap","10":"pa_yayinevi-nefes-yayincilik","11":"pa_yazar-cemalnur-sargut-ibnul-arabi","13":"first","14":"instock","15":"sale","16":"shipping-taxable","17":"purchasable","18":"product-type-simple"},"_links":{"self":[{"href":"https:\/\/roveyayinevi.com.tr\/index.php\/wp-json\/wp\/v2\/product\/737562","targetHints":{"allow":["GET"]}}],"collection":[{"href":"https:\/\/roveyayinevi.com.tr\/index.php\/wp-json\/wp\/v2\/product"}],"about":[{"href":"https:\/\/roveyayinevi.com.tr\/index.php\/wp-json\/wp\/v2\/types\/product"}],"wp:attachment":[{"href":"https:\/\/roveyayinevi.com.tr\/index.php\/wp-json\/wp\/v2\/media?parent=737562"}],"wp:term":[{"taxonomy":"product_brand","embeddable":true,"href":"https:\/\/roveyayinevi.com.tr\/index.php\/wp-json\/wp\/v2\/product_brand?post=737562"},{"taxonomy":"product_cat","embeddable":true,"href":"https:\/\/roveyayinevi.com.tr\/index.php\/wp-json\/wp\/v2\/product_cat?post=737562"},{"taxonomy":"product_tag","embeddable":true,"href":"https:\/\/roveyayinevi.com.tr\/index.php\/wp-json\/wp\/v2\/product_tag?post=737562"}],"curies":[{"name":"wp","href":"https:\/\/api.w.org\/{rel}","templated":true}]}}