{"id":737561,"date":"2025-08-27T23:31:18","date_gmt":"2025-08-27T20:31:18","guid":{"rendered":"https:\/\/roveyayinevi.com.tr\/index.php\/urun\/hz-salih-11-fas\/"},"modified":"2026-04-16T02:46:57","modified_gmt":"2026-04-15T23:46:57","slug":"hz-salih-11-fas","status":"publish","type":"product","link":"https:\/\/roveyayinevi.com.tr\/index.php\/urun\/hz-salih-11-fas\/","title":{"rendered":"Hz. Salih 11. Fas"},"content":{"rendered":"<p>\u201cF\u00fct\u00fbhiyye hikmeti\u201dnin S\u00e2lih kelimesine tahsis edilmesindeki sebep \u015fudur: Hi\u00e7 beklenmeyen bir \u015fekilde, da\u011f a\u00e7\u0131l\u0131p S\u00e2lih\u2019in (a.s.) di\u015fi devesi \u00e7\u0131kt\u0131. Bu, onun mucizesi idi. Ve \u201cfeth\u201din \u00e7o\u011fulu olan \u201cf\u00fct\u00fbh\u201d ise hi\u00e7 beklenmeyen bir \u015feyden bir \u015feyin a\u00e7\u0131\u011fa \u00e7\u0131kmas\u0131d\u0131r.S\u00e2lih de (a.s.) Fett\u00e2h isminin g\u00f6r\u00fcnme yeridir. Bu sebeple Hak Te\u00e2l\u00e2, ona di\u015fi devenin \u00e7\u0131kmas\u0131 i\u00e7in da\u011f\u0131n yar\u0131lmas\u0131 mucizesiyle gayb kap\u0131s\u0131n\u0131 \u201cfeth\u201d etti, yani a\u00e7t\u0131. B\u00f6ylece onun kavminden baz\u0131lar\u0131n\u0131n \u00eem\u00e2n\u0131 fethedilmi\u015f, yani a\u00e7\u0131lm\u0131\u015f oldu. Mucize olan di\u015fi deveye \u00eem\u00e2n ve ona emir olunduklar\u0131 y\u00f6n ile h\u00fcrmette bulundular. Baz\u0131lar\u0131n\u0131n da k\u00fcfr\u00fc fethedilmi\u015f, yani a\u00e7\u0131lm\u0131\u015f oldu. Bu nimete k\u00e2fir oldular ve deveyi kestiler. \u0130\u015fte bu s\u00fcre\u00e7teki h\u00e2diseler \u00fc\u00e7l\u00fc fetihler idi.Bundan dolay\u0131 S\u00e2lih\u2019in (a.s.) seyri bu isim \u00fczerine oldu ve il\u00e2hi isimlerin hepsi gayb\u0131n anahtarlar\u0131 oldu\u011fu i\u00e7in cen\u00e2b-\u0131 \u015eeyh (r.a.), \u201cf\u00fct\u00fbhiyye hikmeti\u201dne ili\u015fkilendirilmi\u015f olan bu fassta \u201c\u00eec\u00e2d\u201d\u0131 ve onun \u201cferdiyyet\u201d \u00fczerine dayal\u0131 olu\u015funu anlatmaktad\u0131r.<\/p>\n","protected":false},"excerpt":{"rendered":"<p>\u201cF\u00fct\u00fbhiyye hikmeti\u201dnin S\u00e2lih kelimesine tahsis edilmesindeki sebep \u015fudur: Hi\u00e7 beklenmeyen bir \u015fekilde, da\u011f a\u00e7\u0131l\u0131p S\u00e2lih\u2019in (a.s.) di\u015fi devesi \u00e7\u0131kt\u0131. Bu, onun mucizesi idi. Ve \u201cfeth\u201din \u00e7o\u011fulu<span class=\"excerpt-hellip\"> [\u2026]<\/span><\/p>\n","protected":false},"featured_media":0,"template":"","meta":{"_monsterinsights_skip_tracking":false,"_monsterinsights_sitenote_active":false,"_monsterinsights_sitenote_note":"","_monsterinsights_sitenote_category":0},"product_brand":[],"product_cat":[12718,12719,12720],"product_tag":[],"class_list":{"0":"post-737561","1":"product","2":"type-product","3":"status-publish","5":"product_cat-din","6":"product_cat-islam","7":"product_cat-tasavvuf-mezhepler-tarikatlar","8":"pa_cilt-ciltsiz","9":"pa_tur-kitap","10":"pa_yayinevi-nefes-yayincilik","11":"pa_yazar-ibnul-arabi","13":"first","14":"instock","15":"sale","16":"shipping-taxable","17":"purchasable","18":"product-type-simple"},"_links":{"self":[{"href":"https:\/\/roveyayinevi.com.tr\/index.php\/wp-json\/wp\/v2\/product\/737561","targetHints":{"allow":["GET"]}}],"collection":[{"href":"https:\/\/roveyayinevi.com.tr\/index.php\/wp-json\/wp\/v2\/product"}],"about":[{"href":"https:\/\/roveyayinevi.com.tr\/index.php\/wp-json\/wp\/v2\/types\/product"}],"wp:attachment":[{"href":"https:\/\/roveyayinevi.com.tr\/index.php\/wp-json\/wp\/v2\/media?parent=737561"}],"wp:term":[{"taxonomy":"product_brand","embeddable":true,"href":"https:\/\/roveyayinevi.com.tr\/index.php\/wp-json\/wp\/v2\/product_brand?post=737561"},{"taxonomy":"product_cat","embeddable":true,"href":"https:\/\/roveyayinevi.com.tr\/index.php\/wp-json\/wp\/v2\/product_cat?post=737561"},{"taxonomy":"product_tag","embeddable":true,"href":"https:\/\/roveyayinevi.com.tr\/index.php\/wp-json\/wp\/v2\/product_tag?post=737561"}],"curies":[{"name":"wp","href":"https:\/\/api.w.org\/{rel}","templated":true}]}}