{"id":737560,"date":"2025-08-27T23:31:17","date_gmt":"2025-08-27T20:31:17","guid":{"rendered":"https:\/\/roveyayinevi.com.tr\/index.php\/urun\/mevlana-okyanusundan\/"},"modified":"2026-04-16T02:46:57","modified_gmt":"2026-04-15T23:46:57","slug":"mevlana-okyanusundan","status":"publish","type":"product","link":"https:\/\/roveyayinevi.com.tr\/index.php\/urun\/mevlana-okyanusundan\/","title":{"rendered":"Mevlana Okyanusundan"},"content":{"rendered":"<p>Yaradan\u2019\u0131n \u2018D\u00f6n\u2019 (\u0130rci\u00ee) emriyle bir g\u00fcnRuhum vuslata erip Allah\u2019a kavu\u015funca,Bedenim de toprak olunca,Canl\u0131 cans\u0131z b\u00fct\u00fcn zerrelerimle, sonsuzlu\u011fa kadarYine de Hz. Muhammed\u2019inAya\u011f\u0131n\u0131n tozu kalaca\u011f\u0131m ben!Cel\u00e2leddin B\u00e2k\u0131r \u00c7elebiBabam Cel\u00e2leddin B\u00e2k\u0131r \u00c7elebi \u00f6mr\u00fcn\u00fc soyuna, milletine, dinine hizmetle ge\u00e7irmi\u015ftir. Bir ba\u015fka deyi\u015fle; Mevlev\u00ee, T\u00fcrk ve M\u00fcsl\u00fcman olmay\u0131 Allah\u2019\u0131n kendisine verdi\u011fi paha bi\u00e7ilemez bir hediye saym\u0131\u015f ve bu hediyeyi dil, din, \u0131rk g\u00f6zetmeksizin herkesle payla\u015fmaya \u00e7al\u0131\u015fm\u0131\u015ft\u0131r. Babam\u0131n \u015fiirinde bahsetti\u011fi, \u00c7elebi ailesinin canl\u0131 zerrelerini ta\u015f\u0131makta olan bizlerin ve bizden sonra gelecek neslimizin bu yolda hizmet ederek m\u00fck\u00e2fatland\u0131r\u0131lmas\u0131n\u0131 Allah\u2019tan niyaz ederim.Esin \u00c7elebi Bayru<\/p>\n","protected":false},"excerpt":{"rendered":"<p>Yaradan\u2019\u0131n \u2018D\u00f6n\u2019 (\u0130rci\u00ee) emriyle bir g\u00fcnRuhum vuslata erip Allah\u2019a kavu\u015funca,Bedenim de toprak olunca,Canl\u0131 cans\u0131z b\u00fct\u00fcn zerrelerimle, sonsuzlu\u011fa kadarYine de Hz. Muhammed\u2019inAya\u011f\u0131n\u0131n tozu kalaca\u011f\u0131m ben!Cel\u00e2leddin B\u00e2k\u0131r \u00c7elebiBabam<span class=\"excerpt-hellip\"> [\u2026]<\/span><\/p>\n","protected":false},"featured_media":0,"template":"","meta":{"_monsterinsights_skip_tracking":false,"_monsterinsights_sitenote_active":false,"_monsterinsights_sitenote_note":"","_monsterinsights_sitenote_category":0},"product_brand":[],"product_cat":[12718,12719,15238],"product_tag":[],"class_list":{"0":"post-737560","1":"product","2":"type-product","3":"status-publish","5":"product_cat-din","6":"product_cat-islam","7":"product_cat-tasavvuf","8":"pa_cilt-ciltsiz","9":"pa_tur-kitap","10":"pa_yayinevi-nefes-yayincilik","11":"pa_yazar-celaleddin-bakir-celebi","13":"first","14":"instock","15":"sale","16":"shipping-taxable","17":"purchasable","18":"product-type-simple"},"_links":{"self":[{"href":"https:\/\/roveyayinevi.com.tr\/index.php\/wp-json\/wp\/v2\/product\/737560","targetHints":{"allow":["GET"]}}],"collection":[{"href":"https:\/\/roveyayinevi.com.tr\/index.php\/wp-json\/wp\/v2\/product"}],"about":[{"href":"https:\/\/roveyayinevi.com.tr\/index.php\/wp-json\/wp\/v2\/types\/product"}],"wp:attachment":[{"href":"https:\/\/roveyayinevi.com.tr\/index.php\/wp-json\/wp\/v2\/media?parent=737560"}],"wp:term":[{"taxonomy":"product_brand","embeddable":true,"href":"https:\/\/roveyayinevi.com.tr\/index.php\/wp-json\/wp\/v2\/product_brand?post=737560"},{"taxonomy":"product_cat","embeddable":true,"href":"https:\/\/roveyayinevi.com.tr\/index.php\/wp-json\/wp\/v2\/product_cat?post=737560"},{"taxonomy":"product_tag","embeddable":true,"href":"https:\/\/roveyayinevi.com.tr\/index.php\/wp-json\/wp\/v2\/product_tag?post=737560"}],"curies":[{"name":"wp","href":"https:\/\/api.w.org\/{rel}","templated":true}]}}