{"id":737559,"date":"2025-08-27T23:31:17","date_gmt":"2025-08-27T20:31:17","guid":{"rendered":"https:\/\/roveyayinevi.com.tr\/index.php\/urun\/hz-lut-13-fas\/"},"modified":"2026-04-16T02:46:57","modified_gmt":"2026-04-15T23:46:57","slug":"hz-lut-13-fas","status":"publish","type":"product","link":"https:\/\/roveyayinevi.com.tr\/index.php\/urun\/hz-lut-13-fas\/","title":{"rendered":"Hz. Lut 13. Fas"},"content":{"rendered":"<p>\u201cEy sebeplere g\u00fcvenenler! Size fayda ve zarar verecek olan tektir. Melikiniz tektir. Sultan\u0131n\u0131z tektir. \u0130l\u00e2h\u0131n\u0131z tektir. Yarat\u0131c\u0131n\u0131z tektir. Yapt\u0131\u011f\u0131n\u0131z \u015feyleri sizin elinizle yapan O\u2019dur. Sizi O yaratt\u0131. Size O r\u0131z\u0131k verdi. Size zarar\u0131 da, fayday\u0131 da veren O\u2019dur. Sizi hid\u00e2yete erdiren O\u2019dur. Ni\u00e7in kendiniz gibi bir mahl\u00fbka dayan\u0131yorsunuz? Kendisine ne bir fayda ne de bir zarar verecek olana ni\u00e7in tap\u0131yorsunuz? Allahu Te\u00e2l\u00e2\u2019n\u0131n \u2018Rabb\u2019i ile g\u00fczel bir s\u00fbrette kar\u015f\u0131la\u015fmay\u0131 umanlar s\u00e2lih amel i\u015flesinler ve ib\u00e2detlerinde O\u2019na hi\u00e7bir \u015feyi ortak ko\u015fmas\u0131nlar.\u2019 (Kehf, 110) buyurdu\u011funu i\u015fitmediniz mi?\u201d (Abd\u00fclk\u00e2dir Geyl\u00e2n\u00ee, Cil\u00e2u\u2019l-H\u00e2t\u0131r Yolun Esaslar\u0131 ve \u0130ncelikleri, 41. Meclis, s. 123.)<\/p>\n","protected":false},"excerpt":{"rendered":"<p>\u201cEy sebeplere g\u00fcvenenler! Size fayda ve zarar verecek olan tektir. Melikiniz tektir. Sultan\u0131n\u0131z tektir. \u0130l\u00e2h\u0131n\u0131z tektir. Yarat\u0131c\u0131n\u0131z tektir. Yapt\u0131\u011f\u0131n\u0131z \u015feyleri sizin elinizle yapan O\u2019dur. Sizi O<span class=\"excerpt-hellip\"> [\u2026]<\/span><\/p>\n","protected":false},"featured_media":0,"template":"","meta":{"_monsterinsights_skip_tracking":false,"_monsterinsights_sitenote_active":false,"_monsterinsights_sitenote_note":"","_monsterinsights_sitenote_category":0},"product_brand":[],"product_cat":[12718,12719,12720],"product_tag":[],"class_list":{"0":"post-737559","1":"product","2":"type-product","3":"status-publish","5":"product_cat-din","6":"product_cat-islam","7":"product_cat-tasavvuf-mezhepler-tarikatlar","8":"pa_cilt-ciltsiz","9":"pa_tur-kitap","10":"pa_yayinevi-nefes-yayincilik","11":"pa_yazar-ibnul-arabi","13":"first","14":"instock","15":"sale","16":"shipping-taxable","17":"purchasable","18":"product-type-simple"},"_links":{"self":[{"href":"https:\/\/roveyayinevi.com.tr\/index.php\/wp-json\/wp\/v2\/product\/737559","targetHints":{"allow":["GET"]}}],"collection":[{"href":"https:\/\/roveyayinevi.com.tr\/index.php\/wp-json\/wp\/v2\/product"}],"about":[{"href":"https:\/\/roveyayinevi.com.tr\/index.php\/wp-json\/wp\/v2\/types\/product"}],"wp:attachment":[{"href":"https:\/\/roveyayinevi.com.tr\/index.php\/wp-json\/wp\/v2\/media?parent=737559"}],"wp:term":[{"taxonomy":"product_brand","embeddable":true,"href":"https:\/\/roveyayinevi.com.tr\/index.php\/wp-json\/wp\/v2\/product_brand?post=737559"},{"taxonomy":"product_cat","embeddable":true,"href":"https:\/\/roveyayinevi.com.tr\/index.php\/wp-json\/wp\/v2\/product_cat?post=737559"},{"taxonomy":"product_tag","embeddable":true,"href":"https:\/\/roveyayinevi.com.tr\/index.php\/wp-json\/wp\/v2\/product_tag?post=737559"}],"curies":[{"name":"wp","href":"https:\/\/api.w.org\/{rel}","templated":true}]}}