{"id":737558,"date":"2025-08-27T23:31:16","date_gmt":"2025-08-27T20:31:16","guid":{"rendered":"https:\/\/roveyayinevi.com.tr\/index.php\/urun\/hicranname\/"},"modified":"2026-04-16T02:46:57","modified_gmt":"2026-04-15T23:46:57","slug":"hicranname","status":"publish","type":"product","link":"https:\/\/roveyayinevi.com.tr\/index.php\/urun\/hicranname\/","title":{"rendered":"Hicranname"},"content":{"rendered":"<p>Ey \u00f6telere u\u00e7up gitmek isteyen yolcu! Ayr\u0131l\u0131k, a\u015fk ku\u015funa kanatlar takar. Ve bilesin ki y\u00fczlerce kanad\u0131n varsa Yar diyar\u0131 sana uzak de\u011fildir. Ey a\u015fk ate\u015fine d\u00fc\u015fm\u00fc\u015f kimse! A\u015fk\u2019\u0131n tek ba\u015f\u0131na anlat\u0131ld\u0131\u011f\u0131n\u0131 g\u00f6rd\u00fcn m\u00fc hi\u00e7? Bu y\u00fczden Sevgili\u2019ye giden yolu anlatmak i\u00e7in ayr\u0131l\u0131k var bu sat\u0131rlarda. \u00c7\u00fcnk\u00fc a\u015fk, ayr\u0131l\u0131\u011f\u0131n kerametidir. Senin kah\u0131r olarak bildi\u011fin ayr\u0131l\u0131k, l\u00fctuftur asl\u0131nda. Yoksa g\u00f6n\u00fcl kandili nas\u0131l tutu\u015furdu ayr\u0131l\u0131k ate\u015fi olmasayd\u0131? Bil ki kim ne kadar \u00e7ok ayr\u0131l\u0131k \u00e7ekmi\u015fse a\u015f\u0131l\u0131k istidad\u0131 onda \u00e7oktur. A\u015fk\u0131n da tek bir kerameti vard\u0131r! A\u015f\u0131\u011f\u0131 Kulluk Makam\u0131\u2019na haz\u0131rlamak Bu ayr\u0131l\u0131\u011f\u0131n kerametini heba etme ey talip! Ayr\u0131l\u0131k \u00f6yle bir ate\u015f yakm\u0131\u015ft\u0131r ki g\u00f6n\u00fclde, bu s\u00f6zler oradan ta\u015fanlard\u0131r. Ve hepsi, Sevgili\u2019nin sana kulum demesi i\u00e7indir.<\/p>\n","protected":false},"excerpt":{"rendered":"<p>Ey \u00f6telere u\u00e7up gitmek isteyen yolcu! Ayr\u0131l\u0131k, a\u015fk ku\u015funa kanatlar takar. Ve bilesin ki y\u00fczlerce kanad\u0131n varsa Yar diyar\u0131 sana uzak de\u011fildir. Ey a\u015fk ate\u015fine d\u00fc\u015fm\u00fc\u015f<span class=\"excerpt-hellip\"> [\u2026]<\/span><\/p>\n","protected":false},"featured_media":0,"template":"","meta":{"_monsterinsights_skip_tracking":false,"_monsterinsights_sitenote_active":false,"_monsterinsights_sitenote_note":"","_monsterinsights_sitenote_category":0},"product_brand":[],"product_cat":[12718,12719,12720],"product_tag":[],"class_list":{"0":"post-737558","1":"product","2":"type-product","3":"status-publish","5":"product_cat-din","6":"product_cat-islam","7":"product_cat-tasavvuf-mezhepler-tarikatlar","8":"pa_cilt-ciltsiz","9":"pa_tur-kitap","10":"pa_yayinevi-tuti-kitap","11":"pa_yazar-gokhan-yildirim","13":"first","14":"instock","15":"sale","16":"shipping-taxable","17":"purchasable","18":"product-type-simple"},"_links":{"self":[{"href":"https:\/\/roveyayinevi.com.tr\/index.php\/wp-json\/wp\/v2\/product\/737558","targetHints":{"allow":["GET"]}}],"collection":[{"href":"https:\/\/roveyayinevi.com.tr\/index.php\/wp-json\/wp\/v2\/product"}],"about":[{"href":"https:\/\/roveyayinevi.com.tr\/index.php\/wp-json\/wp\/v2\/types\/product"}],"wp:attachment":[{"href":"https:\/\/roveyayinevi.com.tr\/index.php\/wp-json\/wp\/v2\/media?parent=737558"}],"wp:term":[{"taxonomy":"product_brand","embeddable":true,"href":"https:\/\/roveyayinevi.com.tr\/index.php\/wp-json\/wp\/v2\/product_brand?post=737558"},{"taxonomy":"product_cat","embeddable":true,"href":"https:\/\/roveyayinevi.com.tr\/index.php\/wp-json\/wp\/v2\/product_cat?post=737558"},{"taxonomy":"product_tag","embeddable":true,"href":"https:\/\/roveyayinevi.com.tr\/index.php\/wp-json\/wp\/v2\/product_tag?post=737558"}],"curies":[{"name":"wp","href":"https:\/\/api.w.org\/{rel}","templated":true}]}}