{"id":737557,"date":"2025-08-27T23:31:15","date_gmt":"2025-08-27T20:31:15","guid":{"rendered":"https:\/\/roveyayinevi.com.tr\/index.php\/urun\/her-sey-boyle-basladi\/"},"modified":"2026-04-16T02:46:57","modified_gmt":"2026-04-15T23:46:57","slug":"her-sey-boyle-basladi","status":"publish","type":"product","link":"https:\/\/roveyayinevi.com.tr\/index.php\/urun\/her-sey-boyle-basladi\/","title":{"rendered":"Her \u015eey B\u00f6yle Ba\u015flad\u0131"},"content":{"rendered":"<p>Bu eserde Allah a\u015fk\u0131 hakk\u0131nda konu\u015fmas\u0131 yasaklanan bir sufinin a\u015fk yolundaki aray\u0131\u015f\u0131na, bu aray\u0131\u015f\u0131nda manevi \u00e2lemden gelen r\u00fcya ve ilhamlarla kendisine uzat\u0131lan ele ve ilim yolunda yapt\u0131\u011f\u0131 seyahatlere kendi a\u011fz\u0131ndan anlat\u0131m\u0131yla tan\u0131k olacaks\u0131n\u0131z.Tasavvufi d\u00fc\u015f\u00fcncenin kurucu isimlerinden olan Hak\u00eem Tirmiz\u00ee, hemen hemen t\u00fcm \u0130slami ilimleri tasavvufi bak\u0131\u015f a\u00e7\u0131s\u0131yla ele alan \u00e7ok \u00fcretken bir yazard\u0131r. Eserleri ve fikirleriyle \u0130slam d\u00fc\u015f\u00fcnce tarihinde \u00f6nemli bir yere sahip olan Tirmiz\u00ee\u2019nin hayat\u0131 hakk\u0131ndaki bilgiler ise olduk\u00e7a s\u0131n\u0131rl\u0131d\u0131r. Bu eserinde Tirmiz\u00ee, hayat\u0131na ve manevi geli\u015fimine dair \u00f6nemli bilgiler vermektedir. Bir\u00e7ok y\u00f6n\u00fcyle t\u00fcr\u00fcn\u00fcn ilk \u00f6rneklerinden olan bu eseri, i\u00e7erdi\u011fi r\u00fcyalar ve bu r\u00fcyalar\u0131n bir anlat\u0131m metodu olarak kullan\u0131lmas\u0131 a\u00e7\u0131s\u0131ndan da dikkate de\u011ferdir.Elinizdeki \u00e7al\u0131\u015fmada bu \u00f6nemli eserin \u00e7evirisi; a\u00e7\u0131klay\u0131c\u0131 notlar ve ek b\u00f6l\u00fcmlerle desteklenmi\u015ftir.Bu durum, okurun -B\u00fcd\u00fcvv\u00fc \u015ee\u2019n \u00f6zelinde- Tirmiz\u00ee ile ilgili tart\u0131\u015fma ve \u00e7\u0131kar\u0131mlardan k\u0131smen haberdar olmas\u0131 a\u00e7\u0131s\u0131ndan faydal\u0131 olacakt\u0131r.\u201c\u0130lim sahibi oldu\u011funu iddia edenler taraf\u0131ndan birtak\u0131m \u015feylere maruz b\u0131rak\u0131ld\u0131m. Onlar bana eziyet ediyor, beni hev\u00e2ya uyma ve bidat \u00e7\u0131karma ile su\u00e7luyor ve bana iftira at\u0131yorlard\u0131. Ben ise gece g\u00fcnd\u00fcz azimle kendi yolumda devam ediyordum.\u201d (B\u00fcd\u00fcvv\u00fc \u015ee\u2019n\u2019den)<\/p>\n","protected":false},"excerpt":{"rendered":"<p>Bu eserde Allah a\u015fk\u0131 hakk\u0131nda konu\u015fmas\u0131 yasaklanan bir sufinin a\u015fk yolundaki aray\u0131\u015f\u0131na, bu aray\u0131\u015f\u0131nda manevi \u00e2lemden gelen r\u00fcya ve ilhamlarla kendisine uzat\u0131lan ele ve ilim yolunda<span class=\"excerpt-hellip\"> [\u2026]<\/span><\/p>\n","protected":false},"featured_media":0,"template":"","meta":{"_monsterinsights_skip_tracking":false,"_monsterinsights_sitenote_active":false,"_monsterinsights_sitenote_note":"","_monsterinsights_sitenote_category":0},"product_brand":[],"product_cat":[12718,12719],"product_tag":[],"class_list":{"0":"post-737557","1":"product","2":"type-product","3":"status-publish","5":"product_cat-din","6":"product_cat-islam","7":"pa_cilt-ciltsiz","8":"pa_tur-kitap","9":"pa_yayinevi-nefes-yayincilik","10":"pa_yazar-hakim-tirmizi","12":"first","13":"instock","14":"sale","15":"shipping-taxable","16":"purchasable","17":"product-type-simple"},"_links":{"self":[{"href":"https:\/\/roveyayinevi.com.tr\/index.php\/wp-json\/wp\/v2\/product\/737557","targetHints":{"allow":["GET"]}}],"collection":[{"href":"https:\/\/roveyayinevi.com.tr\/index.php\/wp-json\/wp\/v2\/product"}],"about":[{"href":"https:\/\/roveyayinevi.com.tr\/index.php\/wp-json\/wp\/v2\/types\/product"}],"wp:attachment":[{"href":"https:\/\/roveyayinevi.com.tr\/index.php\/wp-json\/wp\/v2\/media?parent=737557"}],"wp:term":[{"taxonomy":"product_brand","embeddable":true,"href":"https:\/\/roveyayinevi.com.tr\/index.php\/wp-json\/wp\/v2\/product_brand?post=737557"},{"taxonomy":"product_cat","embeddable":true,"href":"https:\/\/roveyayinevi.com.tr\/index.php\/wp-json\/wp\/v2\/product_cat?post=737557"},{"taxonomy":"product_tag","embeddable":true,"href":"https:\/\/roveyayinevi.com.tr\/index.php\/wp-json\/wp\/v2\/product_tag?post=737557"}],"curies":[{"name":"wp","href":"https:\/\/api.w.org\/{rel}","templated":true}]}}