{"id":737555,"date":"2025-08-27T23:31:13","date_gmt":"2025-08-27T20:31:13","guid":{"rendered":"https:\/\/roveyayinevi.com.tr\/index.php\/urun\/osmanli-lakaplari\/"},"modified":"2026-04-16T02:46:57","modified_gmt":"2026-04-15T23:46:57","slug":"osmanli-lakaplari","status":"publish","type":"product","link":"https:\/\/roveyayinevi.com.tr\/index.php\/urun\/osmanli-lakaplari\/","title":{"rendered":"Osmanl\u0131 Lakaplar\u0131"},"content":{"rendered":"<p>Ah \u015fu lakaplar! \u0130nsan\u0131 rezil de eder, vezir de\u2026 Kimi zaman \u00f6ver ve ho\u015fnut eder kimi zaman da k\u00f6t\u00fcler ve sinirlendirir\u2026 Fiziksel \u00f6zelliklerden de yak\u0131\u015ft\u0131r\u0131labilir, karakteristik \u00f6zelliklerden de\u2026 Ve \u00e7o\u011fu lakab\u0131n, \u00f6\u011frenmesi olduk\u00e7a keyifli bir hik\u00e2yesi vard\u0131r. \u0130\u015fte Osmanl\u0131 Lakaplar\u0131 da sizi ge\u00e7mi\u015fe g\u00f6t\u00fcrerek o d\u00f6nemdeki devlet adamlar\u0131n\u0131n hi\u00e7 duymad\u0131\u011f\u0131n\u0131z lakaplar\u0131n\u0131n hik\u00e2yelerini anlat\u0131yor. \u00dcstelik bu isimleri neden ald\u0131klar\u0131n\u0131 anlat\u0131rken onlar\u0131n k\u0131sa hayat hik\u00e2yelerine de yer veriyor. Kaltak\u00e7\u0131z\u00e2de Halil Efendi, Matrak\u00e7\u0131 Nasuh, Ay\u0131c\u0131 Arif Bey, Cenaze Hasan Pa\u015fa, P\u0131rasa Ahmet Pa\u015fa, \u00d6k\u00fcz Kara Mehmet Pa\u015fa\u2026 Buyurun, tan\u0131\u015fmak i\u00e7in sizi bekliyorlar!<\/p>\n","protected":false},"excerpt":{"rendered":"<p>Ah \u015fu lakaplar! \u0130nsan\u0131 rezil de eder, vezir de\u2026 Kimi zaman \u00f6ver ve ho\u015fnut eder kimi zaman da k\u00f6t\u00fcler ve sinirlendirir\u2026 Fiziksel \u00f6zelliklerden de yak\u0131\u015ft\u0131r\u0131labilir, karakteristik<span class=\"excerpt-hellip\"> [\u2026]<\/span><\/p>\n","protected":false},"featured_media":0,"template":"","meta":{"_monsterinsights_skip_tracking":false,"_monsterinsights_sitenote_active":false,"_monsterinsights_sitenote_note":"","_monsterinsights_sitenote_category":0},"product_brand":[],"product_cat":[13517,12304],"product_tag":[],"class_list":{"0":"post-737555","1":"product","2":"type-product","3":"status-publish","5":"product_cat-osmanli-tarihi","6":"product_cat-tarih","7":"pa_cilt-ciltsiz","8":"pa_tur-kitap","9":"pa_yayinevi-tuti-kitap","10":"pa_yazar-erol-caglar","12":"first","13":"instock","14":"sale","15":"shipping-taxable","16":"purchasable","17":"product-type-simple"},"_links":{"self":[{"href":"https:\/\/roveyayinevi.com.tr\/index.php\/wp-json\/wp\/v2\/product\/737555","targetHints":{"allow":["GET"]}}],"collection":[{"href":"https:\/\/roveyayinevi.com.tr\/index.php\/wp-json\/wp\/v2\/product"}],"about":[{"href":"https:\/\/roveyayinevi.com.tr\/index.php\/wp-json\/wp\/v2\/types\/product"}],"wp:attachment":[{"href":"https:\/\/roveyayinevi.com.tr\/index.php\/wp-json\/wp\/v2\/media?parent=737555"}],"wp:term":[{"taxonomy":"product_brand","embeddable":true,"href":"https:\/\/roveyayinevi.com.tr\/index.php\/wp-json\/wp\/v2\/product_brand?post=737555"},{"taxonomy":"product_cat","embeddable":true,"href":"https:\/\/roveyayinevi.com.tr\/index.php\/wp-json\/wp\/v2\/product_cat?post=737555"},{"taxonomy":"product_tag","embeddable":true,"href":"https:\/\/roveyayinevi.com.tr\/index.php\/wp-json\/wp\/v2\/product_tag?post=737555"}],"curies":[{"name":"wp","href":"https:\/\/api.w.org\/{rel}","templated":true}]}}