{"id":737554,"date":"2025-08-27T23:31:12","date_gmt":"2025-08-27T20:31:12","guid":{"rendered":"https:\/\/roveyayinevi.com.tr\/index.php\/urun\/haci-bayram-i-veli\/"},"modified":"2026-04-16T02:46:57","modified_gmt":"2026-04-15T23:46:57","slug":"haci-bayram-i-veli","status":"publish","type":"product","link":"https:\/\/roveyayinevi.com.tr\/index.php\/urun\/haci-bayram-i-veli\/","title":{"rendered":"Hac\u0131 Bayram-\u0131 Veli"},"content":{"rendered":"<p>Eserleri \u00e7ok satanlar listesinde yer alan , \u2018Somuncu Baba: A\u015fk\u0131n S\u0131rr\u0131\u2019 sinema filminin senaristi Mahmut Ulu\u2019 nun biyografik roman niteli\u011finde olan eseri Hac\u0131 Bayram-\u0131 Vel\u00ee A\u015fk\u0131n Nefesi\u2026\u201cYitik dervi\u015f, yokluk yolcusu, demi\u015fti davet mektubunda \u015eeyh Hamid. \u015eimdi ben, yokluk yoluna d\u00fc\u015fecektim. Yolun sonunda a\u015fk\u0131n s\u0131rl\u0131 hik\u00e2yesini kayda ge\u00e7irecek ve k\u0131yamete dek ya\u015fatacakt\u0131m.\u201dGecenin orta yerine d\u00f6k\u00fcld\u00fc c\u00fcmle. Kimden geldi\u011fi bulunamad\u0131 s\u00f6zlerin. S\u00f6yleyeni belirsiz, manas\u0131 dipsiz yan\u0131k s\u00f6zler kald\u0131 geriye: \u201cKelimeler a\u011f\u0131t olur, gecenin karas\u0131n\u0131 ak\u0131t\u0131r harflerinde. Karanl\u0131\u011f\u0131 kadar yaln\u0131zd\u0131r gece, yaz\u0131ld\u0131\u011f\u0131 kadar h\u00fcz\u00fcnl\u00fc her bir hece. Bulutlar g\u00f6\u011f\u00fcn g\u00f6\u011fs\u00fcne s\u0131\u011f\u0131n\u0131yor. Ve hicret ediyor zaman. Sahipsiz kelimeler d\u00fc\u015fer yitik dervi\u015fin nasibine. Binbir kor da harfler ekler c\u00fcmlesine. H\u00fcz\u00fcn ya\u011fmurlar\u0131 dolar g\u00f6zlerine. Hi\u00e7 s\u00f6ylenmemi\u015f besteyi duyumsar hi\u00e7 anlat\u0131lmam\u0131\u015f sevda hikayesinde. Hi\u00e7li\u011fe f\u0131s\u0131ldar! Hi\u00e7li\u011fe kederini&#8230; Ve dilinde y\u00e2r, y\u00fcre\u011finde kor olanlar \u00fcfler a\u015fk\u0131n nefesini&#8230;\u201d<\/p>\n","protected":false},"excerpt":{"rendered":"<p>Eserleri \u00e7ok satanlar listesinde yer alan , \u2018Somuncu Baba: A\u015fk\u0131n S\u0131rr\u0131\u2019 sinema filminin senaristi Mahmut Ulu\u2019 nun biyografik roman niteli\u011finde olan eseri Hac\u0131 Bayram-\u0131 Vel\u00ee A\u015fk\u0131n<span class=\"excerpt-hellip\"> [\u2026]<\/span><\/p>\n","protected":false},"featured_media":0,"template":"","meta":{"_monsterinsights_skip_tracking":false,"_monsterinsights_sitenote_active":false,"_monsterinsights_sitenote_note":"","_monsterinsights_sitenote_category":0},"product_brand":[],"product_cat":[12291,12711],"product_tag":[],"class_list":{"0":"post-737554","1":"product","2":"type-product","3":"status-publish","5":"product_cat-edebiyat","6":"product_cat-roman-oyku","7":"pa_cilt-ciltsiz","8":"pa_tur-kitap","9":"pa_yayinevi-nefes-yayincilik","10":"pa_yazar-mahmut-ulu","12":"first","13":"instock","14":"sale","15":"shipping-taxable","16":"purchasable","17":"product-type-simple"},"_links":{"self":[{"href":"https:\/\/roveyayinevi.com.tr\/index.php\/wp-json\/wp\/v2\/product\/737554","targetHints":{"allow":["GET"]}}],"collection":[{"href":"https:\/\/roveyayinevi.com.tr\/index.php\/wp-json\/wp\/v2\/product"}],"about":[{"href":"https:\/\/roveyayinevi.com.tr\/index.php\/wp-json\/wp\/v2\/types\/product"}],"wp:attachment":[{"href":"https:\/\/roveyayinevi.com.tr\/index.php\/wp-json\/wp\/v2\/media?parent=737554"}],"wp:term":[{"taxonomy":"product_brand","embeddable":true,"href":"https:\/\/roveyayinevi.com.tr\/index.php\/wp-json\/wp\/v2\/product_brand?post=737554"},{"taxonomy":"product_cat","embeddable":true,"href":"https:\/\/roveyayinevi.com.tr\/index.php\/wp-json\/wp\/v2\/product_cat?post=737554"},{"taxonomy":"product_tag","embeddable":true,"href":"https:\/\/roveyayinevi.com.tr\/index.php\/wp-json\/wp\/v2\/product_tag?post=737554"}],"curies":[{"name":"wp","href":"https:\/\/api.w.org\/{rel}","templated":true}]}}