{"id":737552,"date":"2025-08-27T23:31:10","date_gmt":"2025-08-27T20:31:10","guid":{"rendered":"https:\/\/roveyayinevi.com.tr\/index.php\/urun\/golgenin-hakikati\/"},"modified":"2026-04-16T02:46:57","modified_gmt":"2026-04-15T23:46:57","slug":"golgenin-hakikati","status":"publish","type":"product","link":"https:\/\/roveyayinevi.com.tr\/index.php\/urun\/golgenin-hakikati\/","title":{"rendered":"G\u00f6lgenin Hakikati"},"content":{"rendered":"<p>&#8220;H\u00fcrriyet yazar\u0131, Sufi Musa Dede&#8217;nin kaleminden &#8216;G\u00f6lgenin Hakikati&#8217;; kalbinizi \u0131s\u0131tacak, zihninizi a\u00e7acak se\u00e7me yaz\u0131, \u015fiir, desen, \u00f6zl\u00fc s\u00f6zler\u2026&#8221;&#8221;Efendim, hangi kitaplar\u0131 okumam\u0131 tavsiye edersiniz?&#8221;&#8221;Evlad\u0131m, ne zaman ki ustan\u0131n dizi dibinde kendi kitab\u0131n\u0131 okursun, okumaya ba\u015flam\u0131\u015f olursun!&#8221;M\u00fcr\u015fidim Dervi\u015f Baba&#8217;n\u0131n bu sembolik cevab\u0131, insan\u0131n adeta evrenin bir \u00f6zeti olarak okunabilecek en y\u00fcce kitap oldu\u011funa g\u00f6nderme yap\u0131yordu. T\u00fcm bu derinli\u011fin yan\u0131nda, &#8220;kendi kitab\u0131n\u0131 okuma&#8221;n\u0131n fizik\u00ee boyutta da ger\u00e7ekle\u015fece\u011fini o an bilemezdim.Derken kendimi yazar olarak buldum\u2026Bug\u00fcn anl\u0131yorum ki yazd\u0131\u011f\u0131m, me\u011fer kendi kitab\u0131m\u0131n sayfalar\u0131ym\u0131\u015f. \u0130\u015fte elinizde tuttu\u011funuz G\u00f6lgenin Hakikati de b\u00f6yle bir kitab\u0131n ilk fasik\u00fcl\u00fcd\u00fcr.&#8221;Bu eser, Erenlerin yoluna ilmen yak\u00een olmak isteyenlere, insan denen \u00e2lemi, bir nebze de olsa tan\u0131tma \u00e7abas\u0131nda olan bir vesiledir.&#8221;- Dervi\u015f Baba<\/p>\n","protected":false},"excerpt":{"rendered":"<p>&#8220;H\u00fcrriyet yazar\u0131, Sufi Musa Dede&#8217;nin kaleminden &#8216;G\u00f6lgenin Hakikati&#8217;; kalbinizi \u0131s\u0131tacak, zihninizi a\u00e7acak se\u00e7me yaz\u0131, \u015fiir, desen, \u00f6zl\u00fc s\u00f6zler\u2026&#8221;&#8221;Efendim, hangi kitaplar\u0131 okumam\u0131 tavsiye edersiniz?&#8221;&#8221;Evlad\u0131m, ne zaman ki<span class=\"excerpt-hellip\"> [\u2026]<\/span><\/p>\n","protected":false},"featured_media":0,"template":"","meta":{"_monsterinsights_skip_tracking":false,"_monsterinsights_sitenote_active":false,"_monsterinsights_sitenote_note":"","_monsterinsights_sitenote_category":0},"product_brand":[],"product_cat":[12777,12291],"product_tag":[],"class_list":{"0":"post-737552","1":"product","2":"type-product","3":"status-publish","5":"product_cat-deneme","6":"product_cat-edebiyat","7":"pa_cilt-ciltsiz","8":"pa_tur-kitap","9":"pa_yayinevi-tuti-kitap","10":"pa_yazar-musa-dede","12":"first","13":"instock","14":"sale","15":"shipping-taxable","16":"purchasable","17":"product-type-simple"},"_links":{"self":[{"href":"https:\/\/roveyayinevi.com.tr\/index.php\/wp-json\/wp\/v2\/product\/737552","targetHints":{"allow":["GET"]}}],"collection":[{"href":"https:\/\/roveyayinevi.com.tr\/index.php\/wp-json\/wp\/v2\/product"}],"about":[{"href":"https:\/\/roveyayinevi.com.tr\/index.php\/wp-json\/wp\/v2\/types\/product"}],"wp:attachment":[{"href":"https:\/\/roveyayinevi.com.tr\/index.php\/wp-json\/wp\/v2\/media?parent=737552"}],"wp:term":[{"taxonomy":"product_brand","embeddable":true,"href":"https:\/\/roveyayinevi.com.tr\/index.php\/wp-json\/wp\/v2\/product_brand?post=737552"},{"taxonomy":"product_cat","embeddable":true,"href":"https:\/\/roveyayinevi.com.tr\/index.php\/wp-json\/wp\/v2\/product_cat?post=737552"},{"taxonomy":"product_tag","embeddable":true,"href":"https:\/\/roveyayinevi.com.tr\/index.php\/wp-json\/wp\/v2\/product_tag?post=737552"}],"curies":[{"name":"wp","href":"https:\/\/api.w.org\/{rel}","templated":true}]}}