{"id":737550,"date":"2025-08-27T23:31:08","date_gmt":"2025-08-27T20:31:08","guid":{"rendered":"https:\/\/roveyayinevi.com.tr\/index.php\/urun\/dort-kapi\/"},"modified":"2026-04-16T02:46:56","modified_gmt":"2026-04-15T23:46:56","slug":"dort-kapi","status":"publish","type":"product","link":"https:\/\/roveyayinevi.com.tr\/index.php\/urun\/dort-kapi\/","title":{"rendered":"D\u00f6rt Kap\u0131"},"content":{"rendered":"<p>D\u00f6rt kap\u0131; \u015feriat, tarikat, hakikat ve marifet kap\u0131s\u0131d\u0131r. \u015eeriat \u201cbilmek\u201d, tarikat \u201cuygulamak\u201d, hakikat \u201colmak\u201d yeridir. Bilmek; okumakla, dinlemekle m\u00fcmk\u00fcn olur, bu \u015feriat\u0131n kap\u0131s\u0131d\u0131r. Uygulamak; ancak m\u00fcdahil olmak, ihlasl\u0131 ve gayrette daim olmakla m\u00fcmk\u00fcn olur, bu tarikat\u0131n kap\u0131s\u0131d\u0131r. Neticeye ula\u015fmak ise birde bir olmak, s\u00e2lih amel ile yak\u00eeni ya\u015famakla m\u00fcmk\u00fcn olur, bu da hakikat kap\u0131s\u0131d\u0131r. Bu kap\u0131lardan ge\u00e7ebilmek ise marifet kap\u0131s\u0131d\u0131r. \u015eeriat \u201cilim\u201d, tarikat \u201camel\u201d, hakikat ise \u201cneticeye\u2019\u2019 ula\u015fmakt\u0131r. \u015eeriat deniz, tarikat gemi, hakikat ise denizin i\u00e7indeki inci mercand\u0131r. Marifet ise \u015feriat denizinde tarikat gemisiyle hakikat deryas\u0131na ula\u015f\u0131p oradaki inci mercan\u0131 \u00e7\u0131kartmakt\u0131r.<\/p>\n","protected":false},"excerpt":{"rendered":"<p>D\u00f6rt kap\u0131; \u015feriat, tarikat, hakikat ve marifet kap\u0131s\u0131d\u0131r. \u015eeriat \u201cbilmek\u201d, tarikat \u201cuygulamak\u201d, hakikat \u201colmak\u201d yeridir. Bilmek; okumakla, dinlemekle m\u00fcmk\u00fcn olur, bu \u015feriat\u0131n kap\u0131s\u0131d\u0131r. Uygulamak; ancak m\u00fcdahil<span class=\"excerpt-hellip\"> [\u2026]<\/span><\/p>\n","protected":false},"featured_media":0,"template":"","meta":{"_monsterinsights_skip_tracking":false,"_monsterinsights_sitenote_active":false,"_monsterinsights_sitenote_note":"","_monsterinsights_sitenote_category":0},"product_brand":[],"product_cat":[12718,12719,12720],"product_tag":[],"class_list":{"0":"post-737550","1":"product","2":"type-product","3":"status-publish","5":"product_cat-din","6":"product_cat-islam","7":"product_cat-tasavvuf-mezhepler-tarikatlar","8":"pa_cilt-ciltsiz","9":"pa_tur-kitap","10":"pa_yayinevi-nefes-yayincilik","11":"pa_yazar-ali-bektas","13":"first","14":"instock","15":"sale","16":"shipping-taxable","17":"purchasable","18":"product-type-simple"},"_links":{"self":[{"href":"https:\/\/roveyayinevi.com.tr\/index.php\/wp-json\/wp\/v2\/product\/737550","targetHints":{"allow":["GET"]}}],"collection":[{"href":"https:\/\/roveyayinevi.com.tr\/index.php\/wp-json\/wp\/v2\/product"}],"about":[{"href":"https:\/\/roveyayinevi.com.tr\/index.php\/wp-json\/wp\/v2\/types\/product"}],"wp:attachment":[{"href":"https:\/\/roveyayinevi.com.tr\/index.php\/wp-json\/wp\/v2\/media?parent=737550"}],"wp:term":[{"taxonomy":"product_brand","embeddable":true,"href":"https:\/\/roveyayinevi.com.tr\/index.php\/wp-json\/wp\/v2\/product_brand?post=737550"},{"taxonomy":"product_cat","embeddable":true,"href":"https:\/\/roveyayinevi.com.tr\/index.php\/wp-json\/wp\/v2\/product_cat?post=737550"},{"taxonomy":"product_tag","embeddable":true,"href":"https:\/\/roveyayinevi.com.tr\/index.php\/wp-json\/wp\/v2\/product_tag?post=737550"}],"curies":[{"name":"wp","href":"https:\/\/api.w.org\/{rel}","templated":true}]}}