{"id":737545,"date":"2025-08-27T23:31:03","date_gmt":"2025-08-27T20:31:03","guid":{"rendered":"https:\/\/roveyayinevi.com.tr\/index.php\/urun\/bugunun-yorumuyla-mesnevi-hikayeleri\/"},"modified":"2026-04-16T02:46:56","modified_gmt":"2026-04-15T23:46:56","slug":"bugunun-yorumuyla-mesnevi-hikayeleri","status":"publish","type":"product","link":"https:\/\/roveyayinevi.com.tr\/index.php\/urun\/bugunun-yorumuyla-mesnevi-hikayeleri\/","title":{"rendered":"Bug\u00fcn\u00fcn Yorumuyla Mesnevi Hikayeleri"},"content":{"rendered":"<p>Teorik bilgiler s\u0131k\u0131c\u0131 olur ama bu bilgiler bir olaya yahut bir hik\u00e2yeye ba\u011fl\u0131 olarak sunulunca daha kolay anla\u015f\u0131l\u0131r. \u0130\u015fte Hz. Mevl\u00e2n\u00e2 da Mesnev\u00ee-i \u015eerif\u2019te \u00e7e\u015fitli hik\u00e2yelere yer vererek bu pedagojik us\u00fbl\u00fc kullanm\u0131\u015ft\u0131r.Mesnev\u00ee\u2019de eski k\u00fclt\u00fcrlerden s\u00fcz\u00fcl\u00fcp gelen \u00e7ok say\u0131da hik\u00e2ye bulunmaktad\u0131r. Elinizdeki kitapta da bunlardan uzunlu k\u0131sal\u0131 40 hik\u00e2ye yer al\u0131yor. Hik\u00e2yelerde ge\u00e7en isimler, mek\u00e2nlar, kavramlar ve t\u00e2rih\u00ee olaylar hakk\u0131nda k\u0131sa bilgiler veriliyor.As\u0131l \u00f6nemlisi, hik\u00e2yelerin tasavvuf\u00ee taraf\u0131 geni\u015f\u00e7e ve sade bir \u015fekilde anlat\u0131l\u0131yor.<\/p>\n","protected":false},"excerpt":{"rendered":"<p>Teorik bilgiler s\u0131k\u0131c\u0131 olur ama bu bilgiler bir olaya yahut bir hik\u00e2yeye ba\u011fl\u0131 olarak sunulunca daha kolay anla\u015f\u0131l\u0131r. \u0130\u015fte Hz. Mevl\u00e2n\u00e2 da Mesnev\u00ee-i \u015eerif\u2019te \u00e7e\u015fitli hik\u00e2yelere<span class=\"excerpt-hellip\"> [\u2026]<\/span><\/p>\n","protected":false},"featured_media":0,"template":"","meta":{"_monsterinsights_skip_tracking":false,"_monsterinsights_sitenote_active":false,"_monsterinsights_sitenote_note":"","_monsterinsights_sitenote_category":0},"product_brand":[],"product_cat":[12718,12719,12720],"product_tag":[],"class_list":{"0":"post-737545","1":"product","2":"type-product","3":"status-publish","5":"product_cat-din","6":"product_cat-islam","7":"product_cat-tasavvuf-mezhepler-tarikatlar","8":"pa_cilt-ciltsiz","9":"pa_tur-kitap","10":"pa_yayinevi-nefes-yayincilik","11":"pa_yazar-mehmet-demirci","13":"first","14":"instock","15":"sale","16":"shipping-taxable","17":"purchasable","18":"product-type-simple"},"_links":{"self":[{"href":"https:\/\/roveyayinevi.com.tr\/index.php\/wp-json\/wp\/v2\/product\/737545","targetHints":{"allow":["GET"]}}],"collection":[{"href":"https:\/\/roveyayinevi.com.tr\/index.php\/wp-json\/wp\/v2\/product"}],"about":[{"href":"https:\/\/roveyayinevi.com.tr\/index.php\/wp-json\/wp\/v2\/types\/product"}],"wp:attachment":[{"href":"https:\/\/roveyayinevi.com.tr\/index.php\/wp-json\/wp\/v2\/media?parent=737545"}],"wp:term":[{"taxonomy":"product_brand","embeddable":true,"href":"https:\/\/roveyayinevi.com.tr\/index.php\/wp-json\/wp\/v2\/product_brand?post=737545"},{"taxonomy":"product_cat","embeddable":true,"href":"https:\/\/roveyayinevi.com.tr\/index.php\/wp-json\/wp\/v2\/product_cat?post=737545"},{"taxonomy":"product_tag","embeddable":true,"href":"https:\/\/roveyayinevi.com.tr\/index.php\/wp-json\/wp\/v2\/product_tag?post=737545"}],"curies":[{"name":"wp","href":"https:\/\/api.w.org\/{rel}","templated":true}]}}