{"id":737544,"date":"2025-08-27T23:31:03","date_gmt":"2025-08-27T20:31:03","guid":{"rendered":"https:\/\/roveyayinevi.com.tr\/index.php\/urun\/bu-kez-cok-ileri-gittik\/"},"modified":"2026-04-16T02:46:56","modified_gmt":"2026-04-15T23:46:56","slug":"bu-kez-cok-ileri-gittik","status":"publish","type":"product","link":"https:\/\/roveyayinevi.com.tr\/index.php\/urun\/bu-kez-cok-ileri-gittik\/","title":{"rendered":"Bu Kez \u00c7ok \u0130leri Gittik"},"content":{"rendered":"<p>Orada bizden bir par\u00e7a var! \u00c7ocuklar\u0131n \u00f6lmek i\u00e7in do\u011fdu\u011fu&#8230; Mavi g\u00f6ky\u00fcz\u00fcn\u00fc duman\u0131n ve ate\u015fin kaplad\u0131\u011f\u0131&#8230; \u00c7\u0131\u011fl\u0131klar\u0131n bomba ve kur\u015fun seslerine kar\u0131\u015ft\u0131\u011f\u0131&#8230; Ne evlerinde ne de sokaklar\u0131nda insanlar\u0131n ya\u015fayamad\u0131\u011f\u0131, kan\u0131n g\u00f6zya\u015flar\u0131yla suland\u0131\u011f\u0131&#8230; Buras\u0131 d\u00fcnyan\u0131n en b\u00fcy\u00fck a\u00e7\u0131k hava hapishanesi! Burada sevgi, umut ya da \u0131\u015f\u0131k yok. \u0130la\u00e7 ve g\u0131da yok&#8230; Masum insanlar\u0131n kendilerini koruyabilecekleri bir ordusu bile yok. Bu ya\u015fananlar bir sava\u015f de\u011fil&#8230; Bir soyk\u0131r\u0131m!\u0130srail&#8217;in yay\u0131lmac\u0131l\u0131k politikas\u0131na ve Siyonizm&#8217;e kar\u015f\u0131 duru\u015fuyla t\u00fcm d\u00fcnyada ilgi g\u00f6ren Norman G. Finkelstein &#8216;Bu Kez \u00c7ok \u0130leri Gittik&#8217; adl\u0131 bu s\u0131ra d\u0131\u015f\u0131 ve cesur kitab\u0131nda &#8216;\u0130srail&#8217;in gelece\u011fi ve ekonomik \u00e7\u0131karlar\u0131 ad\u0131na Yahudilerin II. D\u00fcnya Sava\u015f\u0131 s\u0131ras\u0131nda ya\u015fad\u0131\u011f\u0131 trajedinin ve hat\u0131ras\u0131n\u0131n birileri taraf\u0131ndan s\u00f6m\u00fcr\u00fcld\u00fc\u011f\u00fcn\u00fc&#8217;, &#8216;masum bir halk \u00fczerinde katliam\u0131n bir silah olarak kullan\u0131ld\u0131\u011f\u0131n\u0131 ve bunun da kendisini kurban olarak sunan \u0130srail Devleti&#8217;nin d\u00fcnya \u00fczerindeki en korkun\u00e7 askeri g\u00fcce sahip olabilmesi i\u00e7in tasarland\u0131\u011f\u0131n\u0131&#8217; ak\u0131c\u0131 bir dille anlat\u0131l\u0131yor.Bu kitap bir matem de\u011fil, umut da ayn\u0131 zamanda&#8230; \u00c7\u00fcnk\u00fc Gazze&#8217;de y\u0131llard\u0131r bitmek bilmeyen bu kabus, d\u00fcnyan\u0131n vicdan\u0131n\u0131 harekete ge\u00e7iriyor(mu?). E\u011fer hakikat ve adaleti nas\u0131l etkili bir \u015fekilde ku\u015fanaca\u011f\u0131m\u0131z\u0131 \u00f6\u011frenirsek g\u00fc\u00e7l\u00fc silahlara sahip oluruz.<\/p>\n","protected":false},"excerpt":{"rendered":"<p>Orada bizden bir par\u00e7a var! \u00c7ocuklar\u0131n \u00f6lmek i\u00e7in do\u011fdu\u011fu&#8230; Mavi g\u00f6ky\u00fcz\u00fcn\u00fc duman\u0131n ve ate\u015fin kaplad\u0131\u011f\u0131&#8230; \u00c7\u0131\u011fl\u0131klar\u0131n bomba ve kur\u015fun seslerine kar\u0131\u015ft\u0131\u011f\u0131&#8230; Ne evlerinde ne de sokaklar\u0131nda<span class=\"excerpt-hellip\"> [\u2026]<\/span><\/p>\n","protected":false},"featured_media":0,"template":"","meta":{"_monsterinsights_skip_tracking":false,"_monsterinsights_sitenote_active":false,"_monsterinsights_sitenote_note":"","_monsterinsights_sitenote_category":0},"product_brand":[],"product_cat":[12338,12337],"product_tag":[],"class_list":{"0":"post-737544","1":"product","2":"type-product","3":"status-publish","5":"product_cat-dunya-siyaseti-ve-politikasi","6":"product_cat-politika-siyaset","7":"pa_cilt-ciltsiz","8":"pa_tur-kitap","9":"pa_yayinevi-tuti-kitap","10":"pa_yazar-norman-g-finkelstein","12":"first","13":"instock","14":"sale","15":"shipping-taxable","16":"purchasable","17":"product-type-simple"},"_links":{"self":[{"href":"https:\/\/roveyayinevi.com.tr\/index.php\/wp-json\/wp\/v2\/product\/737544","targetHints":{"allow":["GET"]}}],"collection":[{"href":"https:\/\/roveyayinevi.com.tr\/index.php\/wp-json\/wp\/v2\/product"}],"about":[{"href":"https:\/\/roveyayinevi.com.tr\/index.php\/wp-json\/wp\/v2\/types\/product"}],"wp:attachment":[{"href":"https:\/\/roveyayinevi.com.tr\/index.php\/wp-json\/wp\/v2\/media?parent=737544"}],"wp:term":[{"taxonomy":"product_brand","embeddable":true,"href":"https:\/\/roveyayinevi.com.tr\/index.php\/wp-json\/wp\/v2\/product_brand?post=737544"},{"taxonomy":"product_cat","embeddable":true,"href":"https:\/\/roveyayinevi.com.tr\/index.php\/wp-json\/wp\/v2\/product_cat?post=737544"},{"taxonomy":"product_tag","embeddable":true,"href":"https:\/\/roveyayinevi.com.tr\/index.php\/wp-json\/wp\/v2\/product_tag?post=737544"}],"curies":[{"name":"wp","href":"https:\/\/api.w.org\/{rel}","templated":true}]}}